{"id":1938,"date":"2020-03-22T15:27:40","date_gmt":"2020-03-22T14:27:40","guid":{"rendered":"http:\/\/cajovnajasminka.sk\/?post_type=product&#038;p=1938"},"modified":"2023-02-15T11:07:56","modified_gmt":"2023-02-15T10:07:56","slug":"cisty-krk-bylinny-caj-sypany","status":"publish","type":"product","link":"http:\/\/cajovnajasminka.sk\/?product=cisty-krk-bylinny-caj-sypany","title":{"rendered":"\u010cist\u00fd krk-Bylinn\u00fd \u010daj sypan\u00fd"},"content":{"rendered":"<p>\u010cesk\u00fd kvalitn\u00fd sypan\u00fd bylinn\u00fd \u010daj zostavovan\u00fd pod\u013ea origin\u00e1lnej recept\u00fary, chr\u00e1nen\u00fd ochrannou zn\u00e1mkou, ur\u010den\u00fd na konkr\u00e9tny probl\u00e9m.<\/p>\n<p><strong>Zlo\u017eenie :\u00a0<\/strong><\/p>\n<p><strong>\u0160ipka plod<\/strong>\u00a0\u2013 podporuje\u00a0<strong>prirodzen\u00fa imunitu<\/strong>, hojenie, d\u00fdchacie cesty<br \/>\n<strong>Baza \u010dierna plod<\/strong>\u00a0\u2013 podporuje funkciu\u00a0<strong>d\u00fdchac\u00edch ciest<\/strong>, vylu\u010dovac\u00ed syst\u00e9m<br \/>\n<strong>Slez list<\/strong>\u00a0&#8211; podporuje\u00a0<strong>prirodzen\u00fd stav v\u00a0oblasti krku<\/strong>, hltanu a d\u00fdchac\u00edch ciest<br \/>\n<strong>\u0160alvia v\u0148a\u0165<\/strong>\u00a0\u2013 podporuje prirozen\u00fa imunitu,<strong>\u00a0zni\u017euje potenie<\/strong><br \/>\n<strong>Fenikel plod<\/strong>\u00a0\u2013 podporuje horn\u00e9 d\u00fdchacie cesty,<strong>\u00a0odhlie\u0148uje<\/strong>\u00a0<strong><br \/>\n<\/strong><strong>Podbe\u013e list<\/strong>\u00a0&#8211; podporuje imunitu a horn\u00e9 d\u00fdchacie cesty<br \/>\n<strong>Yzop v\u0148a\u0165<\/strong>\u00a0\u2013 podporuje horn\u00e9 d\u00fdchacie cesty<\/p>\n<p><strong>Gram\u00e1\u017e : 50 g\u00a0<\/strong><\/p>\n","protected":false},"excerpt":{"rendered":"<p>\u010cesk\u00fd kvalitn\u00fd sypan\u00fd bylinn\u00fd \u010daj zostavovan\u00fd pod\u013ea origin\u00e1lnej recept\u00fary, chr\u00e1nen\u00fd ochrannou zn\u00e1mkou, ur\u010den\u00fd na konkr\u00e9tny probl\u00e9m. Zlo\u017eenie :\u00a0 \u0160ipka plod\u00a0\u2013 podporuje\u00a0prirodzen\u00fa imunitu, hojenie, d\u00fdchacie cesty Baza \u010dierna plod\u00a0\u2013 podporuje funkciu\u00a0d\u00fdchac\u00edch ciest, vylu\u010dovac\u00ed syst\u00e9m Slez list\u00a0&#8211; podporuje\u00a0prirodzen\u00fd stav v\u00a0oblasti krku, hltanu a d\u00fdchac\u00edch ciest \u0160alvia v\u0148a\u0165\u00a0\u2013 podporuje prirozen\u00fa imunitu,\u00a0zni\u017euje potenie Fenikel plod\u00a0\u2013 podporuje horn\u00e9 d\u00fdchacie cesty,\u00a0odhlie\u0148uje\u00a0<\/p>\n","protected":false},"featured_media":1939,"comment_status":"open","ping_status":"closed","template":"","meta":[],"_links":{"self":[{"href":"http:\/\/cajovnajasminka.sk\/index.php?rest_route=\/wp\/v2\/product\/1938"}],"collection":[{"href":"http:\/\/cajovnajasminka.sk\/index.php?rest_route=\/wp\/v2\/product"}],"about":[{"href":"http:\/\/cajovnajasminka.sk\/index.php?rest_route=\/wp\/v2\/types\/product"}],"replies":[{"embeddable":true,"href":"http:\/\/cajovnajasminka.sk\/index.php?rest_route=%2Fwp%2Fv2%2Fcomments&post=1938"}],"wp:featuredmedia":[{"embeddable":true,"href":"http:\/\/cajovnajasminka.sk\/index.php?rest_route=\/wp\/v2\/media\/1939"}],"wp:attachment":[{"href":"http:\/\/cajovnajasminka.sk\/index.php?rest_route=%2Fwp%2Fv2%2Fmedia&parent=1938"}],"curies":[{"name":"wp","href":"https:\/\/api.w.org\/{rel}","templated":true}]}}