{"id":1937,"date":"2020-03-22T15:27:40","date_gmt":"2020-03-22T14:27:40","guid":{"rendered":"http:\/\/cajovnajasminka.sk\/?post_type=product&#038;p=1937"},"modified":"2023-02-15T11:06:51","modified_gmt":"2023-02-15T10:06:51","slug":"odvodnenie-bylinny-caj-sypany","status":"publish","type":"product","link":"http:\/\/cajovnajasminka.sk\/?product=odvodnenie-bylinny-caj-sypany","title":{"rendered":"Odvodnenie-Bylinn\u00fd \u010daj sypan\u00fd"},"content":{"rendered":"<p>\u010cesk\u00fd kvalitn\u00fd sypan\u00fd bylinn\u00fd \u010daj zostavovan\u00fd pod\u013ea origin\u00e1lnej recept\u00fary, chr\u00e1nen\u00fd ochrannou zn\u00e1mkou, ur\u010den\u00fd na konkr\u00e9tny probl\u00e9m.<\/p>\n<p><strong>Zlo\u017eenie :\u00a0<\/strong><\/p>\n<p><strong>\u017dih\u013eava v\u0148a\u0165<\/strong>\u2013 podporuje obli\u010dky, cievy, p\u00f4sob\u00ed\u00a0<strong>pri pocite \u0165a\u017ek\u00fdch n\u00f4h<\/strong><br \/>\n<strong>Breza list<\/strong>\u00a0&#8211; podporuje\u00a0<strong>vylu\u010dovanie a o\u010distu<br \/>\n<\/strong><strong>Vres v\u0148a\u0165<\/strong>\u00a0&#8211; podporuje\u00a0<strong>obli\u010dky<br \/>\nT\u00fa\u017eobn\u00edk\u00a0v\u0148a\u0165<\/strong>\u00a0\u2013 podporuje ko\u017eu, tkaniv\u00e1,\u00a0\u00a0<strong>vylu\u010dovanie<br \/>\n<\/strong><strong>Ihlica kore\u0148<\/strong>\u00a0\u2013 podporuje\u00a0<strong>mo\u010dov\u00e9 \u00fastrojenstvo<\/strong><br \/>\n<strong>Komonica v\u0148a\u0165<\/strong>\u00a0\u2013 podporuje\u00a0<strong>o\u010distu krvi<\/strong>, p\u00f4sob\u00ed pri pocite \u0165a\u017ek\u00fdch n\u00f4h<\/p>\n<p><strong>Gram\u00e1\u017e : 50 g\u00a0<\/strong><\/p>\n","protected":false},"excerpt":{"rendered":"<p>\u010cesk\u00fd kvalitn\u00fd sypan\u00fd bylinn\u00fd \u010daj zostavovan\u00fd pod\u013ea origin\u00e1lnej recept\u00fary, chr\u00e1nen\u00fd ochrannou zn\u00e1mkou, ur\u010den\u00fd na konkr\u00e9tny probl\u00e9m. Zlo\u017eenie :\u00a0 \u017dih\u013eava v\u0148a\u0165\u2013 podporuje obli\u010dky, cievy, p\u00f4sob\u00ed\u00a0pri pocite \u0165a\u017ek\u00fdch n\u00f4h Breza list\u00a0&#8211; podporuje\u00a0vylu\u010dovanie a o\u010distu Vres v\u0148a\u0165\u00a0&#8211; podporuje\u00a0obli\u010dky T\u00fa\u017eobn\u00edk\u00a0v\u0148a\u0165\u00a0\u2013 podporuje ko\u017eu, tkaniv\u00e1,\u00a0\u00a0vylu\u010dovanie Ihlica kore\u0148\u00a0\u2013 podporuje\u00a0mo\u010dov\u00e9 \u00fastrojenstvo Komonica v\u0148a\u0165\u00a0\u2013 podporuje\u00a0o\u010distu krvi, p\u00f4sob\u00ed pri pocite \u0165a\u017ek\u00fdch n\u00f4h Gram\u00e1\u017e : 50<\/p>\n","protected":false},"featured_media":1941,"comment_status":"open","ping_status":"closed","template":"","meta":[],"_links":{"self":[{"href":"http:\/\/cajovnajasminka.sk\/index.php?rest_route=\/wp\/v2\/product\/1937"}],"collection":[{"href":"http:\/\/cajovnajasminka.sk\/index.php?rest_route=\/wp\/v2\/product"}],"about":[{"href":"http:\/\/cajovnajasminka.sk\/index.php?rest_route=\/wp\/v2\/types\/product"}],"replies":[{"embeddable":true,"href":"http:\/\/cajovnajasminka.sk\/index.php?rest_route=%2Fwp%2Fv2%2Fcomments&post=1937"}],"wp:featuredmedia":[{"embeddable":true,"href":"http:\/\/cajovnajasminka.sk\/index.php?rest_route=\/wp\/v2\/media\/1941"}],"wp:attachment":[{"href":"http:\/\/cajovnajasminka.sk\/index.php?rest_route=%2Fwp%2Fv2%2Fmedia&parent=1937"}],"curies":[{"name":"wp","href":"https:\/\/api.w.org\/{rel}","templated":true}]}}