{"id":1935,"date":"2020-03-22T15:22:47","date_gmt":"2020-03-22T14:22:47","guid":{"rendered":"http:\/\/cajovnajasminka.sk\/?post_type=product&#038;p=1935"},"modified":"2023-02-15T11:08:15","modified_gmt":"2023-02-15T10:08:15","slug":"bole-hlav-bylinny-caj-sypany","status":"publish","type":"product","link":"http:\/\/cajovnajasminka.sk\/?product=bole-hlav-bylinny-caj-sypany","title":{"rendered":"Bole-hlav-Bylinn\u00fd \u010daj sypan\u00fd"},"content":{"rendered":"<p>\u010cesk\u00fd kvalitn\u00fd sypan\u00fd bylinn\u00fd \u010daj zostavovan\u00fd pod\u013ea origin\u00e1lnej recept\u00fary, chr\u00e1nen\u00fd ochrannou zn\u00e1mkou, ur\u010den\u00fd na konkr\u00e9tny probl\u00e9m.<\/p>\n<p><strong>Zlo\u017eenie :\u00a0<\/strong><\/p>\n<p><strong>\u0160korica k\u00f4ra<\/strong>\u00a0&#8211; napom\u00e1ha\u00a0uvo\u013eneniu neurolgick\u00fdch probl\u00e9mov v\u00a0oblasti hlavy a zubov<strong><br \/>\n<\/strong><strong>Medovka v\u0148a\u0165<\/strong>\u00a0\u2013 podporuje psychick\u00fa a fyzick\u00fa pohodu<br \/>\n<strong>\u017delezn\u00edk v\u0148a\u0165<\/strong>\u2013 podporuje\u00a0uvo\u013enenie zo stresu\u00a0a em\u00f3ci\u00ed\u00a0 \u00a0 \u00a0 \u00a0 \u00a0 \u00a0 \u00a0 \u00a0 \u00a0 \u00a0 \u00a0 \u00a0 \u00a0 \u00a0 \u00a0 \u00a0 \u00a0 \u00a0 \u00a0 \u00a0 \u00a0 \u00a0 \u00a0 \u00a0 \u00a0 \u00a0 \u00a0 \u00a0 \u00a0 \u00a0 \u00a0 \u00a0 \u00a0 \u00a0 \u00a0 \u00a0 \u00a0 \u00a0 \u00a0 \u00a0 \u00a0 \u00a0 \u00a0 \u00a0 \u00a0 \u00a0 \u00a0 \u00a0 \u00a0 \u00a0 \u00a0 \u00a0 \u00a0 \u00a0 \u00a0 \u00a0 \u00a0 \u00a0 \u00a0 \u00a0 \u00a0 \u00a0 \u00a0 \u00a0 \u00a0 \u00a0 \u00a0 \u00a0 \u00a0 \u00a0 \u00a0 \u00a0 \u00a0 \u00a0 \u00a0 \u00a0 \u00a0 \u00a0 \u00a0 \u00a0 \u00a0 <strong>M\u00e4ta v\u0148a\u0165<\/strong>\u00a0\u2013podporuje relax\u00e1ciu,\u00a0uvo\u013enenie<strong><br \/>\n<\/strong><strong>V\u0155ba k\u00f4ra<\/strong>\u00a0\u2013 celkovo podporuje telo<\/p>\n<p><strong>Gram\u00e1\u017e : 50 g\u00a0<\/strong><\/p>\n","protected":false},"excerpt":{"rendered":"<p>\u010cesk\u00fd kvalitn\u00fd sypan\u00fd bylinn\u00fd \u010daj zostavovan\u00fd pod\u013ea origin\u00e1lnej recept\u00fary, chr\u00e1nen\u00fd ochrannou zn\u00e1mkou, ur\u010den\u00fd na konkr\u00e9tny probl\u00e9m. Zlo\u017eenie :\u00a0 \u0160korica k\u00f4ra\u00a0&#8211; napom\u00e1ha\u00a0uvo\u013eneniu neurolgick\u00fdch probl\u00e9mov v\u00a0oblasti hlavy a zubov Medovka v\u0148a\u0165\u00a0\u2013 podporuje psychick\u00fa a fyzick\u00fa pohodu \u017delezn\u00edk v\u0148a\u0165\u2013 podporuje\u00a0uvo\u013enenie zo stresu\u00a0a em\u00f3ci\u00ed\u00a0 \u00a0 \u00a0 \u00a0 \u00a0 \u00a0 \u00a0 \u00a0 \u00a0 \u00a0 \u00a0 \u00a0 \u00a0 \u00a0 \u00a0 \u00a0<\/p>\n","protected":false},"featured_media":1936,"comment_status":"open","ping_status":"closed","template":"","meta":[],"_links":{"self":[{"href":"http:\/\/cajovnajasminka.sk\/index.php?rest_route=\/wp\/v2\/product\/1935"}],"collection":[{"href":"http:\/\/cajovnajasminka.sk\/index.php?rest_route=\/wp\/v2\/product"}],"about":[{"href":"http:\/\/cajovnajasminka.sk\/index.php?rest_route=\/wp\/v2\/types\/product"}],"replies":[{"embeddable":true,"href":"http:\/\/cajovnajasminka.sk\/index.php?rest_route=%2Fwp%2Fv2%2Fcomments&post=1935"}],"wp:featuredmedia":[{"embeddable":true,"href":"http:\/\/cajovnajasminka.sk\/index.php?rest_route=\/wp\/v2\/media\/1936"}],"wp:attachment":[{"href":"http:\/\/cajovnajasminka.sk\/index.php?rest_route=%2Fwp%2Fv2%2Fmedia&parent=1935"}],"curies":[{"name":"wp","href":"https:\/\/api.w.org\/{rel}","templated":true}]}}