{"id":190,"date":"2017-04-30T14:21:01","date_gmt":"2017-04-30T12:21:01","guid":{"rendered":"http:\/\/cajovnajasminka.sk\/?product=prostatin-bylinny-caj-sypany"},"modified":"2023-02-15T11:11:11","modified_gmt":"2023-02-15T10:11:11","slug":"prostatin-bylinny-caj-sypany","status":"publish","type":"product","link":"http:\/\/cajovnajasminka.sk\/?product=prostatin-bylinny-caj-sypany","title":{"rendered":"Prostatin-Bylinn\u00fd \u010daj sypan\u00fd"},"content":{"rendered":"<p>\u010cesk\u00fd kvalitn\u00fd sypan\u00fd bylinn\u00fd \u010daj zostavovan\u00fd pod\u013ea origin\u00e1lnej recept\u00fary, chr\u00e1nen\u00fd ochrannou zn\u00e1mkou, ur\u010den\u00fd na konkr\u00e9tny probl\u00e9m.<\/p>\n<p><strong>Zlo\u017eenie :\u00a0<\/strong><\/p>\n<p><strong>Breza list<\/strong> &#8211; podporuje obli\u010dky a mo\u010dov\u00e9 \u00fastrojenstvo<br \/>\n<strong>Vrbovka v\u0148a\u0165<\/strong> \u2013 podporuje <strong>mo\u010dov\u00e9 \u00fastrojenstvo a prostatu<\/strong><br \/>\n<strong>Zlatoby\u013e v\u0148a\u0165<\/strong> \u2013 podporuje mo\u010dov\u00e9 \u00fastrojenstvo a <strong>imunitu<br \/>\n<\/strong><strong>Vres v\u0148a\u0165<\/strong> \u2013 podporuje <strong>obli\u010dky<\/strong>\u00a0a mo\u010dov\u00e9 \u00fastrojenstvo<br \/>\n<strong>Kotvi\u010dn\u00edk v\u0148a\u0165<\/strong> &#8211; podporuje <strong>pohlavn\u00e9 org\u00e1ny a energiu v tele<\/strong><br \/>\n<strong>Ligur\u010dek kore\u0148<\/strong>\u00a0&#8211; podporuje obli\u010dky a <strong>vylu\u010dovanie<\/strong><\/p>\n","protected":false},"excerpt":{"rendered":"<p>\u010cesk\u00fd kvalitn\u00fd sypan\u00fd bylinn\u00fd \u010daj zostavovan\u00fd pod\u013ea origin\u00e1lnej recept\u00fary, chr\u00e1nen\u00fd ochrannou zn\u00e1mkou, ur\u010den\u00fd na konkr\u00e9tny probl\u00e9m. Zlo\u017eenie :\u00a0 Breza list &#8211; podporuje obli\u010dky a mo\u010dov\u00e9 \u00fastrojenstvo Vrbovka v\u0148a\u0165 \u2013 podporuje mo\u010dov\u00e9 \u00fastrojenstvo a prostatu Zlatoby\u013e v\u0148a\u0165 \u2013 podporuje mo\u010dov\u00e9 \u00fastrojenstvo a imunitu Vres v\u0148a\u0165 \u2013 podporuje obli\u010dky\u00a0a mo\u010dov\u00e9 \u00fastrojenstvo Kotvi\u010dn\u00edk v\u0148a\u0165 &#8211; podporuje pohlavn\u00e9 org\u00e1ny<\/p>\n","protected":false},"featured_media":1911,"comment_status":"open","ping_status":"closed","template":"","meta":[],"_links":{"self":[{"href":"http:\/\/cajovnajasminka.sk\/index.php?rest_route=\/wp\/v2\/product\/190"}],"collection":[{"href":"http:\/\/cajovnajasminka.sk\/index.php?rest_route=\/wp\/v2\/product"}],"about":[{"href":"http:\/\/cajovnajasminka.sk\/index.php?rest_route=\/wp\/v2\/types\/product"}],"replies":[{"embeddable":true,"href":"http:\/\/cajovnajasminka.sk\/index.php?rest_route=%2Fwp%2Fv2%2Fcomments&post=190"}],"wp:featuredmedia":[{"embeddable":true,"href":"http:\/\/cajovnajasminka.sk\/index.php?rest_route=\/wp\/v2\/media\/1911"}],"wp:attachment":[{"href":"http:\/\/cajovnajasminka.sk\/index.php?rest_route=%2Fwp%2Fv2%2Fmedia&parent=190"}],"curies":[{"name":"wp","href":"https:\/\/api.w.org\/{rel}","templated":true}]}}