{"id":1889,"date":"2020-03-22T14:19:45","date_gmt":"2020-03-22T13:19:45","guid":{"rendered":"http:\/\/cajovnajasminka.sk\/?post_type=product&#038;p=1889"},"modified":"2023-02-15T11:08:25","modified_gmt":"2023-02-15T10:08:25","slug":"dojcenie-bylinny-caj-sypany","status":"publish","type":"product","link":"http:\/\/cajovnajasminka.sk\/?product=dojcenie-bylinny-caj-sypany","title":{"rendered":"Doj\u010denie-Bylinn\u00fd \u010daj sypan\u00fd"},"content":{"rendered":"<p>\u010cesk\u00fd kvalitn\u00fd sypan\u00fd bylinn\u00fd \u010daj zostavovan\u00fd pod\u013ea origin\u00e1lnej recept\u00fary, chr\u00e1nen\u00fd ochrannou zn\u00e1mkou, ur\u010den\u00fd na konkr\u00e9tny probl\u00e9m.<\/p>\n<p><strong>Zlo\u017eenie :\u00a0<\/strong><\/p>\n<p><strong>Jastrabina lek\u00e1rska v\u0148a\u0165<\/strong>\u00a0\u2013 podporuje\u00a0tvorbu matersk\u00e9ho mlieka<br \/>\n<strong>An\u00edz vonn\u00fd plod<\/strong> &#8211; podporuje lakt\u00e1ciu, spr\u00e1vne funkcie \u010driev,\u00a0obli\u010diek a d\u00fdchania<br \/>\n<strong>K\u00f4por vonn\u00fd plod<\/strong> \u2013 podporuje lakt\u00e1ciu, sp\u00e1nok, tr\u00e1venie<br \/>\n<strong>Malin\u00edk oby\u010dajn\u00fd plod<\/strong>\u00a0\u2013 podporuje\u00a0regener\u00e1ciu organizmu<\/p>\n<p><strong>Gram\u00e1\u017e : 50 g\u00a0<\/strong><\/p>\n","protected":false},"excerpt":{"rendered":"<p>\u010cesk\u00fd kvalitn\u00fd sypan\u00fd bylinn\u00fd \u010daj zostavovan\u00fd pod\u013ea origin\u00e1lnej recept\u00fary, chr\u00e1nen\u00fd ochrannou zn\u00e1mkou, ur\u010den\u00fd na konkr\u00e9tny probl\u00e9m. Zlo\u017eenie :\u00a0 Jastrabina lek\u00e1rska v\u0148a\u0165\u00a0\u2013 podporuje\u00a0tvorbu matersk\u00e9ho mlieka An\u00edz vonn\u00fd plod &#8211; podporuje lakt\u00e1ciu, spr\u00e1vne funkcie \u010driev,\u00a0obli\u010diek a d\u00fdchania K\u00f4por vonn\u00fd plod \u2013 podporuje lakt\u00e1ciu, sp\u00e1nok, tr\u00e1venie Malin\u00edk oby\u010dajn\u00fd plod\u00a0\u2013 podporuje\u00a0regener\u00e1ciu organizmu Gram\u00e1\u017e : 50 g\u00a0<\/p>\n","protected":false},"featured_media":1933,"comment_status":"open","ping_status":"closed","template":"","meta":[],"_links":{"self":[{"href":"http:\/\/cajovnajasminka.sk\/index.php?rest_route=\/wp\/v2\/product\/1889"}],"collection":[{"href":"http:\/\/cajovnajasminka.sk\/index.php?rest_route=\/wp\/v2\/product"}],"about":[{"href":"http:\/\/cajovnajasminka.sk\/index.php?rest_route=\/wp\/v2\/types\/product"}],"replies":[{"embeddable":true,"href":"http:\/\/cajovnajasminka.sk\/index.php?rest_route=%2Fwp%2Fv2%2Fcomments&post=1889"}],"wp:featuredmedia":[{"embeddable":true,"href":"http:\/\/cajovnajasminka.sk\/index.php?rest_route=\/wp\/v2\/media\/1933"}],"wp:attachment":[{"href":"http:\/\/cajovnajasminka.sk\/index.php?rest_route=%2Fwp%2Fv2%2Fmedia&parent=1889"}],"curies":[{"name":"wp","href":"https:\/\/api.w.org\/{rel}","templated":true}]}}