{"id":1888,"date":"2020-03-22T14:19:41","date_gmt":"2020-03-22T13:19:41","guid":{"rendered":"http:\/\/cajovnajasminka.sk\/?post_type=product&#038;p=1888"},"modified":"2023-02-15T11:08:35","modified_gmt":"2023-02-15T10:08:35","slug":"celove-dutiny-bylinny-caj-sypany","status":"publish","type":"product","link":"http:\/\/cajovnajasminka.sk\/?product=celove-dutiny-bylinny-caj-sypany","title":{"rendered":"\u010celov\u00e9 dutiny &#8211; Bylinn\u00fd \u010daj sypan\u00fd"},"content":{"rendered":"<p>\u010cesk\u00fd kvalitn\u00fd sypan\u00fd bylinn\u00fd \u010daj zostavovan\u00fd pod\u013ea origin\u00e1lnej recept\u00fary, chr\u00e1nen\u00fd ochrannou zn\u00e1mkou, ur\u010den\u00fd na konkr\u00e9tny probl\u00e9m.<\/p>\n<p><strong>Zlo\u017eenie :\u00a0<\/strong><\/p>\n<p><strong>N\u00e1tr\u017en\u00edk<\/strong>\u00a0vzpriamen\u00fd \u2013 podporuje spr\u00e1vnu\u00a0\u010drevn\u00fa mikrofl\u00f3ru a tr\u00e1venie<br \/>\n<strong>\u017dih\u013eava-<\/strong>\u00a0podporuje hojenie, obli\u010dky a vitalitu<br \/>\n<strong>\u0160alvia<\/strong>\u2013 podporuje prirodzen\u00e9 d\u00fdchanie a imunitu<br \/>\n<strong>Materina d\u00fa\u0161ka<\/strong>\u00a0\u2013 podporuje d\u00fdchanie a imunitu<br \/>\n<strong>Podbe\u013e list\u2013<\/strong>\u00a0podporuje horn\u00e9 cesty d\u00fdchacie<br \/>\n<strong>Divozel<\/strong>\u00a0&#8211; podporuje dobr\u00fd stav slizn\u00edc, d\u00fdchanie a imunitu<\/p>\n<p>&nbsp;<\/p>\n<p><strong>Gram\u00e1\u017e : 50 g\u00a0<\/strong><\/p>\n","protected":false},"excerpt":{"rendered":"<p>\u010cesk\u00fd kvalitn\u00fd sypan\u00fd bylinn\u00fd \u010daj zostavovan\u00fd pod\u013ea origin\u00e1lnej recept\u00fary, chr\u00e1nen\u00fd ochrannou zn\u00e1mkou, ur\u010den\u00fd na konkr\u00e9tny probl\u00e9m. Zlo\u017eenie :\u00a0 N\u00e1tr\u017en\u00edk\u00a0vzpriamen\u00fd \u2013 podporuje spr\u00e1vnu\u00a0\u010drevn\u00fa mikrofl\u00f3ru a tr\u00e1venie \u017dih\u013eava-\u00a0podporuje hojenie, obli\u010dky a vitalitu \u0160alvia\u2013 podporuje prirodzen\u00e9 d\u00fdchanie a imunitu Materina d\u00fa\u0161ka\u00a0\u2013 podporuje d\u00fdchanie a imunitu Podbe\u013e list\u2013\u00a0podporuje horn\u00e9 cesty d\u00fdchacie Divozel\u00a0&#8211; podporuje dobr\u00fd stav slizn\u00edc, d\u00fdchanie a imunitu<\/p>\n","protected":false},"featured_media":1894,"comment_status":"open","ping_status":"closed","template":"","meta":[],"_links":{"self":[{"href":"http:\/\/cajovnajasminka.sk\/index.php?rest_route=\/wp\/v2\/product\/1888"}],"collection":[{"href":"http:\/\/cajovnajasminka.sk\/index.php?rest_route=\/wp\/v2\/product"}],"about":[{"href":"http:\/\/cajovnajasminka.sk\/index.php?rest_route=\/wp\/v2\/types\/product"}],"replies":[{"embeddable":true,"href":"http:\/\/cajovnajasminka.sk\/index.php?rest_route=%2Fwp%2Fv2%2Fcomments&post=1888"}],"wp:featuredmedia":[{"embeddable":true,"href":"http:\/\/cajovnajasminka.sk\/index.php?rest_route=\/wp\/v2\/media\/1894"}],"wp:attachment":[{"href":"http:\/\/cajovnajasminka.sk\/index.php?rest_route=%2Fwp%2Fv2%2Fmedia&parent=1888"}],"curies":[{"name":"wp","href":"https:\/\/api.w.org\/{rel}","templated":true}]}}