{"id":1866,"date":"2020-03-20T14:50:13","date_gmt":"2020-03-20T13:50:13","guid":{"rendered":"http:\/\/cajovnajasminka.sk\/?post_type=product&#038;p=1866"},"modified":"2023-03-16T07:46:46","modified_gmt":"2023-03-16T06:46:46","slug":"karneol-klucenka","status":"publish","type":"product","link":"http:\/\/cajovnajasminka.sk\/?product=karneol-klucenka","title":{"rendered":"Karneol &#8211; k\u013e\u00fa\u010denka"},"content":{"rendered":"<p><strong>Kame\u0148 tvorivosti a vitality<\/strong><\/p>\n<ul>\n<li>U\u010d\u00ed n\u00e1s zamera\u0165 pozornos\u0165 na s\u00fa\u010dasnos\u0165, pre\u017e\u00edva\u0165 naplno dne\u0161n\u00fd de\u0148 &#8211; &#8222;tu a teraz&#8220; a s rados\u0165ou plni\u0165 na\u0161e \u00falohy a povinnosti<\/li>\n<li>Dod\u00e1va vitalitu a schopnos\u0165 s\u00fastredi\u0165 sa<\/li>\n<li>Jeho uzem\u0148uj\u00faca sila m\u00e1 obzvl\u00e1\u0161\u0165 v\u00fdznam pre t\u00fdch, ktor\u00ed maj\u00fa nest\u00e1leho ducha, s\u00fa roztr\u017eit\u00ed alebo zm\u00e4ten\u00ed a \u0165a\u017eko h\u013eadaj\u00fa v \u017eivote smer<\/li>\n<li>Preb\u00fadza na\u0161e tvoriv\u00e9 schopnosti<\/li>\n<li>M\u00f4\u017eeme ho pou\u017e\u00edva\u0165 na vyb\u00edjanie in\u00fdch kame\u0148ov, preto\u017ee z nich vy\u0165ahuje negativitu<\/li>\n<\/ul>\n<p><strong><u>Lie\u010debn\u00e9 vyu\u017eitie:<\/u><\/strong><\/p>\n<ul>\n<li>Karneol pou\u017e\u00edvame ku \u010disteniu krvi, zvykne sa pou\u017e\u00edva\u0165 i pri otrave krvi<\/li>\n<li>Daj\u00fa sa n\u00edm lie\u010di\u0165 poruchy krvn\u00e9ho obehu, k\u0155\u010dov\u00e9 \u017eily a v\u0161eobecn\u00e9 poruchy prekrvenia. Vhodn\u00fd je i pre zlep\u0161enie funkci\u00ed za\u017e\u00edvac\u00edch org\u00e1nov, podporuje optim\u00e1lne tr\u00e1venie a spracov\u00e1vanie stravy<\/li>\n<\/ul>\n<p><strong><u>Astrologick\u00e9 priradenie:<\/u><\/strong> B\u00fdk, Rak a Kozoro\u017eec<\/p>\n<p><strong><u>\u010cistenie:<\/u><\/strong> 1-2x do mesiaca umyjeme pod te\u010d\u00facou teplou vodou a nabijeme na slnku, alebo na horskom kri\u0161t\u00e1li, pr\u00edpadne ametyste (posta\u010d\u00ed aj dr\u0165). Ak ho budete nab\u00edja\u0165 na slnku, pozor, m\u00f4\u017ee zmeni\u0165 farbu<\/p>\n<p><strong>Upozornenie:<\/strong>\u00a0Sfarbenie a \u0161trukt\u00fara kame\u0148ov sa\u00a0m\u00f4\u017ee v skuto\u010dnosti od uveden\u00fdch fotografi\u00ed\u00a0produktu mierne odli\u0161ova\u0165<\/p>\n","protected":false},"excerpt":{"rendered":"<p><strong>Tromlovan\u00fd a le\u0161ten\u00fd kame\u0148 ve\u013e. 2-3 cm je uchyten\u00fd v k\u013e\u00fa\u010denkovej mechanike d\u013a\u017eky 6cm, striebren\u00fd tombak<\/strong><\/p>\n","protected":false},"featured_media":1867,"comment_status":"closed","ping_status":"closed","template":"","meta":[],"_links":{"self":[{"href":"http:\/\/cajovnajasminka.sk\/index.php?rest_route=\/wp\/v2\/product\/1866"}],"collection":[{"href":"http:\/\/cajovnajasminka.sk\/index.php?rest_route=\/wp\/v2\/product"}],"about":[{"href":"http:\/\/cajovnajasminka.sk\/index.php?rest_route=\/wp\/v2\/types\/product"}],"replies":[{"embeddable":true,"href":"http:\/\/cajovnajasminka.sk\/index.php?rest_route=%2Fwp%2Fv2%2Fcomments&post=1866"}],"wp:featuredmedia":[{"embeddable":true,"href":"http:\/\/cajovnajasminka.sk\/index.php?rest_route=\/wp\/v2\/media\/1867"}],"wp:attachment":[{"href":"http:\/\/cajovnajasminka.sk\/index.php?rest_route=%2Fwp%2Fv2%2Fmedia&parent=1866"}],"curies":[{"name":"wp","href":"https:\/\/api.w.org\/{rel}","templated":true}]}}