{"id":1862,"date":"2020-03-20T14:42:29","date_gmt":"2020-03-20T13:42:29","guid":{"rendered":"http:\/\/cajovnajasminka.sk\/?post_type=product&#038;p=1862"},"modified":"2023-03-16T07:47:23","modified_gmt":"2023-03-16T06:47:23","slug":"ametyst-klucenka","status":"publish","type":"product","link":"http:\/\/cajovnajasminka.sk\/?product=ametyst-klucenka","title":{"rendered":"Ametyst &#8211; k\u013e\u00fa\u010denka"},"content":{"rendered":"<p><strong>Kame\u0148 mieru a sily\u00a0<\/strong><\/p>\n<ul>\n<li>Naj\u010dastej\u0161ie sa pou\u017e\u00edva ako ochrana pred alkoholom alebo in\u00fdmi drogami<\/li>\n<li>Emocion\u00e1lne pom\u00e1ha pri spracov\u00e1van\u00ed sm\u00fatku a \u017eia\u013eu pri strat\u00e1ch<\/li>\n<li>Ak si ho polo\u017e\u00edme pri span\u00ed pod vank\u00fa\u0161, pom\u00f4\u017ee n\u00e1m spracova\u0165 v\u0161etky nestr\u00e1ven\u00e9 vnemy. Po p\u00e1r d\u0148och sp\u00e1vania s ametystom pod vank\u00fa\u0161om sa n\u00e1m sp\u00e1nok preh\u013abi a budeme sa zob\u00fadza\u0165 odpo\u010dinutej\u0161\u00ed<\/li>\n<li>Pom\u00e1ha k \u00faspechu v biznise<\/li>\n<li>Ametyst je mocn\u00fd spiritu\u00e1lny kame\u0148 a v m\u00e1gii n\u00e1s chr\u00e1ni pred pobosorovan\u00edm, urieknut\u00edm a psychick\u00fdm \u00fatokom a premie\u0148a ich negat\u00edvnu energiu na pozit\u00edvnu<\/li>\n<li>Ke\u010f ho umiestnime ved\u013ea osoby so zl\u00fdmi \u00famyslami, vybledne<\/li>\n<\/ul>\n<p><strong><u>Lie\u010debn\u00e9 \u00fa\u010dinky ametystu:<\/u><\/strong><\/p>\n<ul>\n<li>Detoxikuje organizmus<\/li>\n<li>P\u00f4sob\u00ed uk\u013eud\u0148uj\u00faco a uvo\u013e\u0148uj\u00faco a ak si ho d\u00e1me na no\u010dn\u00fd stol\u00edk, zbav\u00ed n\u00e1s nespavosti a postar\u00e1 sa o pr\u00edjemn\u00e9 sny<\/li>\n<li>Pou\u017e\u00edva sa na zmier\u0148ovanie bolesti<\/li>\n<li>Takisto pom\u00e1ha pri probl\u00e9moch, ktor\u00e9 s\u00favisia s d\u00fdchac\u00edmi \u0165a\u017ekos\u0165ami a p\u013e\u00facami a pri tr\u00e1viacich probl\u00e9moch (poklad\u00e1 sa na \u017eal\u00fadok alebo na \u010drevo)<\/li>\n<li>Pom\u00e1ha pri neurotick\u00fdch prejavoch (hyst\u00e9ria, f\u00f3bia, z\u00farivos\u0165) a epilepsii<\/li>\n<li>Tepl\u00e9 k\u00fapele s ametystom podporuj\u00fa lep\u0161ie d\u00fdchanie ko\u017ee a reguluj\u00fa cez potn\u00e9 \u017e\u013eazy detoxik\u00e1ciu organizmu Ko\u017ea pri ametyste lep\u0161ie zadr\u017eiava vodu<\/li>\n<li>Pri ko\u017en\u00fdch ekz\u00e9moch sa postihnut\u00e9 miesta mas\u00edruj\u00fa ametystovou mas\u00e1\u017enou ty\u010dinkou a potieraj\u00fa sa v\u00fdvarom z harman\u010deka a ametystu<\/li>\n<li>To pom\u00e1ha aj pri \u00fapale, pop\u00e1lenej ko\u017ei, herpese\u00a0a akn\u00e9<\/li>\n<li>V lie\u010dite\u013estve predstavuje zosobnenie lie\u010div\u00e9ho fialov\u00e9ho l\u00fa\u010da<\/li>\n<\/ul>\n<p><strong><u>Astrologick\u00e9 priradenie:<\/u> <\/strong>Vodn\u00e1r, Ryby a Baran<\/p>\n<p><strong><u>\u010cistenie:<\/u><\/strong> Ametyst \u010dist\u00edme raz a\u017e dva razy do mesiaca pod te\u010d\u00facou vodou a nab\u00edjame ho na mesa\u010dnom svite alebo na kry\u0161t\u00e1lovom zhluku, preto\u017ee na priamom slnku m\u00f4\u017ee vybledn\u00fa\u0165<\/p>\n<p><strong>Upozornenie:<\/strong>\u00a0Sfarbenie a \u0161trukt\u00fara kame\u0148ov sa\u00a0m\u00f4\u017ee v skuto\u010dnosti od uveden\u00fdch fotografi\u00ed\u00a0produktu mierne odli\u0161ova\u0165<\/p>\n","protected":false},"excerpt":{"rendered":"<p><strong>Tromlovan\u00fd a le\u0161ten\u00fd kame\u0148 ve\u013e. 2-3 cm je uchyten\u00fd v k\u013e\u00fa\u010denkovej mechanike d\u013a\u017eky 6cm, striebren\u00fd tombak<\/strong><\/p>\n","protected":false},"featured_media":1863,"comment_status":"closed","ping_status":"closed","template":"","meta":[],"_links":{"self":[{"href":"http:\/\/cajovnajasminka.sk\/index.php?rest_route=\/wp\/v2\/product\/1862"}],"collection":[{"href":"http:\/\/cajovnajasminka.sk\/index.php?rest_route=\/wp\/v2\/product"}],"about":[{"href":"http:\/\/cajovnajasminka.sk\/index.php?rest_route=\/wp\/v2\/types\/product"}],"replies":[{"embeddable":true,"href":"http:\/\/cajovnajasminka.sk\/index.php?rest_route=%2Fwp%2Fv2%2Fcomments&post=1862"}],"wp:featuredmedia":[{"embeddable":true,"href":"http:\/\/cajovnajasminka.sk\/index.php?rest_route=\/wp\/v2\/media\/1863"}],"wp:attachment":[{"href":"http:\/\/cajovnajasminka.sk\/index.php?rest_route=%2Fwp%2Fv2%2Fmedia&parent=1862"}],"curies":[{"name":"wp","href":"https:\/\/api.w.org\/{rel}","templated":true}]}}