{"id":1830,"date":"2020-03-14T22:29:16","date_gmt":"2020-03-14T21:29:16","guid":{"rendered":"http:\/\/cajovnajasminka.sk\/?post_type=product&#038;p=1830"},"modified":"2020-03-14T22:45:47","modified_gmt":"2020-03-14T21:45:47","slug":"lady-nada-majstrovska-cestovna-sviecka-kopia","status":"publish","type":"product","link":"http:\/\/cajovnajasminka.sk\/?product=lady-nada-majstrovska-cestovna-sviecka-kopia","title":{"rendered":"\u010cakrov\u00e1 svie\u010dka valec so \u0161pi\u010dkou"},"content":{"rendered":"<p><strong>\u00a0Sedem farieb \u010dakrovej svie\u010dky n\u00e1m reprezentuje cel\u00fd energetick\u00fd syst\u00e9m na\u0161eho tela. Poradie jednotliv\u00fdch farieb v svie\u010dke je v takom porad\u00ed, ako aj poradie jednotliv\u00fdch \u010dakier v na\u0161om tele. V podstate je na zv\u00e1\u017een\u00ed ka\u017ed\u00e9ho z n\u00e1s, ktorou farbou svie\u010dky, a teda aj ktorou \u010dakrou na\u0161eho tela za\u010d\u00edname pri pou\u017eit\u00ed \u010dakrovky na &#8222;zharmonizovanie&#8220; na\u0161ich \u010dakier &#8211; naozaj plat\u00ed, \u017ee &#8222;ka\u017ed\u00e1 \u010dakrovka si n\u00e1jde svojho majte\u013ea, resp. ka\u017ed\u00fd majite\u013e si n\u00e1jde svoju \u010dakrovku&#8220;.<\/strong><\/p>\n<p><strong>Gergi\u0161<\/strong>\u00a0je slovensk\u00e1 zna\u010dka zameran\u00e1 na ru\u010dn\u00fa v\u00fdrobu svie\u010dok, ktor\u00e1 kladie vysok\u00fd d\u00f4raz na kvalitu \u00a0remeseln\u00e9ho\u00a0 spracovania, pou\u017eit\u00fdch materi\u00e1lov, postupov pri zhotoven\u00ed a\u00a0\u0161etrnos\u0165 k\u00a0\u017eivotn\u00e9mu prostrediu.\u00a0 Ka\u017ed\u00e1\u00a0z t\u00fdchto svie\u010dok\u00a0je od naviazania kn\u00f4tu, cez odlievanie, zdobenie, balenie a\u00a0priviazanie \u0161t\u00edtka vyr\u00e1ban\u00e1 ru\u010dne. L\u00e1ska a\u00a0energia, s\u00a0ktorou s\u00fa tieto svie\u010dky vyr\u00e1ban\u00e9, im\u00a0 dod\u00e1va \u00a0ich jedine\u010dn\u00e9 \u010daro a\u00a0k\u00fazlo. To rob\u00ed z\u00a0ka\u017edej svie\u010dky unik\u00e1t. Elegancia, v\u00fdnimo\u010dnos\u0165, luxus, ale i relax, bezprostrednos\u0165 a hravos\u0165 &#8211; tieto slov\u00e1 najviac vystihuj\u00fa tieto diela.\u00a0 Pr\u00edjemn\u00e9 vonn\u00e9 t\u00f3ny\u00a0 a\u00a0plamienok\u00a0 svie\u010dok \u00a0vlej\u00fa rados\u0165 a\u00a0teplo do ka\u017ed\u00e9ho srdie\u010dka.<\/p>\n","protected":false},"excerpt":{"rendered":"<p><strong>\u010cakrov\u00e1 svie\u010dka valec so \u0161pi\u010dkou : ru\u010dne vyroben\u00e1 svie\u010dka 60&#215;200 mm<\/strong><\/p>\n","protected":false},"featured_media":1832,"comment_status":"closed","ping_status":"closed","template":"","meta":[],"_links":{"self":[{"href":"http:\/\/cajovnajasminka.sk\/index.php?rest_route=\/wp\/v2\/product\/1830"}],"collection":[{"href":"http:\/\/cajovnajasminka.sk\/index.php?rest_route=\/wp\/v2\/product"}],"about":[{"href":"http:\/\/cajovnajasminka.sk\/index.php?rest_route=\/wp\/v2\/types\/product"}],"replies":[{"embeddable":true,"href":"http:\/\/cajovnajasminka.sk\/index.php?rest_route=%2Fwp%2Fv2%2Fcomments&post=1830"}],"wp:featuredmedia":[{"embeddable":true,"href":"http:\/\/cajovnajasminka.sk\/index.php?rest_route=\/wp\/v2\/media\/1832"}],"wp:attachment":[{"href":"http:\/\/cajovnajasminka.sk\/index.php?rest_route=%2Fwp%2Fv2%2Fmedia&parent=1830"}],"curies":[{"name":"wp","href":"https:\/\/api.w.org\/{rel}","templated":true}]}}