{"id":182,"date":"2017-04-30T13:53:30","date_gmt":"2017-04-30T11:53:30","guid":{"rendered":"http:\/\/cajovnajasminka.sk\/?product=ostry-zrak-bylinny-caj-sypany"},"modified":"2023-02-15T11:11:44","modified_gmt":"2023-02-15T10:11:44","slug":"ostry-zrak-bylinny-caj-sypany","status":"publish","type":"product","link":"http:\/\/cajovnajasminka.sk\/?product=ostry-zrak-bylinny-caj-sypany","title":{"rendered":"Ostr\u00fd zrak-Bylinn\u00fd \u010daj sypan\u00fd"},"content":{"rendered":"<p>\u010cesk\u00fd kvalitn\u00fd sypan\u00fd bylinn\u00fd \u010daj zostavovan\u00fd pod\u013ea origin\u00e1lnej recept\u00fary, chr\u00e1nen\u00fd ochrannou zn\u00e1mkou, ur\u010den\u00fd na konkr\u00e9tny probl\u00e9m.<\/p>\n<p><strong>Zlo\u017eenie :\u00a0<\/strong><\/p>\n<p><strong>Necht\u00edk\u00a0kvet<\/strong> &#8211; podporuje <strong>pe\u010de\u0148<\/strong>, \u017el\u010dn\u00edk, cievy<br \/>\n<strong>Svetl\u00edk v\u0148a\u0165<\/strong> \u2013<strong>podporuje funkciu o\u010d\u00ed<\/strong> a cel\u00e9ho tela<br \/>\n<strong>Rebr\u00ed\u010dek v\u0148a\u0165<\/strong> \u2013 podporuje tr\u00e1viace \u00fastrojenstvo<br \/>\n<strong>Klanopra\u0161ka plod<\/strong> \u2013pr\u00edrodn\u00fd\u00a0<strong>antioxidant a adaptag\u00e9n<\/strong><br \/>\n<strong>Prasli\u010dka v\u0148a\u0165<\/strong> \u2013 podporuje zdrav\u00e9 tkaniv\u00e1 a <strong>elasticitu ciev<br \/>\n<\/strong><strong>Slamiha kvet<\/strong> &#8211; podporuje o\u010distu pe\u010dene a imunitu<br \/>\n<strong>Sir\u00f4tka v\u0148a\u0165<\/strong> \u2013 podporuje o\u010distu krve<\/p>\n","protected":false},"excerpt":{"rendered":"<p>\u010cesk\u00fd kvalitn\u00fd sypan\u00fd bylinn\u00fd \u010daj zostavovan\u00fd pod\u013ea origin\u00e1lnej recept\u00fary, chr\u00e1nen\u00fd ochrannou zn\u00e1mkou, ur\u010den\u00fd na konkr\u00e9tny probl\u00e9m. Zlo\u017eenie :\u00a0 Necht\u00edk\u00a0kvet &#8211; podporuje pe\u010de\u0148, \u017el\u010dn\u00edk, cievy Svetl\u00edk v\u0148a\u0165 \u2013podporuje funkciu o\u010d\u00ed a cel\u00e9ho tela Rebr\u00ed\u010dek v\u0148a\u0165 \u2013 podporuje tr\u00e1viace \u00fastrojenstvo Klanopra\u0161ka plod \u2013pr\u00edrodn\u00fd\u00a0antioxidant a adaptag\u00e9n Prasli\u010dka v\u0148a\u0165 \u2013 podporuje zdrav\u00e9 tkaniv\u00e1 a elasticitu ciev Slamiha kvet &#8211;<\/p>\n","protected":false},"featured_media":1917,"comment_status":"open","ping_status":"closed","template":"","meta":[],"_links":{"self":[{"href":"http:\/\/cajovnajasminka.sk\/index.php?rest_route=\/wp\/v2\/product\/182"}],"collection":[{"href":"http:\/\/cajovnajasminka.sk\/index.php?rest_route=\/wp\/v2\/product"}],"about":[{"href":"http:\/\/cajovnajasminka.sk\/index.php?rest_route=\/wp\/v2\/types\/product"}],"replies":[{"embeddable":true,"href":"http:\/\/cajovnajasminka.sk\/index.php?rest_route=%2Fwp%2Fv2%2Fcomments&post=182"}],"wp:featuredmedia":[{"embeddable":true,"href":"http:\/\/cajovnajasminka.sk\/index.php?rest_route=\/wp\/v2\/media\/1917"}],"wp:attachment":[{"href":"http:\/\/cajovnajasminka.sk\/index.php?rest_route=%2Fwp%2Fv2%2Fmedia&parent=182"}],"curies":[{"name":"wp","href":"https:\/\/api.w.org\/{rel}","templated":true}]}}