{"id":174,"date":"2017-04-30T13:11:28","date_gmt":"2017-04-30T11:11:28","guid":{"rendered":"http:\/\/cajovnajasminka.sk\/?product=oblicky-muzi-bylinny-caj-sypany-kopia"},"modified":"2023-02-15T11:12:24","modified_gmt":"2023-02-15T10:12:24","slug":"oblicky-muzi-bylinny-caj-sypany-kopia","status":"publish","type":"product","link":"http:\/\/cajovnajasminka.sk\/?product=oblicky-muzi-bylinny-caj-sypany-kopia","title":{"rendered":"Obli\u010dky \u017eeny-Bylinn\u00fd \u010daj sypan\u00fd"},"content":{"rendered":"<p>\u010cesk\u00fd kvalitn\u00fd sypan\u00fd bylinn\u00fd \u010daj zostavovan\u00fd pod\u013ea origin\u00e1lnej recept\u00fary, chr\u00e1nen\u00fd ochrannou zn\u00e1mkou, ur\u010den\u00fd na konkr\u00e9tny probl\u00e9m.<\/p>\n<p><strong>Zlo\u017eenie :\u00a0<\/strong><\/p>\n<p><strong>Zlatoby\u013e v\u0148a\u0165<\/strong> &#8211; podporuje funkciu\u00a0<strong>mo\u010dov\u00e9ho mech\u00fara a mo\u010dov\u00fdch ciest<\/strong><br \/>\n<strong>Breza list<\/strong> &#8211; podporuje vylu\u010dovanie, k\u013aby, <strong>funkciu obli\u010diek\u00a0<\/strong><br \/>\n<strong>\u017dih\u013eava v\u0148a\u0165<\/strong>&#8211; podporuje <strong>o\u010distu a funkciu obli\u010diek<\/strong>\u00a0a mo\u010dov\u00e9ho \u00fastrojenstva, k\u013aby<br \/>\n<strong>Skorocel list<\/strong> &#8211; podporuje <strong>prirodzen\u00fa mikrobi\u00e1lnu mikrofl\u00f3ru<\/strong><br \/>\n<strong>Truskavec v\u0148a\u0165<\/strong> &#8211; podporuje\u00a0chudnutie<br \/>\n<strong>Prasli\u010dka v\u0148a\u0165<\/strong>\u2013 podporuje<strong> stav tkan\u00edv, kost\u00ed, chrupaviek<\/strong>, obli\u010diek<br \/>\n<strong>Sv\u00edzel v\u0148a\u0165<\/strong> &#8211; podporuje obli\u010dky, mo\u010dov\u00e9 \u00fastrojenstvo, <strong>lymfatick\u00fd syst\u00e9m<\/strong><\/p>\n","protected":false},"excerpt":{"rendered":"<p>\u010cesk\u00fd kvalitn\u00fd sypan\u00fd bylinn\u00fd \u010daj zostavovan\u00fd pod\u013ea origin\u00e1lnej recept\u00fary, chr\u00e1nen\u00fd ochrannou zn\u00e1mkou, ur\u010den\u00fd na konkr\u00e9tny probl\u00e9m. Zlo\u017eenie :\u00a0 Zlatoby\u013e v\u0148a\u0165 &#8211; podporuje funkciu\u00a0mo\u010dov\u00e9ho mech\u00fara a mo\u010dov\u00fdch ciest Breza list &#8211; podporuje vylu\u010dovanie, k\u013aby, funkciu obli\u010diek\u00a0 \u017dih\u013eava v\u0148a\u0165&#8211; podporuje o\u010distu a funkciu obli\u010diek\u00a0a mo\u010dov\u00e9ho \u00fastrojenstva, k\u013aby Skorocel list &#8211; podporuje prirodzen\u00fa mikrobi\u00e1lnu mikrofl\u00f3ru Truskavec v\u0148a\u0165 &#8211;<\/p>\n","protected":false},"featured_media":1919,"comment_status":"open","ping_status":"closed","template":"","meta":[],"_links":{"self":[{"href":"http:\/\/cajovnajasminka.sk\/index.php?rest_route=\/wp\/v2\/product\/174"}],"collection":[{"href":"http:\/\/cajovnajasminka.sk\/index.php?rest_route=\/wp\/v2\/product"}],"about":[{"href":"http:\/\/cajovnajasminka.sk\/index.php?rest_route=\/wp\/v2\/types\/product"}],"replies":[{"embeddable":true,"href":"http:\/\/cajovnajasminka.sk\/index.php?rest_route=%2Fwp%2Fv2%2Fcomments&post=174"}],"wp:featuredmedia":[{"embeddable":true,"href":"http:\/\/cajovnajasminka.sk\/index.php?rest_route=\/wp\/v2\/media\/1919"}],"wp:attachment":[{"href":"http:\/\/cajovnajasminka.sk\/index.php?rest_route=%2Fwp%2Fv2%2Fmedia&parent=174"}],"curies":[{"name":"wp","href":"https:\/\/api.w.org\/{rel}","templated":true}]}}