{"id":1713,"date":"2020-02-19T14:38:43","date_gmt":"2020-02-19T13:38:43","guid":{"rendered":"http:\/\/cajovnajasminka.sk\/?post_type=product&#038;p=1713"},"modified":"2024-02-16T09:21:13","modified_gmt":"2024-02-16T08:21:13","slug":"gyros","status":"publish","type":"product","link":"http:\/\/cajovnajasminka.sk\/?product=gyros","title":{"rendered":"Gyros"},"content":{"rendered":"<p><strong>Korenie v bio kvalite, ktor\u00e9 maj\u00fa zaru\u010den\u00fd p\u00f4vod a kvalitu. Hlavne s\u00fa balen\u00e9 bez glutamanu, soli a in\u00fdch pr\u00edsad.\u00a0pri ich spracovan\u00ed sa vyu\u017e\u00edvaj\u00fa prvotriedne biosuroviny pestovan\u00e9 v ekologicky \u010dist\u00fdch oblastiach. Nepou\u017e\u00edvame konzerva\u010dn\u00e9 l\u00e1tky, dochucovadla a in\u00e9 chemick\u00e9 pr\u00edsady.<\/strong><\/p>\n<p><strong><u>Zlo\u017eenie:<\/u><\/strong><u> korenie \u010dierne mlet\u00e9, cesnak mlet\u00fd, chilli mlet\u00e9, cibu\u013ea granulovan\u00e1, kurkuma mlet\u00e1, major\u00e1nka, oregano, paprika mlet\u00e1 sladk\u00e1, rozmar\u00edn<strong>,\u00a0<\/strong>hor\u010di\u010dn\u00e9 semienko mlet\u00e9<strong>,<\/strong> z\u00e1zvor mlet\u00fd, bazalka, mu\u0161k\u00e1tov\u00fd orech mlet\u00fd\u00a0<\/u><\/p>\n<p>Zmes korenia vhodn\u00e1 na m\u00e4so<\/p>\n","protected":false},"excerpt":{"rendered":"<p><strong><u>Hmotnos\u0165:<\/u>\u00a039g.\u00a0Koreniny bez soli, 100% pr\u00edrodn\u00e9.<\/strong><\/p>\n","protected":false},"featured_media":1716,"comment_status":"closed","ping_status":"closed","template":"","meta":[],"_links":{"self":[{"href":"http:\/\/cajovnajasminka.sk\/index.php?rest_route=\/wp\/v2\/product\/1713"}],"collection":[{"href":"http:\/\/cajovnajasminka.sk\/index.php?rest_route=\/wp\/v2\/product"}],"about":[{"href":"http:\/\/cajovnajasminka.sk\/index.php?rest_route=\/wp\/v2\/types\/product"}],"replies":[{"embeddable":true,"href":"http:\/\/cajovnajasminka.sk\/index.php?rest_route=%2Fwp%2Fv2%2Fcomments&post=1713"}],"wp:featuredmedia":[{"embeddable":true,"href":"http:\/\/cajovnajasminka.sk\/index.php?rest_route=\/wp\/v2\/media\/1716"}],"wp:attachment":[{"href":"http:\/\/cajovnajasminka.sk\/index.php?rest_route=%2Fwp%2Fv2%2Fmedia&parent=1713"}],"curies":[{"name":"wp","href":"https:\/\/api.w.org\/{rel}","templated":true}]}}