{"id":1708,"date":"2020-02-19T14:20:56","date_gmt":"2020-02-19T13:20:56","guid":{"rendered":"http:\/\/cajovnajasminka.sk\/?post_type=product&#038;p=1708"},"modified":"2024-02-16T09:21:27","modified_gmt":"2024-02-16T08:21:27","slug":"hovadzie-maso","status":"publish","type":"product","link":"http:\/\/cajovnajasminka.sk\/?product=hovadzie-maso","title":{"rendered":"Hov\u00e4dzie m\u00e4so"},"content":{"rendered":"<p><strong>Korenie v bio kvalite, ktor\u00e9 maj\u00fa zaru\u010den\u00fd p\u00f4vod a kvalitu. Hlavne s\u00fa balen\u00e9 bez glutamanu, soli a in\u00fdch pr\u00edsad.\u00a0pri ich spracovan\u00ed sa vyu\u017e\u00edvaj\u00fa prvotriedne biosuroviny pestovan\u00e9 v ekologicky \u010dist\u00fdch oblastiach. Nepou\u017e\u00edvame konzerva\u010dn\u00e9 l\u00e1tky, dochucovadla a in\u00e9 chemick\u00e9 pr\u00edsady.<\/strong><\/p>\n<p><strong><u>Zlo\u017eenie:\u00a0<\/u><\/strong><u>petr\u017elen, z\u00e1zvor mlet\u00fd, badi\u00e1n mlet\u00fd, tymian, rozmar\u00edn, \u0161alvia mlet\u00e1, bobkov\u00fd list mlet\u00fd<\/u><\/p>\n<p>Zmes korenia vhodn\u00e1 na m\u00e4so<\/p>\n<p>&nbsp;<\/p>\n","protected":false},"excerpt":{"rendered":"<p><strong><u>Hmotnos\u0165:<\/u>\u00a026g. Koreniny bez soli, 100% pr\u00edrodn\u00e9.<\/strong><\/p>\n","protected":false},"featured_media":1718,"comment_status":"closed","ping_status":"closed","template":"","meta":[],"_links":{"self":[{"href":"http:\/\/cajovnajasminka.sk\/index.php?rest_route=\/wp\/v2\/product\/1708"}],"collection":[{"href":"http:\/\/cajovnajasminka.sk\/index.php?rest_route=\/wp\/v2\/product"}],"about":[{"href":"http:\/\/cajovnajasminka.sk\/index.php?rest_route=\/wp\/v2\/types\/product"}],"replies":[{"embeddable":true,"href":"http:\/\/cajovnajasminka.sk\/index.php?rest_route=%2Fwp%2Fv2%2Fcomments&post=1708"}],"wp:featuredmedia":[{"embeddable":true,"href":"http:\/\/cajovnajasminka.sk\/index.php?rest_route=\/wp\/v2\/media\/1718"}],"wp:attachment":[{"href":"http:\/\/cajovnajasminka.sk\/index.php?rest_route=%2Fwp%2Fv2%2Fmedia&parent=1708"}],"curies":[{"name":"wp","href":"https:\/\/api.w.org\/{rel}","templated":true}]}}