{"id":170,"date":"2017-04-30T13:03:10","date_gmt":"2017-04-30T11:03:10","guid":{"rendered":"http:\/\/cajovnajasminka.sk\/?product=koza-bylinny-caj-sypany"},"modified":"2023-02-15T11:12:36","modified_gmt":"2023-02-15T10:12:36","slug":"koza-bylinny-caj-sypany","status":"publish","type":"product","link":"http:\/\/cajovnajasminka.sk\/?product=koza-bylinny-caj-sypany","title":{"rendered":"Ko\u017ea-Bylinn\u00fd \u010daj sypan\u00fd"},"content":{"rendered":"<p>\u010cesk\u00fd kvalitn\u00fd sypan\u00fd bylinn\u00fd \u010daj zostavovan\u00fd pod\u013ea origin\u00e1lnej recept\u00fary, chr\u00e1nen\u00fd ochrannou zn\u00e1mkou, ur\u010den\u00fd na konkr\u00e9tny probl\u00e9m.<\/p>\n<p><strong>Zlo\u017eenie :\u00a0<\/strong><\/p>\n<p><strong>\u017dih\u013eava v\u0148a\u0165<\/strong> &#8211; podporuje <strong>norm\u00e1lny stav ko\u017ee<\/strong>, \u010drevn\u00fa mikrofl\u00f3ru<br \/>\n<strong>\u010cakanka kore\u0148<\/strong>\u00a0\u2013 podporuje o\u010distu<br \/>\n<strong>P\u00fapava list<\/strong> &#8211; podporuje <strong>detoxik\u00e1ciu a \u010drevn\u00fa mikrofl\u00f3ru<\/strong><br \/>\n<strong>Necht\u00edk\u00a0kvet<\/strong> &#8211; podporuje prirodzen\u00fd <strong>stav a funkciu ko\u017ee<\/strong><br \/>\n<strong>N\u00e1tr\u017en\u00edk kore\u0148<\/strong>\u00a0\u2013 podporuje ko\u017eu a \u010dinnos\u0165 \u010driev<br \/>\n<strong>Lop\u00fach kore\u0148<\/strong>\u00a0\u2013 podporuje stav ko\u017ee a <strong>imunitu <\/strong><br \/>\n<strong>Oman kore\u0148<\/strong>\u00a0\u2013 podporuje o\u010distu tr\u00e1viaceho\u00a0traktu a obli\u010diek<\/p>\n<p><strong>Gram\u00e1\u017e : 50 g\u00a0<\/strong><\/p>\n","protected":false},"excerpt":{"rendered":"<p>\u010cesk\u00fd kvalitn\u00fd sypan\u00fd bylinn\u00fd \u010daj zostavovan\u00fd pod\u013ea origin\u00e1lnej recept\u00fary, chr\u00e1nen\u00fd ochrannou zn\u00e1mkou, ur\u010den\u00fd na konkr\u00e9tny probl\u00e9m. Zlo\u017eenie :\u00a0 \u017dih\u013eava v\u0148a\u0165 &#8211; podporuje norm\u00e1lny stav ko\u017ee, \u010drevn\u00fa mikrofl\u00f3ru \u010cakanka kore\u0148\u00a0\u2013 podporuje o\u010distu P\u00fapava list &#8211; podporuje detoxik\u00e1ciu a \u010drevn\u00fa mikrofl\u00f3ru Necht\u00edk\u00a0kvet &#8211; podporuje prirodzen\u00fd stav a funkciu ko\u017ee N\u00e1tr\u017en\u00edk kore\u0148\u00a0\u2013 podporuje ko\u017eu a \u010dinnos\u0165 \u010driev Lop\u00fach<\/p>\n","protected":false},"featured_media":1923,"comment_status":"open","ping_status":"closed","template":"","meta":[],"_links":{"self":[{"href":"http:\/\/cajovnajasminka.sk\/index.php?rest_route=\/wp\/v2\/product\/170"}],"collection":[{"href":"http:\/\/cajovnajasminka.sk\/index.php?rest_route=\/wp\/v2\/product"}],"about":[{"href":"http:\/\/cajovnajasminka.sk\/index.php?rest_route=\/wp\/v2\/types\/product"}],"replies":[{"embeddable":true,"href":"http:\/\/cajovnajasminka.sk\/index.php?rest_route=%2Fwp%2Fv2%2Fcomments&post=170"}],"wp:featuredmedia":[{"embeddable":true,"href":"http:\/\/cajovnajasminka.sk\/index.php?rest_route=\/wp\/v2\/media\/1923"}],"wp:attachment":[{"href":"http:\/\/cajovnajasminka.sk\/index.php?rest_route=%2Fwp%2Fv2%2Fmedia&parent=170"}],"curies":[{"name":"wp","href":"https:\/\/api.w.org\/{rel}","templated":true}]}}