{"id":1680,"date":"2020-01-16T13:35:30","date_gmt":"2020-01-16T12:35:30","guid":{"rendered":"http:\/\/cajovnajasminka.sk\/?post_type=product&#038;p=1680"},"modified":"2024-02-16T09:29:01","modified_gmt":"2024-02-16T08:29:01","slug":"bulgur","status":"publish","type":"product","link":"http:\/\/cajovnajasminka.sk\/?product=bulgur","title":{"rendered":"Bulgur"},"content":{"rendered":"<p><strong>Korenie v bio kvalite, ktor\u00e9 maj\u00fa zaru\u010den\u00fd p\u00f4vod a kvalitu. Hlavne s\u00fa balen\u00e9 bez glutamanu, soli a in\u00fdch pr\u00edsad.\u00a0pri ich spracovan\u00ed sa vyu\u017e\u00edvaj\u00fa prvotriedne biosuroviny pestovan\u00e9 v ekologicky \u010dist\u00fdch oblastiach. Nepou\u017e\u00edvame konzerva\u010dn\u00e9 l\u00e1tky, dochucovadla a in\u00e9 chemick\u00e9 pr\u00edsady.<\/strong><\/p>\n<p><strong><u>Zlo\u017eenie:<\/u><\/strong><u> Cibu\u013ea granulovan\u00e1, cesnak mlet\u00fd, koriander mlet\u00fd, paprika mlet\u00e1 sladk\u00e1, r\u00edmska rasca mlet\u00e1, \u0161korica mlet\u00e1, korenie kajensk\u00e9 mlet\u00e9, korenie biele mlet\u00e9<\/u><\/p>\n<p>&nbsp;<\/p>\n","protected":false},"excerpt":{"rendered":"<p><strong><u>Hmotnos\u0165:<\/u>\u00a043g. Koreniny bez soli, 100% pr\u00edrodn\u00e9.<\/strong><\/p>\n","protected":false},"featured_media":1686,"comment_status":"closed","ping_status":"closed","template":"","meta":[],"_links":{"self":[{"href":"http:\/\/cajovnajasminka.sk\/index.php?rest_route=\/wp\/v2\/product\/1680"}],"collection":[{"href":"http:\/\/cajovnajasminka.sk\/index.php?rest_route=\/wp\/v2\/product"}],"about":[{"href":"http:\/\/cajovnajasminka.sk\/index.php?rest_route=\/wp\/v2\/types\/product"}],"replies":[{"embeddable":true,"href":"http:\/\/cajovnajasminka.sk\/index.php?rest_route=%2Fwp%2Fv2%2Fcomments&post=1680"}],"wp:featuredmedia":[{"embeddable":true,"href":"http:\/\/cajovnajasminka.sk\/index.php?rest_route=\/wp\/v2\/media\/1686"}],"wp:attachment":[{"href":"http:\/\/cajovnajasminka.sk\/index.php?rest_route=%2Fwp%2Fv2%2Fmedia&parent=1680"}],"curies":[{"name":"wp","href":"https:\/\/api.w.org\/{rel}","templated":true}]}}