{"id":168,"date":"2017-04-30T12:57:01","date_gmt":"2017-04-30T10:57:01","guid":{"rendered":"http:\/\/cajovnajasminka.sk\/?product=krcove-zily-bylinny-caj-sypany"},"modified":"2023-02-15T11:12:46","modified_gmt":"2023-02-15T10:12:46","slug":"krcove-zily-bylinny-caj-sypany","status":"publish","type":"product","link":"http:\/\/cajovnajasminka.sk\/?product=krcove-zily-bylinny-caj-sypany","title":{"rendered":"\u017dily-Bylinn\u00fd \u010daj sypan\u00fd"},"content":{"rendered":"<p>\u010cesk\u00fd kvalitn\u00fd sypan\u00fd bylinn\u00fd \u010daj zostavovan\u00fd pod\u013ea origin\u00e1lnej recept\u00fary, chr\u00e1nen\u00fd ochrannou zn\u00e1mkou, ur\u010den\u00fd na konkr\u00e9tny probl\u00e9m.<\/p>\n<p><strong>Zlo\u017eenie :\u00a0<\/strong><\/p>\n<p><strong>Necht\u00edk\u00a0kvet<\/strong> &#8211; podporuje<strong> prirodzen\u00fd stav \u017e\u00edl a ciev<\/strong><br \/>\n<strong>\u0160\u00edpka plod<\/strong> \u2013 podporuje krvn\u00fd obeh, <strong>u\u013eavuje pocitu \u0165a\u017ek\u00fdch n\u00f4h<\/strong><br \/>\n<strong>Poh\u00e1nka v\u0148a\u0165<\/strong> \u2013 podporuje kardiovaskul\u00e1rny syst\u00e9m<br \/>\n<strong>Zelen\u00fd \u010daj<\/strong> \u2013 podporuje <strong>kvalitu a elasticitu \u017e\u00edl,<\/strong>\u00a0p\u00f4sob\u00ed ako prirodzen\u00fd antioxidant<br \/>\n<strong>Komonica v\u0148a\u0165<\/strong> \u2013 podporuje cievy a o\u010distu krvi<br \/>\n<strong>Prasli\u010dka v\u0148a\u0165<\/strong> \u2013 podporuje elasticitu ciev<br \/>\n<strong>Ihlica kore\u0148<\/strong>\u00a0\u2013 <strong>podporuje o\u010distu<br \/>\n<\/strong><strong>V\u0155ba k\u00f4ra<\/strong>\u00a0&#8211; celkovo podporuje telo<\/p>\n<p><strong>Gram\u00e1\u017e : 50 g\u00a0<\/strong><\/p>\n","protected":false},"excerpt":{"rendered":"<p>\u010cesk\u00fd kvalitn\u00fd sypan\u00fd bylinn\u00fd \u010daj zostavovan\u00fd pod\u013ea origin\u00e1lnej recept\u00fary, chr\u00e1nen\u00fd ochrannou zn\u00e1mkou, ur\u010den\u00fd na konkr\u00e9tny probl\u00e9m. Zlo\u017eenie :\u00a0 Necht\u00edk\u00a0kvet &#8211; podporuje prirodzen\u00fd stav \u017e\u00edl a ciev \u0160\u00edpka plod \u2013 podporuje krvn\u00fd obeh, u\u013eavuje pocitu \u0165a\u017ek\u00fdch n\u00f4h Poh\u00e1nka v\u0148a\u0165 \u2013 podporuje kardiovaskul\u00e1rny syst\u00e9m Zelen\u00fd \u010daj \u2013 podporuje kvalitu a elasticitu \u017e\u00edl,\u00a0p\u00f4sob\u00ed ako prirodzen\u00fd antioxidant Komonica v\u0148a\u0165<\/p>\n","protected":false},"featured_media":1901,"comment_status":"open","ping_status":"closed","template":"","meta":[],"_links":{"self":[{"href":"http:\/\/cajovnajasminka.sk\/index.php?rest_route=\/wp\/v2\/product\/168"}],"collection":[{"href":"http:\/\/cajovnajasminka.sk\/index.php?rest_route=\/wp\/v2\/product"}],"about":[{"href":"http:\/\/cajovnajasminka.sk\/index.php?rest_route=\/wp\/v2\/types\/product"}],"replies":[{"embeddable":true,"href":"http:\/\/cajovnajasminka.sk\/index.php?rest_route=%2Fwp%2Fv2%2Fcomments&post=168"}],"wp:featuredmedia":[{"embeddable":true,"href":"http:\/\/cajovnajasminka.sk\/index.php?rest_route=\/wp\/v2\/media\/1901"}],"wp:attachment":[{"href":"http:\/\/cajovnajasminka.sk\/index.php?rest_route=%2Fwp%2Fv2%2Fmedia&parent=168"}],"curies":[{"name":"wp","href":"https:\/\/api.w.org\/{rel}","templated":true}]}}