{"id":1656,"date":"2019-04-02T14:09:31","date_gmt":"2019-04-02T12:09:31","guid":{"rendered":"http:\/\/cajovnajasminka.sk\/?post_type=product&#038;p=1656"},"modified":"2024-02-16T09:29:54","modified_gmt":"2024-02-16T08:29:54","slug":"adzika-koreniny-bez-soli-100-prirodne","status":"publish","type":"product","link":"http:\/\/cajovnajasminka.sk\/?product=adzika-koreniny-bez-soli-100-prirodne","title":{"rendered":"Ad\u017eika"},"content":{"rendered":"<p><strong>Korenie v bio kvalite, ktor\u00e9 maj\u00fa zaru\u010den\u00fd p\u00f4vod a kvalitu. Hlavne s\u00fa balen\u00e9 bez glutamanu, soli a in\u00fdch pr\u00edsad.\u00a0pri ich spracovan\u00ed sa vyu\u017e\u00edvaj\u00fa prvotriedne biosuroviny pestovan\u00e9 v ekologicky \u010dist\u00fdch oblastiach. Nepou\u017e\u00edvame konzerva\u010dn\u00e9 l\u00e1tky, dochucovadla a in\u00e9 chemick\u00e9 pr\u00edsady.<\/strong><\/p>\n<p><strong><u>Zlo\u017eenie:<\/u><\/strong>cesnak mlet\u00fd, paprika mlet\u00e1 sladk\u00e1, paprika mlet\u00e1 p\u00e1liv\u00e1, koriander mlet\u00fd, chilli mlet\u00e9 bazalka, petr\u017elen, k\u00f4por, zeler mlet\u00fd, m\u00e4ta pieporn\u00e1, senovka gr\u00e9cka mlet\u00e1, saturejka, bobkov\u00fdlist mlet\u00fd, major\u00e1n<\/p>\n<p>&nbsp;<\/p>\n","protected":false},"excerpt":{"rendered":"<p><strong><u>Hmotnos\u0165:<\/u>\u00a030g.\u00a0Koreniny bez soli, 100% pr\u00edrodn\u00e9.<\/strong><\/p>\n","protected":false},"featured_media":1670,"comment_status":"closed","ping_status":"closed","template":"","meta":[],"_links":{"self":[{"href":"http:\/\/cajovnajasminka.sk\/index.php?rest_route=\/wp\/v2\/product\/1656"}],"collection":[{"href":"http:\/\/cajovnajasminka.sk\/index.php?rest_route=\/wp\/v2\/product"}],"about":[{"href":"http:\/\/cajovnajasminka.sk\/index.php?rest_route=\/wp\/v2\/types\/product"}],"replies":[{"embeddable":true,"href":"http:\/\/cajovnajasminka.sk\/index.php?rest_route=%2Fwp%2Fv2%2Fcomments&post=1656"}],"wp:featuredmedia":[{"embeddable":true,"href":"http:\/\/cajovnajasminka.sk\/index.php?rest_route=\/wp\/v2\/media\/1670"}],"wp:attachment":[{"href":"http:\/\/cajovnajasminka.sk\/index.php?rest_route=%2Fwp%2Fv2%2Fmedia&parent=1656"}],"curies":[{"name":"wp","href":"https:\/\/api.w.org\/{rel}","templated":true}]}}