{"id":164,"date":"2017-04-30T12:10:15","date_gmt":"2017-04-30T10:10:15","guid":{"rendered":"http:\/\/cajovnajasminka.sk\/?product=klimakter-bylinny-caj-sypany"},"modified":"2023-02-15T11:13:07","modified_gmt":"2023-02-15T10:13:07","slug":"klimakter-bylinny-caj-sypany","status":"publish","type":"product","link":"http:\/\/cajovnajasminka.sk\/?product=klimakter-bylinny-caj-sypany","title":{"rendered":"Klimakter-Bylinn\u00fd \u010daj sypan\u00fd"},"content":{"rendered":"<p>\u010cesk\u00fd kvalitn\u00fd sypan\u00fd bylinn\u00fd \u010daj zostavovan\u00fd pod\u013ea origin\u00e1lnej recept\u00fary, chr\u00e1nen\u00fd ochrannou zn\u00e1mkou, ur\u010den\u00fd na konkr\u00e9tny probl\u00e9m.<\/p>\n<p><strong>Zlo\u017eenie :\u00a0<\/strong><\/p>\n<p><strong>Alchemilka\u00a0v\u0148a\u0165<\/strong> \u2013 podporuje \u017eensk\u00e9 pohlavn\u00e9 org\u00e1ny, <strong>p\u00f4sob\u00ed pri klimakt\u00e9riu<\/strong><br \/>\n<strong>\u010eatelina\u00a0\u010derven\u00e1 v\u0148a\u0165<\/strong> \u2013 p\u00f4sob\u00ed<strong> pri menopauze<\/strong>, podporuje kvalitu kost\u00ed<br \/>\n<strong>Necht\u00edk\u00a0kvet<\/strong> &#8211; podporuje <strong>vagin\u00e1lnu mikrofl\u00f3ru<\/strong><br \/>\n<strong>Imelo v\u0148a\u0165<\/strong> \u2013 podporuje kardiovaskul\u00e1rny syst\u00e9m a <strong>norm\u00e1lny krvn\u00fd tlak<br \/>\n<\/strong><strong>Mu\u010denka v\u0148a\u0165<\/strong> \u2013 podporuje <strong>relax\u00e1ciu a sp\u00e1nok<\/strong><br \/>\n<strong>\u0160alvia v\u0148a\u0165<\/strong> \u2013<strong> podporuje menopauzu, hormon\u00e1lny syst\u00e9m, p\u00f4sob\u00ed pri poten\u00ed<\/strong><br \/>\n<strong>Ihlica kore\u0148<\/strong>\u00a0\u2013 podporuje <strong>mo\u010dov\u00fd mech\u00far<\/strong>\u00a0a mo\u010dov\u00e9 cesty<\/p>\n<p><strong>Gram\u00e1\u017e : 50 g\u00a0<\/strong><\/p>\n","protected":false},"excerpt":{"rendered":"<p>\u010cesk\u00fd kvalitn\u00fd sypan\u00fd bylinn\u00fd \u010daj zostavovan\u00fd pod\u013ea origin\u00e1lnej recept\u00fary, chr\u00e1nen\u00fd ochrannou zn\u00e1mkou, ur\u010den\u00fd na konkr\u00e9tny probl\u00e9m. Zlo\u017eenie :\u00a0 Alchemilka\u00a0v\u0148a\u0165 \u2013 podporuje \u017eensk\u00e9 pohlavn\u00e9 org\u00e1ny, p\u00f4sob\u00ed pri klimakt\u00e9riu \u010eatelina\u00a0\u010derven\u00e1 v\u0148a\u0165 \u2013 p\u00f4sob\u00ed pri menopauze, podporuje kvalitu kost\u00ed Necht\u00edk\u00a0kvet &#8211; podporuje vagin\u00e1lnu mikrofl\u00f3ru Imelo v\u0148a\u0165 \u2013 podporuje kardiovaskul\u00e1rny syst\u00e9m a norm\u00e1lny krvn\u00fd tlak Mu\u010denka v\u0148a\u0165 \u2013 podporuje<\/p>\n","protected":false},"featured_media":1924,"comment_status":"open","ping_status":"closed","template":"","meta":[],"_links":{"self":[{"href":"http:\/\/cajovnajasminka.sk\/index.php?rest_route=\/wp\/v2\/product\/164"}],"collection":[{"href":"http:\/\/cajovnajasminka.sk\/index.php?rest_route=\/wp\/v2\/product"}],"about":[{"href":"http:\/\/cajovnajasminka.sk\/index.php?rest_route=\/wp\/v2\/types\/product"}],"replies":[{"embeddable":true,"href":"http:\/\/cajovnajasminka.sk\/index.php?rest_route=%2Fwp%2Fv2%2Fcomments&post=164"}],"wp:featuredmedia":[{"embeddable":true,"href":"http:\/\/cajovnajasminka.sk\/index.php?rest_route=\/wp\/v2\/media\/1924"}],"wp:attachment":[{"href":"http:\/\/cajovnajasminka.sk\/index.php?rest_route=%2Fwp%2Fv2%2Fmedia&parent=164"}],"curies":[{"name":"wp","href":"https:\/\/api.w.org\/{rel}","templated":true}]}}