{"id":162,"date":"2017-04-30T12:04:57","date_gmt":"2017-04-30T10:04:57","guid":{"rendered":"http:\/\/cajovnajasminka.sk\/?product=pecen-bylinny-caj-sypany"},"modified":"2023-02-15T11:13:15","modified_gmt":"2023-02-15T10:13:15","slug":"pecen-bylinny-caj-sypany","status":"publish","type":"product","link":"http:\/\/cajovnajasminka.sk\/?product=pecen-bylinny-caj-sypany","title":{"rendered":"Pe\u010de\u0148-Bylinn\u00fd \u010daj sypan\u00fd"},"content":{"rendered":"<p>\u010cesk\u00fd kvalitn\u00fd sypan\u00fd bylinn\u00fd \u010daj zostavovan\u00fd pod\u013ea origin\u00e1lnej recept\u00fary, chr\u00e1nen\u00fd ochrannou zn\u00e1mkou, ur\u010den\u00fd na konkr\u00e9tny probl\u00e9m.<\/p>\n<p><strong>Zlo\u017eenie :\u00a0<\/strong><\/p>\n<p><strong>\u010cakanka v\u0148a\u0165<\/strong> \u2013 podporuje <strong>\u010dinnos\u0165 pe\u010dene, tr\u00e1venie, hladinu cukru v krvi<\/strong><br \/>\n<strong>Necht\u00edk\u00a0kvet &#8211;<\/strong> podporuje<strong> vylu\u010dovanie \u017el\u010dov\u00fdch kame\u0148ov<\/strong>, \u010dinnos\u0165 pe\u010dene a \u017el\u010dn\u00edku<br \/>\n<strong>Rep\u00edk v\u0148a\u0165<\/strong> \u2013 podporuje pe\u010de\u0148, \u017el\u010dn\u00edk, \u010drev\u00e1, <strong>o\u010distu<br \/>\n<\/strong><strong>Benedikt v\u0148a\u0165<\/strong> \u2013 podporuje <strong>tr\u00e1viaci\u00a0trakt<br \/>\n<\/strong><strong>Pestrec plod<\/strong> \u2013 podporuje \u010dinnos\u0165 pe\u010dene a ich o\u010distu<br \/>\n<strong>Pa\u00fapava list<\/strong> &#8211; podporuje tr\u00e1ven\u00ed, <strong>detoxik\u00e1ciu,<\/strong>\u00a0\u010drevn\u00fa mikrofl\u00f3ru<br \/>\n<strong>Reb\u0159\u00ed\u010dek v\u0148a\u0165<\/strong> &#8211; podporuje <strong>metaboliz<\/strong><strong>mus tukov<\/strong>, \u010dinnos\u0165 pe\u010dene a \u017el\u010dn\u00edku<\/p>\n<p><strong>Gram\u00e1\u017e : 50 g\u00a0<\/strong><\/p>\n","protected":false},"excerpt":{"rendered":"<p>\u010cesk\u00fd kvalitn\u00fd sypan\u00fd bylinn\u00fd \u010daj zostavovan\u00fd pod\u013ea origin\u00e1lnej recept\u00fary, chr\u00e1nen\u00fd ochrannou zn\u00e1mkou, ur\u010den\u00fd na konkr\u00e9tny probl\u00e9m. Zlo\u017eenie :\u00a0 \u010cakanka v\u0148a\u0165 \u2013 podporuje \u010dinnos\u0165 pe\u010dene, tr\u00e1venie, hladinu cukru v krvi Necht\u00edk\u00a0kvet &#8211; podporuje vylu\u010dovanie \u017el\u010dov\u00fdch kame\u0148ov, \u010dinnos\u0165 pe\u010dene a \u017el\u010dn\u00edku Rep\u00edk v\u0148a\u0165 \u2013 podporuje pe\u010de\u0148, \u017el\u010dn\u00edk, \u010drev\u00e1, o\u010distu Benedikt v\u0148a\u0165 \u2013 podporuje tr\u00e1viaci\u00a0trakt Pestrec plod \u2013<\/p>\n","protected":false},"featured_media":1915,"comment_status":"open","ping_status":"closed","template":"","meta":[],"_links":{"self":[{"href":"http:\/\/cajovnajasminka.sk\/index.php?rest_route=\/wp\/v2\/product\/162"}],"collection":[{"href":"http:\/\/cajovnajasminka.sk\/index.php?rest_route=\/wp\/v2\/product"}],"about":[{"href":"http:\/\/cajovnajasminka.sk\/index.php?rest_route=\/wp\/v2\/types\/product"}],"replies":[{"embeddable":true,"href":"http:\/\/cajovnajasminka.sk\/index.php?rest_route=%2Fwp%2Fv2%2Fcomments&post=162"}],"wp:featuredmedia":[{"embeddable":true,"href":"http:\/\/cajovnajasminka.sk\/index.php?rest_route=\/wp\/v2\/media\/1915"}],"wp:attachment":[{"href":"http:\/\/cajovnajasminka.sk\/index.php?rest_route=%2Fwp%2Fv2%2Fmedia&parent=162"}],"curies":[{"name":"wp","href":"https:\/\/api.w.org\/{rel}","templated":true}]}}