{"id":1614,"date":"2018-07-18T15:00:04","date_gmt":"2018-07-18T13:00:04","guid":{"rendered":"http:\/\/cajovnajasminka.sk\/?post_type=product&#038;p=1614"},"modified":"2018-07-18T15:07:24","modified_gmt":"2018-07-18T13:07:24","slug":"anjelska-karta-s-afirmaciou-svetla","status":"publish","type":"product","link":"http:\/\/cajovnajasminka.sk\/?product=anjelska-karta-s-afirmaciou-svetla","title":{"rendered":"Anjelska karta s afirm\u00e1ciou Svetla"},"content":{"rendered":"<p>Anjelsk\u00e9 zalaminovan\u00e9 obr\u00e1zky s afirm\u00e1ciou<br \/>\n<strong>Rozmer :<\/strong> 15 x 21<br \/>\n<strong>Autorka :<\/strong> Radana T\u0155e\u0161\u0148\u00e1kov\u00e1 Kolcov\u00e1<\/p>\n<p><strong>Rozptyl svetla, ktor\u00e9 n\u00e1s n\u00e1dherne pohlad\u00ed, ako ruky \u010dloveka, ktor\u00fd n\u00e1s miluje, m\u00e1 n\u00e1s pod svojimi tento Anjel, ktor\u00fd n\u00e1m ho prin\u00e1\u0161a od \u010dloveka, ktor\u00e9ho du\u0161a je vo Ve\u010dnosti a my sa cez energiu tohoto Anjela a plamienok svie\u010dky m\u00f4\u017eeme pr\u00e1ve s n\u00edm spoji\u0165\u00a0<\/strong><\/p>\n<p><strong>K\u013e\u00fa\u010dov\u00e9 slov\u00e1<\/strong> :vn\u00edmanie a c\u00edtenie du\u0161e zosnul\u00e9ho, pochopenie toho \u010do n\u00e1m chce zdeli\u0165, pomoc pre du\u0161e, ktor\u00e9 doteraz vo svetle nie s\u00fa ( spolu s modlitbou z knihy Anjelske modlitby ), prepustenie sm\u00fatku zo straty \u010dloveka&#8230;<\/p>\n","protected":false},"excerpt":{"rendered":"<p><strong>Anjelsk\u00e9 zalaminovan\u00e9 obr\u00e1zky s afirm\u00e1ciou\u00a0<\/strong><\/p>\n","protected":false},"featured_media":1615,"comment_status":"closed","ping_status":"closed","template":"","meta":[],"_links":{"self":[{"href":"http:\/\/cajovnajasminka.sk\/index.php?rest_route=\/wp\/v2\/product\/1614"}],"collection":[{"href":"http:\/\/cajovnajasminka.sk\/index.php?rest_route=\/wp\/v2\/product"}],"about":[{"href":"http:\/\/cajovnajasminka.sk\/index.php?rest_route=\/wp\/v2\/types\/product"}],"replies":[{"embeddable":true,"href":"http:\/\/cajovnajasminka.sk\/index.php?rest_route=%2Fwp%2Fv2%2Fcomments&post=1614"}],"wp:featuredmedia":[{"embeddable":true,"href":"http:\/\/cajovnajasminka.sk\/index.php?rest_route=\/wp\/v2\/media\/1615"}],"wp:attachment":[{"href":"http:\/\/cajovnajasminka.sk\/index.php?rest_route=%2Fwp%2Fv2%2Fmedia&parent=1614"}],"curies":[{"name":"wp","href":"https:\/\/api.w.org\/{rel}","templated":true}]}}