{"id":1604,"date":"2018-07-18T14:13:39","date_gmt":"2018-07-18T12:13:39","guid":{"rendered":"http:\/\/cajovnajasminka.sk\/?post_type=product&#038;p=1604"},"modified":"2018-07-18T14:58:48","modified_gmt":"2018-07-18T12:58:48","slug":"japonska-doza-modra-kopia","status":"publish","type":"product","link":"http:\/\/cajovnajasminka.sk\/?product=japonska-doza-modra-kopia","title":{"rendered":"Anjelska karta s afirm\u00e1ciou Dobra"},"content":{"rendered":"<p>Anjelsk\u00e9 zalaminovan\u00e9 obr\u00e1zky s afirm\u00e1ciou<br \/>\n<strong>Rozmer :<\/strong> 15 x 21<br \/>\n<strong>Autorka :<\/strong> Radana T\u0155e\u0161\u0148\u00e1kov\u00e1 Kolcov\u00e1<\/p>\n<p><strong>Anjel dobra, prin\u00e1\u0161aj\u00faci kr\u00e1sne dni v radosti a ve\u013ekolepej sile svetla<\/strong><\/p>\n<p><strong>K\u013e\u00fa\u010dov\u00e9 slov\u00e1 :<\/strong> \u010distota srdca, rozv\u00edjanie dobra a \u0161\u013eachetnosti cez seba sam\u00e9ho, konanie a rozpoznanie dobra, spojenie sa s energiou dobra vo vlastnom \u017eivote, predzves\u0165 ve\u013emi kr\u00e1snych dn\u00ed&#8230;<\/p>\n","protected":false},"excerpt":{"rendered":"<p><strong>Anjelsk\u00e9 zalaminovan\u00e9 obr\u00e1zky s afirm\u00e1ciou\u00a0<\/strong><\/p>\n","protected":false},"featured_media":1613,"comment_status":"closed","ping_status":"closed","template":"","meta":[],"_links":{"self":[{"href":"http:\/\/cajovnajasminka.sk\/index.php?rest_route=\/wp\/v2\/product\/1604"}],"collection":[{"href":"http:\/\/cajovnajasminka.sk\/index.php?rest_route=\/wp\/v2\/product"}],"about":[{"href":"http:\/\/cajovnajasminka.sk\/index.php?rest_route=\/wp\/v2\/types\/product"}],"replies":[{"embeddable":true,"href":"http:\/\/cajovnajasminka.sk\/index.php?rest_route=%2Fwp%2Fv2%2Fcomments&post=1604"}],"wp:featuredmedia":[{"embeddable":true,"href":"http:\/\/cajovnajasminka.sk\/index.php?rest_route=\/wp\/v2\/media\/1613"}],"wp:attachment":[{"href":"http:\/\/cajovnajasminka.sk\/index.php?rest_route=%2Fwp%2Fv2%2Fmedia&parent=1604"}],"curies":[{"name":"wp","href":"https:\/\/api.w.org\/{rel}","templated":true}]}}