{"id":1601,"date":"2018-07-18T13:49:42","date_gmt":"2018-07-18T11:49:42","guid":{"rendered":"http:\/\/cajovnajasminka.sk\/?post_type=product&#038;p=1601"},"modified":"2018-07-18T14:05:17","modified_gmt":"2018-07-18T12:05:17","slug":"turmalin-gulickovy","status":"publish","type":"product","link":"http:\/\/cajovnajasminka.sk\/?product=turmalin-gulickovy","title":{"rendered":"Turmal\u00edn &#8211; guli\u010dkov\u00fd"},"content":{"rendered":"<p><strong>Kame\u0148 ochrany a harm\u00f3nie\u00a0<\/strong><\/p>\n<ul>\n<li>Je v\u00fdnimo\u010dn\u00fd jedine\u010dn\u00fd kame\u0148, preto\u017ee nem\u00e1 nikdy nepriazniv\u00e9 \u00fa\u010dinky a je to navy\u0161e ochrann\u00fd \u0161amansk\u00fd kame\u0148, ktor\u00fd p\u00f4sob\u00ed v\u017edy v prospech svojho nosite\u013ea a prin\u00e1\u0161a mu rados\u0165<\/li>\n<li>Odstra\u0148uje stres, zlos\u0165, strach<\/li>\n<li>Je dobr\u00fdm pomocn\u00edkom pri ch\u00e1pan\u00ed sam\u00fdch seba, ale aj pri ch\u00e1pan\u00ed druh\u00fdch. Zvy\u0161uje sebad\u00f4veru, nez\u00e1vislos\u0165 Pom\u00e1ha n\u00e1m z\u00edska\u0165 nadh\u013ead v situ\u00e1ci\u00e1ch, ktor\u00e9 n\u00e1s roz\u010du\u013euj\u00fa.Udr\u017euje v harm\u00f3nii mu\u017esk\u00fa a \u017eensk\u00fa energiu, prep\u00e1ja, \u010dist\u00ed, harmonizuje \u010dakry, odstra\u0148uje bloky z aury<\/li>\n<li>\u010cierny turmal\u00edn (skoryl) patr\u00ed k drahokamom. Tvor\u00ed kry\u0161t\u00e1ly, ktor\u00e9 niekedy dosahuj\u00fa a\u017e ve\u013ekosti nieko\u013ek\u00fdch metrov.<\/li>\n<li>Naz\u00fdva sa e\u0161te aj &#8222;elektrick\u00fd kame\u0148&#8220;<strong>,<\/strong> lebo pri zahriat\u00ed, alebo tren\u00ed tvor\u00ed na svojom povrchu elektrick\u00e9 pole<\/li>\n<li>M\u00e1 schopnos\u0165 pohlcova\u0165 a prep\u00fa\u0161\u0165a\u0165 prech\u00e1dzaj\u00face svetlo a to v r\u00f4znych smeroch<\/li>\n<li>V Oriente bol dlho pou\u017e\u00edvan\u00fd ako kame\u0148, ktor\u00fd prin\u00e1\u0161al energiu, vyrovnanos\u0165, mier, priate\u013estvo, l\u00e1sku<\/li>\n<li>Hovor\u00ed sa, \u017ee turmal\u00edn je stud\u0148ou mladosti. Pom\u00e1ha realizova\u0165 na\u0161e sny. Mal by sa nosi\u0165 bl\u00edzko srdca<\/li>\n<\/ul>\n<p><strong><u>Lie\u010debn\u00e9 \u00fa\u010dinky:<\/u><\/strong><\/p>\n<ul>\n<li>lie\u010di z\u00e1paly nervov<\/li>\n<li>pom\u00e1ha pri d\u00fdchac\u00edch probl\u00e9moch, ochoreniach p\u013e\u00fac, bronchyt\u00edde<\/li>\n<li>n\u00e1pomocn\u00fd pri mozgov\u00fdch pr\u00edhod\u00e1ch<\/li>\n<li>pri poruch\u00e1ch \u0161t\u00edtnej z\u013eazy<\/li>\n<li>pom\u00e1ha pri z\u00e1paloch mozgov\u00fdch bl\u00e1n<\/li>\n<li>pri poruch\u00e1ch srdcov\u00e9ho svalu, posil\u0148uje\u00a0krvn\u00fd obeh<\/li>\n<li>pozit\u00edvne vpl\u00fdva na redukciu tuku, regul\u00e1ciu vody v tele,\u00a0reguluje vyu\u017eitie vitam\u00ednov v tele<\/li>\n<li>posil\u0148uje celkov\u00fd imunitn\u00fd syst\u00e9m<\/li>\n<li>je prospe\u0161n\u00fd pri vir\u00f3zach<\/li>\n<li>pom\u00e1ha pri chudokrvnosti<\/li>\n<li>pri z\u00e1pale spojiviek<\/li>\n<li>u\u013eah\u010duje p\u00f4rod<\/li>\n<li>lie\u010di detsk\u00e9 choroby<\/li>\n<li>podporuje rozvoj svalov<\/li>\n<\/ul>\n<p><strong><u>Astrologick\u00e9 priradenie:<\/u><\/strong>\u00a0Kozoro\u017eec<\/p>\n<p><strong><u>\u010cistenie :\u00a0<\/u><\/strong>doporu\u010dujeme raz do t\u00fd\u017edna v teplej pr\u00fadiacej vode umy\u0165 a nabi\u0165 pri zapadaj\u00facom slnku alebo kri\u0161t\u00e1\u013eom<\/p>\n<p><strong>Upozornenie:<\/strong>\u00a0Sfarbenie a \u0161trukt\u00fara kame\u0148ov sa\u00a0m\u00f4\u017ee v skuto\u010dnosti od uveden\u00fdch fotografi\u00ed\u00a0produktu mierne odli\u0161ova\u0165<\/p>\n","protected":false},"excerpt":{"rendered":"<p><strong>Le\u0161ten\u00e9 kamene v tvare guli\u010diek, navle\u010den\u00fdch na gumi\u010dke. \u00a0Priemer guli\u010diek 0.5 cm\u00a0<\/strong><\/p>\n","protected":false},"featured_media":1602,"comment_status":"closed","ping_status":"closed","template":"","meta":[],"_links":{"self":[{"href":"http:\/\/cajovnajasminka.sk\/index.php?rest_route=\/wp\/v2\/product\/1601"}],"collection":[{"href":"http:\/\/cajovnajasminka.sk\/index.php?rest_route=\/wp\/v2\/product"}],"about":[{"href":"http:\/\/cajovnajasminka.sk\/index.php?rest_route=\/wp\/v2\/types\/product"}],"replies":[{"embeddable":true,"href":"http:\/\/cajovnajasminka.sk\/index.php?rest_route=%2Fwp%2Fv2%2Fcomments&post=1601"}],"wp:featuredmedia":[{"embeddable":true,"href":"http:\/\/cajovnajasminka.sk\/index.php?rest_route=\/wp\/v2\/media\/1602"}],"wp:attachment":[{"href":"http:\/\/cajovnajasminka.sk\/index.php?rest_route=%2Fwp%2Fv2%2Fmedia&parent=1601"}],"curies":[{"name":"wp","href":"https:\/\/api.w.org\/{rel}","templated":true}]}}