{"id":160,"date":"2017-04-30T12:00:49","date_gmt":"2017-04-30T10:00:49","guid":{"rendered":"http:\/\/cajovnajasminka.sk\/?product=imunita-bylinny-caj-sypany"},"modified":"2023-02-15T11:13:26","modified_gmt":"2023-02-15T10:13:26","slug":"imunita-bylinny-caj-sypany","status":"publish","type":"product","link":"http:\/\/cajovnajasminka.sk\/?product=imunita-bylinny-caj-sypany","title":{"rendered":"Imunita-Bylinn\u00fd \u010daj sypan\u00fd"},"content":{"rendered":"<p>\u010cesk\u00fd kvalitn\u00fd sypan\u00fd bylinn\u00fd \u010daj zostavovan\u00fd pod\u013ea origin\u00e1lnej recept\u00fary, chr\u00e1nen\u00fd ochrannou zn\u00e1mkou, ur\u010den\u00fd na konkr\u00e9tny probl\u00e9m.<\/p>\n<p><strong>Zlo\u017eenie :\u00a0<\/strong><\/p>\n<p><strong>\u017dih\u013eava v\u0148a\u0165<\/strong> \u2013 podporuje<strong> imunitu, \u010drevn\u00fa\u00a0mikrofl\u00f3ru<\/strong>, obsahuje miner\u00e1ly<br \/>\n<strong>\u0160\u00edpka plod<\/strong> \u2013 podporuje <strong>imunitu, hojenie r\u00e1n, tonizuje telo<br \/>\n<\/strong><strong>Benedikt v\u0148a\u0165<\/strong> \u2013 podporuje prirodzen\u00fa funkciu <strong>tr\u00e1viaceho\u00a0traktu a \u010driev<br \/>\n<\/strong><strong>Kondurango k\u00f4ra<\/strong> \u2013 podporuje tr\u00e1venie<br \/>\n<strong>Prasli\u010dka v\u0148a\u0165<\/strong> \u2013 podporuje norm\u00e1lnu\u00a0<strong>funkciu pe\u010dene a obli\u010diek<br \/>\n<\/strong><strong>Echinacea v\u0148a\u0165<\/strong> \u2013 podporuje imunitn\u00fd syst\u00e9m a horn\u00e9 d\u00fdchacie cesty<\/p>\n<p><strong>Gram\u00e1\u017e : 50 g\u00a0<\/strong><\/p>\n","protected":false},"excerpt":{"rendered":"<p>\u010cesk\u00fd kvalitn\u00fd sypan\u00fd bylinn\u00fd \u010daj zostavovan\u00fd pod\u013ea origin\u00e1lnej recept\u00fary, chr\u00e1nen\u00fd ochrannou zn\u00e1mkou, ur\u010den\u00fd na konkr\u00e9tny probl\u00e9m. Zlo\u017eenie :\u00a0 \u017dih\u013eava v\u0148a\u0165 \u2013 podporuje imunitu, \u010drevn\u00fa\u00a0mikrofl\u00f3ru, obsahuje miner\u00e1ly \u0160\u00edpka plod \u2013 podporuje imunitu, hojenie r\u00e1n, tonizuje telo Benedikt v\u0148a\u0165 \u2013 podporuje prirodzen\u00fa funkciu tr\u00e1viaceho\u00a0traktu a \u010driev Kondurango k\u00f4ra \u2013 podporuje tr\u00e1venie Prasli\u010dka v\u0148a\u0165 \u2013 podporuje norm\u00e1lnu\u00a0funkciu pe\u010dene<\/p>\n","protected":false},"featured_media":1926,"comment_status":"open","ping_status":"closed","template":"","meta":[],"_links":{"self":[{"href":"http:\/\/cajovnajasminka.sk\/index.php?rest_route=\/wp\/v2\/product\/160"}],"collection":[{"href":"http:\/\/cajovnajasminka.sk\/index.php?rest_route=\/wp\/v2\/product"}],"about":[{"href":"http:\/\/cajovnajasminka.sk\/index.php?rest_route=\/wp\/v2\/types\/product"}],"replies":[{"embeddable":true,"href":"http:\/\/cajovnajasminka.sk\/index.php?rest_route=%2Fwp%2Fv2%2Fcomments&post=160"}],"wp:featuredmedia":[{"embeddable":true,"href":"http:\/\/cajovnajasminka.sk\/index.php?rest_route=\/wp\/v2\/media\/1926"}],"wp:attachment":[{"href":"http:\/\/cajovnajasminka.sk\/index.php?rest_route=%2Fwp%2Fv2%2Fmedia&parent=160"}],"curies":[{"name":"wp","href":"https:\/\/api.w.org\/{rel}","templated":true}]}}