{"id":1592,"date":"2018-07-18T13:39:03","date_gmt":"2018-07-18T11:39:03","guid":{"rendered":"http:\/\/cajovnajasminka.sk\/?post_type=product&#038;p=1592"},"modified":"2018-07-18T13:42:28","modified_gmt":"2018-07-18T11:42:28","slug":"gobelinova-doza-cervena","status":"publish","type":"product","link":"http:\/\/cajovnajasminka.sk\/?product=gobelinova-doza-cervena","title":{"rendered":"Gobel\u00ednov\u00e1 d\u00f3za \u010derven\u00e1"},"content":{"rendered":"<p><strong>v\u00fd\u0161ka :<\/strong> 12 cm<br \/>\n<strong>priemer :<\/strong> 7,5 cm<\/p>\n<p><strong>Materi\u00e1l : <\/strong>plech<br \/>\n<strong>Krajina p\u00f4vodu<\/strong> <strong>:<\/strong> Japonsko<\/p>\n<p>S plastov\u00fdm uz\u00e1verom<\/p>\n","protected":false},"excerpt":{"rendered":"<p><strong>D\u00f3za na \u010daj alebo k\u00e1vu &#8211; Gobel\u00edn &#8211; \u010derven\u00e1\u00a0<\/strong><\/p>\n","protected":false},"featured_media":1593,"comment_status":"closed","ping_status":"closed","template":"","meta":[],"_links":{"self":[{"href":"http:\/\/cajovnajasminka.sk\/index.php?rest_route=\/wp\/v2\/product\/1592"}],"collection":[{"href":"http:\/\/cajovnajasminka.sk\/index.php?rest_route=\/wp\/v2\/product"}],"about":[{"href":"http:\/\/cajovnajasminka.sk\/index.php?rest_route=\/wp\/v2\/types\/product"}],"replies":[{"embeddable":true,"href":"http:\/\/cajovnajasminka.sk\/index.php?rest_route=%2Fwp%2Fv2%2Fcomments&post=1592"}],"wp:featuredmedia":[{"embeddable":true,"href":"http:\/\/cajovnajasminka.sk\/index.php?rest_route=\/wp\/v2\/media\/1593"}],"wp:attachment":[{"href":"http:\/\/cajovnajasminka.sk\/index.php?rest_route=%2Fwp%2Fv2%2Fmedia&parent=1592"}],"curies":[{"name":"wp","href":"https:\/\/api.w.org\/{rel}","templated":true}]}}