{"id":1586,"date":"2018-07-06T16:25:14","date_gmt":"2018-07-06T14:25:14","guid":{"rendered":"http:\/\/cajovnajasminka.sk\/?post_type=product&#038;p=1586"},"modified":"2018-07-06T16:55:00","modified_gmt":"2018-07-06T14:55:00","slug":"mursalsky-caj-bio","status":"publish","type":"product","link":"http:\/\/cajovnajasminka.sk\/?product=mursalsky-caj-bio","title":{"rendered":"Mursalsk\u00fd \u010daj (BIO)"},"content":{"rendered":"<p><strong>Mursalsk\u00fd \u010daj je bylinn\u00fd \u010daj z rastliny R\u00e1nhoj horsk\u00fd (Sideritis scardica Griseb). R\u00e1nhoj horsk\u00fd rastie iba na ur\u010dit\u00fdch miestach pohoria Rodopy, ktor\u00e9 sa rozprestiera v Bulharsku, Gr\u00e9cku a Turecku. V Bulharsku je t\u00e1to bylinka na vyzna\u010den\u00fdch miestach pre jej vynikaj\u00face lie\u010div\u00e9 \u00fa\u010dinky z\u00e1konom chr\u00e1nen\u00e1. Mursalsk\u00fd \u010daj poch\u00e1dza z oblasti v ktorej sa vyskytuje aj prirodzene a to z okolia dedinky Trigrad v Bulharsku (lokalita Durduga &#8211; Mursalica). Rastie vo v\u00fd\u0161ke 1500 m n.m, v ekologicky \u010distom prostred\u00ed, \u010do dod\u00e1va \u010daju na v\u00fdnimo\u010dnosti. Balenie \u010daju obsahuje 25 kusov stebiel R\u00e1nhoja horsk\u00e9ho, \u0161etrne zabalen\u00fdch do priesvitnej f\u00f3lie<\/strong><\/p>\n<p><strong>V \u013eudovom lie\u010dite\u013estve sa odpor\u00fa\u010da Mursalsk\u00fd \u010daj pi\u0165 pri nasledovn\u00fdch ochoreniach :<\/strong><strong> \u00a0<\/strong><br \/>\n* pri srdcovo-cievnych ochoreniach (napom\u00e1ha pri vysokom krvnom tlaku)<br \/>\n* pri ochoreniach priedu\u0161iek (bronchit\u00edde, astme, podpuruje vyka\u0161liavanie)<br \/>\n* pri ochoreniach mo\u010dov\u00fdch ciet a prostaty (\u010daj je mo\u010dopudn\u00fd) a pri probl\u00e9moch s chudokrvnos\u0165ou<br \/>\n* \u010daj je vhodn\u00fd pi\u0165 pri obli\u010dkov\u00fdch kame\u0148och (napom\u00e1ha k \u0161etrn\u00e9mu vylu\u010dovaniu kame\u0148ov z organizmu)<br \/>\n* v \u013eudovom lie\u010dite\u013estve sa pou\u017e\u00edva pre jeho protiz\u00e1palov\u00e9 \u00fa\u010dinky a podporu hojenia r\u00e1n<br \/>\n* pre vysok\u00fd obsah sel\u00e9nu je \u010daj aj siln\u00fd antioxidat a preto vhodn\u00fd pi\u0165 na o\u010distu organizmu<\/p>\n<p><strong>N\u00e1vod na pr\u00edpravu:<\/strong><br \/>\nPre zachovanie v\u0161etk\u00fdch lie\u010div\u00fdch a chu\u0165ov\u00fdch \u00fa\u010dinkov \u010daju sa odpor\u00fa\u010da nasledovn\u00fd postup pri pr\u00edprave Mursalsk\u00e9ho \u010daju:<br \/>\nCel\u00e9 1 steblo R\u00e1nhoja horsk\u00e9ho vlo\u017ei\u0165 do 250 ml vody, necha\u0165 zovrie\u0165 a 5 min\u00fa\u0165 vari\u0165 na miernom ohni. Pre pr\u00edpravu v\u00e4\u010d\u0161ieho mno\u017estva \u010daju je vhodn\u00e9 pou\u017ei\u0165 3 stebl\u00e1 na 1 liter vody.<\/p>\n<p><strong>Obsahuje mno\u017estvo l\u00e1tok, ktor\u00e9 pozit\u00edvne p\u00f4sobia na organizmus. Obsahuje stopov\u00e9 prvky a miner\u00e1ly (napr. Na, K, Zn, Mg, P, Si, Al, Fe, Cu, Sel\u00e9n, \u00e9terick\u00e9 oleje, fenoly). Neobsahuje kofe\u00edn<\/strong><\/p>\n<p><strong>Hmotnos\u0165 :<\/strong>\u00a022 g<\/p>\n","protected":false},"excerpt":{"rendered":"<p><strong>Hmotnos\u0165 : 22 g\u00a0<\/strong><\/p>\n","protected":false},"featured_media":1587,"comment_status":"open","ping_status":"closed","template":"","meta":[],"_links":{"self":[{"href":"http:\/\/cajovnajasminka.sk\/index.php?rest_route=\/wp\/v2\/product\/1586"}],"collection":[{"href":"http:\/\/cajovnajasminka.sk\/index.php?rest_route=\/wp\/v2\/product"}],"about":[{"href":"http:\/\/cajovnajasminka.sk\/index.php?rest_route=\/wp\/v2\/types\/product"}],"replies":[{"embeddable":true,"href":"http:\/\/cajovnajasminka.sk\/index.php?rest_route=%2Fwp%2Fv2%2Fcomments&post=1586"}],"wp:featuredmedia":[{"embeddable":true,"href":"http:\/\/cajovnajasminka.sk\/index.php?rest_route=\/wp\/v2\/media\/1587"}],"wp:attachment":[{"href":"http:\/\/cajovnajasminka.sk\/index.php?rest_route=%2Fwp%2Fv2%2Fmedia&parent=1586"}],"curies":[{"name":"wp","href":"https:\/\/api.w.org\/{rel}","templated":true}]}}