{"id":158,"date":"2017-04-30T11:56:35","date_gmt":"2017-04-30T09:56:35","guid":{"rendered":"http:\/\/cajovnajasminka.sk\/?product=chripka-bylinny-caj-sypany"},"modified":"2023-02-15T11:13:37","modified_gmt":"2023-02-15T10:13:37","slug":"chripka-bylinny-caj-sypany","status":"publish","type":"product","link":"http:\/\/cajovnajasminka.sk\/?product=chripka-bylinny-caj-sypany","title":{"rendered":"Nachladnutie-Bylinn\u00fd \u010daj sypan\u00fd"},"content":{"rendered":"<p>\u010cesk\u00fd kvalitn\u00fd sypan\u00fd bylinn\u00fd \u010daj zostavovan\u00fd pod\u013ea origin\u00e1lnej recept\u00fary, chr\u00e1nen\u00fd ochrannou zn\u00e1mkou, ur\u010den\u00fd na konkr\u00e9tny probl\u00e9m.<\/p>\n<p><strong>Zlo\u017eenie :\u00a0<\/strong><\/p>\n<p><strong>Lipa kvet<\/strong> &#8211; podporuje\u00a0<strong>d\u00fdchanie<\/strong>, imunitu<br \/>\n<strong>Baza \u010dierna kvet<\/strong> &#8211; podporuje <strong>horn\u00e9 d\u00fdchacie cesty\u00a0<\/strong><br \/>\n<strong>\u0160\u00edpka plod<\/strong> &#8211; podporuje <strong>imunitu<\/strong>, hojenie, tonizuje telo<br \/>\n<strong>Divozel\u00a0kvet<\/strong> &#8211; podporuje<strong> kvalitu slizn\u00edc<\/strong> a d\u00fdchanie<br \/>\n<strong>V\u0155ba k\u00f4ra<\/strong> \u2013 celkovo\u00a0<strong>posil\u0148uje organizmus<\/strong><br \/>\n<strong>Podbe\u013e list<\/strong> &#8211; podporuje horn\u00e9 d\u00fdchacie cesty a imunitu<\/p>\n<p><strong>Gram\u00e1\u017e : 50 g\u00a0<\/strong><\/p>\n","protected":false},"excerpt":{"rendered":"<p>\u010cesk\u00fd kvalitn\u00fd sypan\u00fd bylinn\u00fd \u010daj zostavovan\u00fd pod\u013ea origin\u00e1lnej recept\u00fary, chr\u00e1nen\u00fd ochrannou zn\u00e1mkou, ur\u010den\u00fd na konkr\u00e9tny probl\u00e9m. Zlo\u017eenie :\u00a0 Lipa kvet &#8211; podporuje\u00a0d\u00fdchanie, imunitu Baza \u010dierna kvet &#8211; podporuje horn\u00e9 d\u00fdchacie cesty\u00a0 \u0160\u00edpka plod &#8211; podporuje imunitu, hojenie, tonizuje telo Divozel\u00a0kvet &#8211; podporuje kvalitu slizn\u00edc a d\u00fdchanie V\u0155ba k\u00f4ra \u2013 celkovo\u00a0posil\u0148uje organizmus Podbe\u013e list &#8211; podporuje<\/p>\n","protected":false},"featured_media":1950,"comment_status":"open","ping_status":"closed","template":"","meta":[],"_links":{"self":[{"href":"http:\/\/cajovnajasminka.sk\/index.php?rest_route=\/wp\/v2\/product\/158"}],"collection":[{"href":"http:\/\/cajovnajasminka.sk\/index.php?rest_route=\/wp\/v2\/product"}],"about":[{"href":"http:\/\/cajovnajasminka.sk\/index.php?rest_route=\/wp\/v2\/types\/product"}],"replies":[{"embeddable":true,"href":"http:\/\/cajovnajasminka.sk\/index.php?rest_route=%2Fwp%2Fv2%2Fcomments&post=158"}],"wp:featuredmedia":[{"embeddable":true,"href":"http:\/\/cajovnajasminka.sk\/index.php?rest_route=\/wp\/v2\/media\/1950"}],"wp:attachment":[{"href":"http:\/\/cajovnajasminka.sk\/index.php?rest_route=%2Fwp%2Fv2%2Fmedia&parent=158"}],"curies":[{"name":"wp","href":"https:\/\/api.w.org\/{rel}","templated":true}]}}