{"id":156,"date":"2017-04-30T11:52:34","date_gmt":"2017-04-30T09:52:34","guid":{"rendered":"http:\/\/cajovnajasminka.sk\/?product=cholesterin-bylinny-caj-sypany"},"modified":"2023-02-15T11:13:49","modified_gmt":"2023-02-15T10:13:49","slug":"cholesterin-bylinny-caj-sypany","status":"publish","type":"product","link":"http:\/\/cajovnajasminka.sk\/?product=cholesterin-bylinny-caj-sypany","title":{"rendered":"Cholesterin-Bylinn\u00fd \u010daj sypan\u00fd"},"content":{"rendered":"<p>\u010cesk\u00fd kvalitn\u00fd sypan\u00fd bylinn\u00fd \u010daj zostavovan\u00fd pod\u013ea origin\u00e1lnej recept\u00fary, chr\u00e1nen\u00fd ochrannou zn\u00e1mkou, ur\u010den\u00fd na konkr\u00e9tny probl\u00e9m.<\/p>\n<p><strong>Zlo\u017eenie :\u00a0<\/strong><\/p>\n<p><strong>\u0160\u00edpka plod<\/strong> \u2013 podporuje krvn\u00fd obeh, poklad\u00e1 sa za\u00a0<strong>pr\u00edrodn\u00fd antioxidant<br \/>\n<\/strong><strong>Rozrazil v\u0148a\u0165<\/strong> &#8211; podporuje<strong> metabolizmus tukov<\/strong>\u00a0\u010dinnos\u0165<strong>\u00a0pe\u010dene<\/strong><br \/>\n<strong>Arti\u010dok v\u0148a\u0165<\/strong> \u2013 podporuje<strong> spr\u00e1vnu hladinu cholesterolu v krvi<\/strong><br \/>\n<strong>Imelo v\u0148a\u0165<\/strong> \u2013 podporuje metabolizmus tukov a <strong>kvalitu ciev<\/strong><br \/>\n<strong>Rozmar\u00edn v\u0148a\u0165<\/strong> \u2013 podporuje norm\u00e1lnu hladinu <strong>cholesterolu v\u00a0krvi a funkciu srdca<br \/>\n<\/strong><strong>Slamiha\u00a0kvet<\/strong> &#8211; podporuje funkciu pe\u010dene a \u017el\u010dn\u00edku<\/p>\n<p><strong>Gram\u00e1\u017e : 50 g\u00a0<\/strong><\/p>\n","protected":false},"excerpt":{"rendered":"<p>\u010cesk\u00fd kvalitn\u00fd sypan\u00fd bylinn\u00fd \u010daj zostavovan\u00fd pod\u013ea origin\u00e1lnej recept\u00fary, chr\u00e1nen\u00fd ochrannou zn\u00e1mkou, ur\u010den\u00fd na konkr\u00e9tny probl\u00e9m. Zlo\u017eenie :\u00a0 \u0160\u00edpka plod \u2013 podporuje krvn\u00fd obeh, poklad\u00e1 sa za\u00a0pr\u00edrodn\u00fd antioxidant Rozrazil v\u0148a\u0165 &#8211; podporuje metabolizmus tukov\u00a0\u010dinnos\u0165\u00a0pe\u010dene Arti\u010dok v\u0148a\u0165 \u2013 podporuje spr\u00e1vnu hladinu cholesterolu v krvi Imelo v\u0148a\u0165 \u2013 podporuje metabolizmus tukov a kvalitu ciev Rozmar\u00edn v\u0148a\u0165 \u2013<\/p>\n","protected":false},"featured_media":1929,"comment_status":"open","ping_status":"closed","template":"","meta":[],"_links":{"self":[{"href":"http:\/\/cajovnajasminka.sk\/index.php?rest_route=\/wp\/v2\/product\/156"}],"collection":[{"href":"http:\/\/cajovnajasminka.sk\/index.php?rest_route=\/wp\/v2\/product"}],"about":[{"href":"http:\/\/cajovnajasminka.sk\/index.php?rest_route=\/wp\/v2\/types\/product"}],"replies":[{"embeddable":true,"href":"http:\/\/cajovnajasminka.sk\/index.php?rest_route=%2Fwp%2Fv2%2Fcomments&post=156"}],"wp:featuredmedia":[{"embeddable":true,"href":"http:\/\/cajovnajasminka.sk\/index.php?rest_route=\/wp\/v2\/media\/1929"}],"wp:attachment":[{"href":"http:\/\/cajovnajasminka.sk\/index.php?rest_route=%2Fwp%2Fv2%2Fmedia&parent=156"}],"curies":[{"name":"wp","href":"https:\/\/api.w.org\/{rel}","templated":true}]}}