{"id":154,"date":"2017-04-30T11:49:04","date_gmt":"2017-04-30T09:49:04","guid":{"rendered":"http:\/\/cajovnajasminka.sk\/?product=hypertonik-bylinny-caj-sypany"},"modified":"2023-02-15T11:14:05","modified_gmt":"2023-02-15T10:14:05","slug":"hypertonik-bylinny-caj-sypany","status":"publish","type":"product","link":"http:\/\/cajovnajasminka.sk\/?product=hypertonik-bylinny-caj-sypany","title":{"rendered":"Hypertonik-Bylinn\u00fd \u010daj sypan\u00fd"},"content":{"rendered":"<p>\u010cesk\u00fd kvalitn\u00fd sypan\u00fd bylinn\u00fd \u010daj zostavovan\u00fd pod\u013ea origin\u00e1lnej recept\u00fary, chr\u00e1nen\u00fd ochrannou zn\u00e1mkou, ur\u010den\u00fd na konkr\u00e9tny probl\u00e9m.<\/p>\n<p><strong>Zlo\u017eenie :\u00a0<\/strong><\/p>\n<p><strong>\u017dih\u013eava v\u0148a\u0165<\/strong> \u2013 podporuje<strong> kardiovaskul\u00e1rny syst\u00e9m<br \/>\n<\/strong><strong>\u0160\u00edpka plod<\/strong> \u2013 podporuje krvn\u00fd obeh<br \/>\n<strong>Hloh list, kvet<\/strong> \u2013 <strong>upravuje krvn\u00fd tlak<\/strong> a podporuje norm\u00e1lnu \u010dinnos\u0165 srdca<br \/>\n<strong>Imelo\u00a0v\u0148a\u0165<\/strong> &#8211; podporuje spr\u00e1vny<strong>\u00a0krvn\u00fd tlak a cievny syst\u00e9m<\/strong><br \/>\n<strong>Dobromyse\u013e\u00a0<\/strong>&#8211; podporuje <strong>psychiku<\/strong> a spr\u00e1vny krvn\u00fd tlak<br \/>\n<strong>Ihlica kore\u0148<\/strong>\u00a0\u2013 podporuje o\u010distu<\/p>\n<p><strong>Gram\u00e1\u017e : 50 g\u00a0<\/strong><\/p>\n","protected":false},"excerpt":{"rendered":"<p>\u010cesk\u00fd kvalitn\u00fd sypan\u00fd bylinn\u00fd \u010daj zostavovan\u00fd pod\u013ea origin\u00e1lnej recept\u00fary, chr\u00e1nen\u00fd ochrannou zn\u00e1mkou, ur\u010den\u00fd na konkr\u00e9tny probl\u00e9m. Zlo\u017eenie :\u00a0 \u017dih\u013eava v\u0148a\u0165 \u2013 podporuje kardiovaskul\u00e1rny syst\u00e9m \u0160\u00edpka plod \u2013 podporuje krvn\u00fd obeh Hloh list, kvet \u2013 upravuje krvn\u00fd tlak a podporuje norm\u00e1lnu \u010dinnos\u0165 srdca Imelo\u00a0v\u0148a\u0165 &#8211; podporuje spr\u00e1vny\u00a0krvn\u00fd tlak a cievny syst\u00e9m Dobromyse\u013e\u00a0&#8211; podporuje psychiku a spr\u00e1vny<\/p>\n","protected":false},"featured_media":1930,"comment_status":"open","ping_status":"closed","template":"","meta":[],"_links":{"self":[{"href":"http:\/\/cajovnajasminka.sk\/index.php?rest_route=\/wp\/v2\/product\/154"}],"collection":[{"href":"http:\/\/cajovnajasminka.sk\/index.php?rest_route=\/wp\/v2\/product"}],"about":[{"href":"http:\/\/cajovnajasminka.sk\/index.php?rest_route=\/wp\/v2\/types\/product"}],"replies":[{"embeddable":true,"href":"http:\/\/cajovnajasminka.sk\/index.php?rest_route=%2Fwp%2Fv2%2Fcomments&post=154"}],"wp:featuredmedia":[{"embeddable":true,"href":"http:\/\/cajovnajasminka.sk\/index.php?rest_route=\/wp\/v2\/media\/1930"}],"wp:attachment":[{"href":"http:\/\/cajovnajasminka.sk\/index.php?rest_route=%2Fwp%2Fv2%2Fmedia&parent=154"}],"curies":[{"name":"wp","href":"https:\/\/api.w.org\/{rel}","templated":true}]}}