{"id":1526,"date":"2018-03-01T21:36:25","date_gmt":"2018-03-01T20:36:25","guid":{"rendered":"http:\/\/cajovnajasminka.sk\/?post_type=product&#038;p=1526"},"modified":"2018-03-01T22:26:38","modified_gmt":"2018-03-01T21:26:38","slug":"mate-green","status":"publish","type":"product","link":"http:\/\/cajovnajasminka.sk\/?product=mate-green","title":{"rendered":"Mat\u00e9 green"},"content":{"rendered":"<p><strong>Mat\u00e9 &#8211; zelen\u00e9 zlato indi\u00e1nov, pri\u0161lo do Eur\u00f3py z Ju\u017enej Ameriky. \u010caj sa z\u00edskava su\u0161en\u00edm mlad\u00fdch\u00a0vetvi\u010diek posv\u00e4tnej rastliny Cezm\u00edny paraguajskej (Ilex paraguariensis). Cezm\u00edna je st\u00e1le zelen\u00fd strom be\u017ene dorastaj\u00faci do v\u00fd\u0161ky 8-15m.\u00a0Obsah kofe\u00ednu je 6,5%, \u010do je asi o 1,5% viac ne\u017e v k\u00e1ve alebo \u010daju. Mate obsahuje ve\u013ea vitam\u00ednov, bielkov\u00edn, magn\u00e9zia, \u017eeleza, sod\u00edku, flu\u00f3ru a \u010fal\u0161\u00edch l\u00e1tok.\u00a0Mat\u00e9 je pova\u017eovan\u00e9 za n\u00e1poj priate\u013estva, tradi\u010dne sa toti\u017e pije v kruhu priate\u013eov alebo rodiny z jednej tekvi\u010dky.<\/strong><\/p>\n<p><strong>Juhoamerik\u00e9 Mat\u00e9 je zn\u00e1me mno\u017estvom pozit\u00edvnych zdravotn\u00fdch \u00fa\u010dinkov:<\/strong><\/p>\n<ul>\n<li>aktivizuje centr\u00e1lny nervov\u00fd syst\u00e9m<\/li>\n<li>zni\u017euje \u00fanavu, zlep\u0161uje pam\u00e4\u0165<\/li>\n<li>prospieva po intenz\u00edvnom slnen\u00ed a pri \u00fanave z tepla<\/li>\n<li>pom\u00e1ha pri bolestiach hlavy a migr\u00e9ne<\/li>\n<li>odstra\u0148uje poruchy sp\u00e1nku<\/li>\n<li>spoma\u013euje procesy starnutia<\/li>\n<li>regeneruje a posil\u0148uje srdce a cel\u00fd kardiovaskul\u00e1rny syst\u00e9m<\/li>\n<li>zmier\u0148uje a lie\u010di k\u00f4rnatenie tepien<\/li>\n<li>uvo\u013e\u0148uje perif\u00e9rne cievy a t\u00fdm zni\u017euje krvn\u00fd tlak<\/li>\n<li>je \u00fa\u010dinn\u00fdm antioxidantom, obsahujcim polyfenoly<\/li>\n<li>odb\u00farava toxick\u00e9 l\u00e1tky z tela<\/li>\n<li>regeneruje pe\u010de\u0148<\/li>\n<li>vyrovn\u00e1va hladinu cukru v krvi<\/li>\n<li>stimuluje k\u00f4ru nadobli\u010diek a produkciu glukokortikoidu<\/li>\n<li>zlep\u0161uje tr\u00e1venie<\/li>\n<li>lie\u010di probl\u00e9my za\u017e\u00edvacieho traktu<\/li>\n<li>pom\u00e1ha pri z\u00e1pche a hemoroidoch<\/li>\n<li>zni\u017euje pocit hladu a z\u00e1sobuje telo energiou<\/li>\n<li>napom\u00e1ha pri alergi\u00e1ch a sennej n\u00e1dche<\/li>\n<li>zmier\u0148uje \u00fa\u010dinky stresu na organizmus<\/li>\n<li>p\u00f4sob\u00ed protiz\u00e1palovo a regenera\u010dne<\/li>\n<li>posil\u0148uje imunitu<\/li>\n<li>napom\u00e1ha v rekonvalescencii<\/li>\n<li>pozit\u00edvne vpl\u00fdva na sexualitu<\/li>\n<li>pou\u017e\u00edva sa aj ako afrodiziakum<\/li>\n<\/ul>\n<p><strong>Krajina p\u00f4vodu:<\/strong>\u00a0Ju\u017en\u00e1 Amerika<\/p>\n<p><b>Pr\u00edprava: \u00a0<\/b>K tradi\u010dnej pr\u00edprave \u010daju Mat\u00e9 potrebujete kalabasu (n\u00e1doba z ur\u010dit\u00e9ho druhu tekvice) a bombillu (kovov\u00e1 alebo bambusov\u00e1 slamka, kt. m\u00e1 na konci sitko alebo dierky). Obe n\u00e1jdete u n\u00e1s v eshope alebo kamennom obchode.<\/p>\n<p>Pred prv\u00fdm pou\u017eit\u00edm treba kalabasu vypl\u00e1chnu\u0165 a vysu\u0161i\u0165. Potom napl\u0148te kalabasu do 2\/3 \u010dajom mat\u00e9. N\u00e1dobku naklonte tak aby sa zosipali na jednu stranu v\u0161etky l\u00edstky a do pr\u00e1zdneho priestoru nalejte studen\u00fa vodu, len to\u013eko aby sa l\u00edstky do nej ponorili. Nechajte chv\u00ed\u013eu p\u00f4sobi\u0165 a potom jemne ponorte bombilu. zalejte hor\u00facou vodou 70-90\u00b0C (nie vriacou) a\u017e po okraj kalabasy a m\u00f4\u017eete pi\u0165. \u010caj nemie\u0161ajte, aby ste neupchali dierky v bombille. Prv\u00fd n\u00e1lev je ve\u013emi siln\u00fd, m\u00f4\u017eete prida\u0165 hor\u00facu vodu i viackr\u00e1t a t\u00fdm si \u010daj zjemni\u0165. Pr\u00edpadne prv\u00fd n\u00e1lev vylia\u0165 a pi\u0165 a\u017e ten \u010fa\u013e\u0161\u00ed.<\/p>\n<p>Klasick\u00e1 pr\u00edprava: 1-2 \u010dajov\u00e9 ly\u017ei\u010dky zalia\u0165 2,5-3dcl vodou o\u00a0teplote 70-90\u00b0 a necha\u0165 5-10 min. vyl\u00fahova\u0165.<\/p>\n<p><strong>Obsah balenia :\u00a0<\/strong>vyberte mno\u017estvo<\/p>\n","protected":false},"excerpt":{"rendered":"<p><strong>Cena je uveden\u00e1 za 50g \u010daju\u00a0<\/strong><\/p>\n","protected":false},"featured_media":1536,"comment_status":"open","ping_status":"closed","template":"","meta":[],"_links":{"self":[{"href":"http:\/\/cajovnajasminka.sk\/index.php?rest_route=\/wp\/v2\/product\/1526"}],"collection":[{"href":"http:\/\/cajovnajasminka.sk\/index.php?rest_route=\/wp\/v2\/product"}],"about":[{"href":"http:\/\/cajovnajasminka.sk\/index.php?rest_route=\/wp\/v2\/types\/product"}],"replies":[{"embeddable":true,"href":"http:\/\/cajovnajasminka.sk\/index.php?rest_route=%2Fwp%2Fv2%2Fcomments&post=1526"}],"wp:featuredmedia":[{"embeddable":true,"href":"http:\/\/cajovnajasminka.sk\/index.php?rest_route=\/wp\/v2\/media\/1536"}],"wp:attachment":[{"href":"http:\/\/cajovnajasminka.sk\/index.php?rest_route=%2Fwp%2Fv2%2Fmedia&parent=1526"}],"curies":[{"name":"wp","href":"https:\/\/api.w.org\/{rel}","templated":true}]}}