{"id":152,"date":"2017-04-30T11:43:15","date_gmt":"2017-04-30T09:43:15","guid":{"rendered":"http:\/\/cajovnajasminka.sk\/?product=hemeroid-bylinny-caj-sypany"},"modified":"2023-02-15T11:14:14","modified_gmt":"2023-02-15T10:14:14","slug":"hemeroid-bylinny-caj-sypany","status":"publish","type":"product","link":"http:\/\/cajovnajasminka.sk\/?product=hemeroid-bylinny-caj-sypany","title":{"rendered":"Hemorin-Bylinn\u00fd \u010daj sypan\u00fd"},"content":{"rendered":"<p>\u010cesk\u00fd kvalitn\u00fd sypan\u00fd bylinn\u00fd \u010daj zostavovan\u00fd pod\u013ea origin\u00e1lnej recept\u00fary, chr\u00e1nen\u00fd ochrannou zn\u00e1mkou, ur\u010den\u00fd na konkr\u00e9tny probl\u00e9m.<\/p>\n<p><strong>Zlo\u017eenie :\u00a0<\/strong><\/p>\n<p><strong>Koko\u0161ka v\u0148a\u0165<\/strong> \u2013 podporuje cievy, krvn\u00fd obeh, z<strong>ni\u017euje krv\u00e1canie<br \/>\n<\/strong><strong>Prasli\u010dka v\u0148a\u0165<\/strong> \u2013 podporuje <strong>elasticitu ciev<\/strong> a dobr\u00e9 tkaniv\u00e1<br \/>\n<strong>Rep\u00edk v\u0148a\u0165<\/strong> \u2013 podporuje<strong> \u010drev\u00e1, \u010drevn\u00fa peristaltiku<\/strong>, prekrvenie<br \/>\n<strong>Rebr\u00ed\u010dek v\u0148a\u0165<\/strong> \u2013 podporuje norm\u00e1lny stav ciev<br \/>\n<strong>Pohanka v\u0148a\u0165<\/strong> \u2013 podporuje cievny syst\u00e9m<br \/>\n<strong>\u017dih\u013eava v\u0148a\u0165<\/strong> \u2013 obsahuje <strong>miner\u00e1ly a \u017eelezo<\/strong><\/p>\n<p><strong>Gram\u00e1\u017e : 50 g\u00a0<\/strong><\/p>\n","protected":false},"excerpt":{"rendered":"<p>\u010cesk\u00fd kvalitn\u00fd sypan\u00fd bylinn\u00fd \u010daj zostavovan\u00fd pod\u013ea origin\u00e1lnej recept\u00fary, chr\u00e1nen\u00fd ochrannou zn\u00e1mkou, ur\u010den\u00fd na konkr\u00e9tny probl\u00e9m. Zlo\u017eenie :\u00a0 Koko\u0161ka v\u0148a\u0165 \u2013 podporuje cievy, krvn\u00fd obeh, zni\u017euje krv\u00e1canie Prasli\u010dka v\u0148a\u0165 \u2013 podporuje elasticitu ciev a dobr\u00e9 tkaniv\u00e1 Rep\u00edk v\u0148a\u0165 \u2013 podporuje \u010drev\u00e1, \u010drevn\u00fa peristaltiku, prekrvenie Rebr\u00ed\u010dek v\u0148a\u0165 \u2013 podporuje norm\u00e1lny stav ciev Pohanka v\u0148a\u0165 \u2013 podporuje<\/p>\n","protected":false},"featured_media":1932,"comment_status":"open","ping_status":"closed","template":"","meta":[],"_links":{"self":[{"href":"http:\/\/cajovnajasminka.sk\/index.php?rest_route=\/wp\/v2\/product\/152"}],"collection":[{"href":"http:\/\/cajovnajasminka.sk\/index.php?rest_route=\/wp\/v2\/product"}],"about":[{"href":"http:\/\/cajovnajasminka.sk\/index.php?rest_route=\/wp\/v2\/types\/product"}],"replies":[{"embeddable":true,"href":"http:\/\/cajovnajasminka.sk\/index.php?rest_route=%2Fwp%2Fv2%2Fcomments&post=152"}],"wp:featuredmedia":[{"embeddable":true,"href":"http:\/\/cajovnajasminka.sk\/index.php?rest_route=\/wp\/v2\/media\/1932"}],"wp:attachment":[{"href":"http:\/\/cajovnajasminka.sk\/index.php?rest_route=%2Fwp%2Fv2%2Fmedia&parent=152"}],"curies":[{"name":"wp","href":"https:\/\/api.w.org\/{rel}","templated":true}]}}