{"id":150,"date":"2017-04-30T11:38:22","date_gmt":"2017-04-30T09:38:22","guid":{"rendered":"http:\/\/cajovnajasminka.sk\/?product=dobry-spanok-bylinny-caj-sypany"},"modified":"2023-02-15T11:14:24","modified_gmt":"2023-02-15T10:14:24","slug":"dobry-spanok-bylinny-caj-sypany","status":"publish","type":"product","link":"http:\/\/cajovnajasminka.sk\/?product=dobry-spanok-bylinny-caj-sypany","title":{"rendered":"Dobr\u00fd sp\u00e1nok-Bylinn\u00fd \u010daj sypan\u00fd"},"content":{"rendered":"<p>\u010cesk\u00fd kvalitn\u00fd sypan\u00fd bylinn\u00fd \u010daj zostavovan\u00fd pod\u013ea origin\u00e1lnej recept\u00fary, chr\u00e1nen\u00fd ochrannou zn\u00e1mkou, ur\u010den\u00fd na konkr\u00e9tny probl\u00e9m.<\/p>\n<p><strong>Zlo\u017eenie :\u00a0<\/strong><\/p>\n<p><strong>Medovka v\u0148a\u0165<\/strong> &#8211; podporuje <strong>zasp\u00e1vanie\u00a0a sp\u00e1nok,<\/strong> psychick\u00fa a fyzick\u00fa pohodu<br \/>\n<strong>Chme\u013e \u0161i\u0161ka<\/strong>\u00a0\u2013 podporuje zasp\u00e1vanie\u00a0a sp\u00e1nok, <strong>spr\u00e1vny priebeh klimakt\u00e9ria<br \/>\n<\/strong><strong>Materinad\u00fa\u0161ka v\u0148a\u0165<\/strong> \u2013 podporuje d\u00fdchanie<br \/>\n<strong>Trezalka v\u0148a\u0165<\/strong> \u2013podporuje <strong>relax\u00e1ciu, uvolnenie a sp\u00e1nok<\/strong><\/p>\n<p><strong>Gram\u00e1\u017e : 50 g\u00a0<\/strong><\/p>\n","protected":false},"excerpt":{"rendered":"<p>\u010cesk\u00fd kvalitn\u00fd sypan\u00fd bylinn\u00fd \u010daj zostavovan\u00fd pod\u013ea origin\u00e1lnej recept\u00fary, chr\u00e1nen\u00fd ochrannou zn\u00e1mkou, ur\u010den\u00fd na konkr\u00e9tny probl\u00e9m. Zlo\u017eenie :\u00a0 Medovka v\u0148a\u0165 &#8211; podporuje zasp\u00e1vanie\u00a0a sp\u00e1nok, psychick\u00fa a fyzick\u00fa pohodu Chme\u013e \u0161i\u0161ka\u00a0\u2013 podporuje zasp\u00e1vanie\u00a0a sp\u00e1nok, spr\u00e1vny priebeh klimakt\u00e9ria Materinad\u00fa\u0161ka v\u0148a\u0165 \u2013 podporuje d\u00fdchanie Trezalka v\u0148a\u0165 \u2013podporuje relax\u00e1ciu, uvolnenie a sp\u00e1nok Gram\u00e1\u017e : 50 g\u00a0<\/p>\n","protected":false},"featured_media":1934,"comment_status":"open","ping_status":"closed","template":"","meta":[],"_links":{"self":[{"href":"http:\/\/cajovnajasminka.sk\/index.php?rest_route=\/wp\/v2\/product\/150"}],"collection":[{"href":"http:\/\/cajovnajasminka.sk\/index.php?rest_route=\/wp\/v2\/product"}],"about":[{"href":"http:\/\/cajovnajasminka.sk\/index.php?rest_route=\/wp\/v2\/types\/product"}],"replies":[{"embeddable":true,"href":"http:\/\/cajovnajasminka.sk\/index.php?rest_route=%2Fwp%2Fv2%2Fcomments&post=150"}],"wp:featuredmedia":[{"embeddable":true,"href":"http:\/\/cajovnajasminka.sk\/index.php?rest_route=\/wp\/v2\/media\/1934"}],"wp:attachment":[{"href":"http:\/\/cajovnajasminka.sk\/index.php?rest_route=%2Fwp%2Fv2%2Fmedia&parent=150"}],"curies":[{"name":"wp","href":"https:\/\/api.w.org\/{rel}","templated":true}]}}