{"id":148,"date":"2017-04-30T11:31:35","date_gmt":"2017-04-30T09:31:35","guid":{"rendered":"http:\/\/cajovnajasminka.sk\/?product=cistiaci-bylinny-caj-sypany"},"modified":"2023-02-15T11:14:41","modified_gmt":"2023-02-15T10:14:41","slug":"cistiaci-bylinny-caj-sypany","status":"publish","type":"product","link":"http:\/\/cajovnajasminka.sk\/?product=cistiaci-bylinny-caj-sypany","title":{"rendered":"\u010cistiaci-Bylinn\u00fd \u010daj sypan\u00fd"},"content":{"rendered":"<p>\u010cesk\u00fd kvalitn\u00fd sypan\u00fd bylinn\u00fd \u010daj zostavovan\u00fd pod\u013ea origin\u00e1lnej recept\u00fary, chr\u00e1nen\u00fd ochrannou zn\u00e1mkou, ur\u010den\u00fd na konkr\u00e9tny probl\u00e9m.<\/p>\n<p><strong>Zlo\u017eenie :\u00a0<\/strong><\/p>\n<p><strong>\u017dih\u013eava\u00a0v\u0148a\u0165<\/strong> \u2013podporuje <strong>o\u010distu, spr\u00e1vnou \u010drevn\u00fa mikrofl\u00f3ru<\/strong>, hladinu krvn\u00e9ho cukru<br \/>\n<strong>P\u00fapava\u00a0list<\/strong> &#8211; podporuje<strong> detoxik\u00e1ciu<\/strong>, spr\u00e1vnu \u010drevn\u00fa\u00a0mikrofl\u00f3ru, funkciu pe\u010dene<br \/>\n<strong>Sedmokr\u00e1ska kvet<\/strong> &#8211; podporuje stav ko\u017ee, vlasov a nechtov<br \/>\n<strong>Necht\u00edk\u00a0kvet<\/strong> &#8211; podporuje funkciu \u010driev, <strong>spr\u00e1vnu vagin\u00e1lnu mikrofl\u00f3ru<\/strong><br \/>\n<strong>Rebr\u00ed\u010dek\u00a0v\u0148a\u0165<\/strong> \u2013 podporuje metabolizmus tukov, <strong>zni\u017eovanie nadv\u00e1hy<br \/>\n<\/strong><strong>T\u00fa\u017eobn\u00edk v\u0148a\u0165<\/strong> &#8211; podporuje <strong>celkov\u00fa o\u010distu<\/strong><\/p>\n<p><strong>Gram\u00e1\u017e : 50 g\u00a0<\/strong><\/p>\n","protected":false},"excerpt":{"rendered":"<p>\u010cesk\u00fd kvalitn\u00fd sypan\u00fd bylinn\u00fd \u010daj zostavovan\u00fd pod\u013ea origin\u00e1lnej recept\u00fary, chr\u00e1nen\u00fd ochrannou zn\u00e1mkou, ur\u010den\u00fd na konkr\u00e9tny probl\u00e9m. Zlo\u017eenie :\u00a0 \u017dih\u013eava\u00a0v\u0148a\u0165 \u2013podporuje o\u010distu, spr\u00e1vnou \u010drevn\u00fa mikrofl\u00f3ru, hladinu krvn\u00e9ho cukru P\u00fapava\u00a0list &#8211; podporuje detoxik\u00e1ciu, spr\u00e1vnu \u010drevn\u00fa\u00a0mikrofl\u00f3ru, funkciu pe\u010dene Sedmokr\u00e1ska kvet &#8211; podporuje stav ko\u017ee, vlasov a nechtov Necht\u00edk\u00a0kvet &#8211; podporuje funkciu \u010driev, spr\u00e1vnu vagin\u00e1lnu mikrofl\u00f3ru Rebr\u00ed\u010dek\u00a0v\u0148a\u0165 \u2013 podporuje<\/p>\n","protected":false},"featured_media":1896,"comment_status":"open","ping_status":"closed","template":"","meta":[],"_links":{"self":[{"href":"http:\/\/cajovnajasminka.sk\/index.php?rest_route=\/wp\/v2\/product\/148"}],"collection":[{"href":"http:\/\/cajovnajasminka.sk\/index.php?rest_route=\/wp\/v2\/product"}],"about":[{"href":"http:\/\/cajovnajasminka.sk\/index.php?rest_route=\/wp\/v2\/types\/product"}],"replies":[{"embeddable":true,"href":"http:\/\/cajovnajasminka.sk\/index.php?rest_route=%2Fwp%2Fv2%2Fcomments&post=148"}],"wp:featuredmedia":[{"embeddable":true,"href":"http:\/\/cajovnajasminka.sk\/index.php?rest_route=\/wp\/v2\/media\/1896"}],"wp:attachment":[{"href":"http:\/\/cajovnajasminka.sk\/index.php?rest_route=%2Fwp%2Fv2%2Fmedia&parent=148"}],"curies":[{"name":"wp","href":"https:\/\/api.w.org\/{rel}","templated":true}]}}