{"id":1467,"date":"2018-02-12T20:58:31","date_gmt":"2018-02-12T19:58:31","guid":{"rendered":"http:\/\/cajovnajasminka.sk\/?post_type=product&#038;p=1467"},"modified":"2021-04-29T22:33:02","modified_gmt":"2021-04-29T20:33:02","slug":"selenitovy-svietnik","status":"publish","type":"product","link":"http:\/\/cajovnajasminka.sk\/?product=selenitovy-svietnik","title":{"rendered":"selenitov\u00fd svietnik le\u0161ten\u00fd"},"content":{"rendered":"<p>Selenit je kame\u0148 d\u00e1vnoveku, nesie v sebe odtla\u010dok v\u0161etk\u00e9ho, \u010do sa kedy na svete udialo a napriek tomu ide o jeden z najsilnej\u0161\u00edch kry\u0161t\u00e1lov, siahaj\u00face nielen do tohto \u017eivota .Selenit sa v\u00fdborne hod\u00ed k medit\u00e1cii, alebo duchovnej pr\u00e1ci. Velk\u00fd kus selenitu polo\u017een\u00fd v dome vytvor\u00ed pokojn\u00fa atmosf\u00e9ru.<\/p>\n<p><strong>Chr\u00e1ni tehotn\u00e9 \u017eeny a die\u0165a, v\u00fdborn\u00fd aj pre kojace matky<\/strong><br \/>\n<strong> Podporuje v\u0161etky formy komunik\u00e1cie a umo\u017enuje odhali\u0165 klamstv\u00e1 a podvody<\/strong><br \/>\n<strong> Utv\u00e1ra pevn\u00fd z\u00e1klad pre dlhotrvaj\u00face vz\u0165ahy<\/strong><br \/>\n<strong> Prin\u00e1\u0161a do mysl\u00ed jas a rados\u0165<\/strong><br \/>\n<strong> Otv\u00e1ra korunn\u00fa a vy\u0161\u0161iu \u010dakru , umo\u017enuje teda pr\u00edstup k anjelsk\u00e9mu vedomostiam a duchovn\u00e9mu sprievodcovi<\/strong><br \/>\n<strong> \u010cist\u00fd selenit m\u00e1 moc prep\u00e1ja\u0165 vy\u0161\u0161ej svetelnej telo a zakotvi\u0165 ho v pozemsk\u00fdch vibr\u00e1ci\u00e1ch<\/strong><br \/>\n<strong> Udr\u017euje hlbok\u00fd k\u013eud a mier. V\u00fdborne sa hod\u00ed pre medit\u00e1ciu, alebo upokojenie vibr\u00e1ci\u00ed domova<\/strong><br \/>\n<strong> Vhodn\u00fd pre \u013eud\u00ed, ktor\u00ed trpia nervozitou, stresom \u010di neistotou<\/strong><br \/>\n<strong> Rovn\u00e1 chrbticu a zvy\u0161uje jej pohyblivos\u0165<\/strong><br \/>\n<strong> Ochra\u0148uje pred epileptick\u00fdmi z\u00e1chvatmi<\/strong><\/p>\n","protected":false},"excerpt":{"rendered":"<p><strong>Ka\u017ed\u00fd svietnik je \u00faplne jedine\u010dn\u00e1 svojim tvarom, \u0161trukt\u00farou aj farebn\u00fdm odtie\u0148om. Selenit. Svietnik na \u010dajov\u00fa svie\u010dku. V\u00fd\u0161ka : 4,5 cm Priemer : 7,5 cm<\/strong><\/p>\n","protected":false},"featured_media":1468,"comment_status":"closed","ping_status":"closed","template":"","meta":[],"_links":{"self":[{"href":"http:\/\/cajovnajasminka.sk\/index.php?rest_route=\/wp\/v2\/product\/1467"}],"collection":[{"href":"http:\/\/cajovnajasminka.sk\/index.php?rest_route=\/wp\/v2\/product"}],"about":[{"href":"http:\/\/cajovnajasminka.sk\/index.php?rest_route=\/wp\/v2\/types\/product"}],"replies":[{"embeddable":true,"href":"http:\/\/cajovnajasminka.sk\/index.php?rest_route=%2Fwp%2Fv2%2Fcomments&post=1467"}],"wp:featuredmedia":[{"embeddable":true,"href":"http:\/\/cajovnajasminka.sk\/index.php?rest_route=\/wp\/v2\/media\/1468"}],"wp:attachment":[{"href":"http:\/\/cajovnajasminka.sk\/index.php?rest_route=%2Fwp%2Fv2%2Fmedia&parent=1467"}],"curies":[{"name":"wp","href":"https:\/\/api.w.org\/{rel}","templated":true}]}}