{"id":146,"date":"2017-04-30T11:27:02","date_gmt":"2017-04-30T09:27:02","guid":{"rendered":"http:\/\/cajovnajasminka.sk\/?product=celulitida-bylinny-caj-sypany"},"modified":"2023-02-15T11:14:51","modified_gmt":"2023-02-15T10:14:51","slug":"celulitida-bylinny-caj-sypany","status":"publish","type":"product","link":"http:\/\/cajovnajasminka.sk\/?product=celulitida-bylinny-caj-sypany","title":{"rendered":"Pomaran\u010dov\u00e1 ko\u017ea-Bylinn\u00fd \u010daj sypan\u00fd"},"content":{"rendered":"<p>\u010cesk\u00fd kvalitn\u00fd sypan\u00fd bylinn\u00fd \u010daj zostavovan\u00fd pod\u013ea origin\u00e1lnej recept\u00fary, chr\u00e1nen\u00fd ochrannou zn\u00e1mkou, ur\u010den\u00fd na konkr\u00e9tny probl\u00e9m.<\/p>\n<p><strong>Zlo\u017eenie :\u00a0<\/strong><\/p>\n<p><strong>Lipkavec v\u0148a\u0165<\/strong> \u2013 podporuje \u010dinnos\u0165\u00a0<strong>lymfatick\u00e9ho syst\u00e9mu<\/strong><br \/>\n<strong>Ga\u0161tan kvet<\/strong> &#8211; podporuje <strong>prekrvenie, cievy, \u017eily<\/strong>, drobn\u00e9 kapil\u00e1ry<br \/>\n<strong>Truskavec v\u0148a\u0165<\/strong> \u2013podporuje<strong>\u00a0chudnutie<\/strong>\u00a0a funkciu \u010driev<br \/>\n<strong>\u017dih\u013eava v\u0148a\u0165<\/strong> \u2013 podporuje o\u010distu tela, obli\u010diek, <strong>norm\u00e1lny stav ko\u017ee<\/strong><br \/>\n<strong>Prasli\u010dka v\u0148a\u0165<\/strong> \u2013 podporuje norm\u00e1lny stav ko\u017ee a tkan\u00edv, <strong>o\u010distu tela<br \/>\n<\/strong><strong>T\u00fa\u017eobn\u00edk v\u0148a\u0165<\/strong> \u2013 podporuje <strong>vylu\u010dovanie,<\/strong> o\u010distu, stav ko\u017ee<\/p>\n<p><strong>Gram\u00e1\u017e : 50 g\u00a0<\/strong><\/p>\n","protected":false},"excerpt":{"rendered":"<p>\u010cesk\u00fd kvalitn\u00fd sypan\u00fd bylinn\u00fd \u010daj zostavovan\u00fd pod\u013ea origin\u00e1lnej recept\u00fary, chr\u00e1nen\u00fd ochrannou zn\u00e1mkou, ur\u010den\u00fd na konkr\u00e9tny probl\u00e9m. Zlo\u017eenie :\u00a0 Lipkavec v\u0148a\u0165 \u2013 podporuje \u010dinnos\u0165\u00a0lymfatick\u00e9ho syst\u00e9mu Ga\u0161tan kvet &#8211; podporuje prekrvenie, cievy, \u017eily, drobn\u00e9 kapil\u00e1ry Truskavec v\u0148a\u0165 \u2013podporuje\u00a0chudnutie\u00a0a funkciu \u010driev \u017dih\u013eava v\u0148a\u0165 \u2013 podporuje o\u010distu tela, obli\u010diek, norm\u00e1lny stav ko\u017ee Prasli\u010dka v\u0148a\u0165 \u2013 podporuje norm\u00e1lny stav ko\u017ee<\/p>\n","protected":false},"featured_media":1913,"comment_status":"open","ping_status":"closed","template":"","meta":[],"_links":{"self":[{"href":"http:\/\/cajovnajasminka.sk\/index.php?rest_route=\/wp\/v2\/product\/146"}],"collection":[{"href":"http:\/\/cajovnajasminka.sk\/index.php?rest_route=\/wp\/v2\/product"}],"about":[{"href":"http:\/\/cajovnajasminka.sk\/index.php?rest_route=\/wp\/v2\/types\/product"}],"replies":[{"embeddable":true,"href":"http:\/\/cajovnajasminka.sk\/index.php?rest_route=%2Fwp%2Fv2%2Fcomments&post=146"}],"wp:featuredmedia":[{"embeddable":true,"href":"http:\/\/cajovnajasminka.sk\/index.php?rest_route=\/wp\/v2\/media\/1913"}],"wp:attachment":[{"href":"http:\/\/cajovnajasminka.sk\/index.php?rest_route=%2Fwp%2Fv2%2Fmedia&parent=146"}],"curies":[{"name":"wp","href":"https:\/\/api.w.org\/{rel}","templated":true}]}}