{"id":1455,"date":"2018-02-10T21:40:42","date_gmt":"2018-02-10T20:40:42","guid":{"rendered":"http:\/\/cajovnajasminka.sk\/?post_type=product&#038;p=1455"},"modified":"2018-02-10T21:46:05","modified_gmt":"2018-02-10T20:46:05","slug":"kvetinova-miska","status":"publish","type":"product","link":"http:\/\/cajovnajasminka.sk\/?product=kvetinova-miska","title":{"rendered":"Kvetinov\u00e1 miska"},"content":{"rendered":"<p>Klasick\u00e1 miska s objemom a\u017e 450 ml. Vyroben\u00fd z kvalitn\u00e9ho jemn\u00e9ho \u010d\u00ednskeho porcel\u00e1nu, obohaten\u00e1 o mot\u00edv r\u00f4znych farebn\u00fdch kvetiniek.<\/p>\n<p><strong>Objem :<\/strong>\u00a0450 ml<br \/>\n<strong>Materi\u00e1l : <\/strong>jemn\u00fd porcel\u00e1n<\/p>\n","protected":false},"excerpt":{"rendered":"<p><strong>Objem : 450 ml<\/strong><\/p>\n","protected":false},"featured_media":1457,"comment_status":"closed","ping_status":"closed","template":"","meta":[],"_links":{"self":[{"href":"http:\/\/cajovnajasminka.sk\/index.php?rest_route=\/wp\/v2\/product\/1455"}],"collection":[{"href":"http:\/\/cajovnajasminka.sk\/index.php?rest_route=\/wp\/v2\/product"}],"about":[{"href":"http:\/\/cajovnajasminka.sk\/index.php?rest_route=\/wp\/v2\/types\/product"}],"replies":[{"embeddable":true,"href":"http:\/\/cajovnajasminka.sk\/index.php?rest_route=%2Fwp%2Fv2%2Fcomments&post=1455"}],"wp:featuredmedia":[{"embeddable":true,"href":"http:\/\/cajovnajasminka.sk\/index.php?rest_route=\/wp\/v2\/media\/1457"}],"wp:attachment":[{"href":"http:\/\/cajovnajasminka.sk\/index.php?rest_route=%2Fwp%2Fv2%2Fmedia&parent=1455"}],"curies":[{"name":"wp","href":"https:\/\/api.w.org\/{rel}","templated":true}]}}