{"id":1447,"date":"2018-02-10T21:22:43","date_gmt":"2018-02-10T20:22:43","guid":{"rendered":"http:\/\/cajovnajasminka.sk\/?post_type=product&#038;p=1447"},"modified":"2018-02-10T21:27:06","modified_gmt":"2018-02-10T20:27:06","slug":"podcajovnik-cervena-ruza","status":"publish","type":"product","link":"http:\/\/cajovnajasminka.sk\/?product=podcajovnik-cervena-ruza","title":{"rendered":"Pod\u010dajovn\u00edk \u010derven\u00e1 ru\u017ea"},"content":{"rendered":"<p>Podlo\u017eka pod \u010dajov\u00fd s\u00e1\u010dok alebo sitko so sypan\u00fdm \u010dajom s mot\u00edvom ru\u017ei\u010diek na \u010dervenom k\u00e1rovanom pozad\u00ed.<\/p>\n<p>&nbsp;<\/p>\n","protected":false},"excerpt":{"rendered":"<p>Podlo\u017eka pod \u010dajov\u00fd s\u00e1\u010dok alebo sitko so sypan\u00fdm \u010dajom s mot\u00edvom ru\u017ei\u010diek na \u010dervenom k\u00e1rovanom pozad\u00ed. &nbsp;<\/p>\n","protected":false},"featured_media":1449,"comment_status":"closed","ping_status":"closed","template":"","meta":[],"_links":{"self":[{"href":"http:\/\/cajovnajasminka.sk\/index.php?rest_route=\/wp\/v2\/product\/1447"}],"collection":[{"href":"http:\/\/cajovnajasminka.sk\/index.php?rest_route=\/wp\/v2\/product"}],"about":[{"href":"http:\/\/cajovnajasminka.sk\/index.php?rest_route=\/wp\/v2\/types\/product"}],"replies":[{"embeddable":true,"href":"http:\/\/cajovnajasminka.sk\/index.php?rest_route=%2Fwp%2Fv2%2Fcomments&post=1447"}],"wp:featuredmedia":[{"embeddable":true,"href":"http:\/\/cajovnajasminka.sk\/index.php?rest_route=\/wp\/v2\/media\/1449"}],"wp:attachment":[{"href":"http:\/\/cajovnajasminka.sk\/index.php?rest_route=%2Fwp%2Fv2%2Fmedia&parent=1447"}],"curies":[{"name":"wp","href":"https:\/\/api.w.org\/{rel}","templated":true}]}}