{"id":1443,"date":"2018-02-10T18:04:24","date_gmt":"2018-02-10T17:04:24","guid":{"rendered":"http:\/\/cajovnajasminka.sk\/?post_type=product&#038;p=1443"},"modified":"2018-02-10T21:22:03","modified_gmt":"2018-02-10T20:22:03","slug":"podcajovnik-macky","status":"publish","type":"product","link":"http:\/\/cajovnajasminka.sk\/?product=podcajovnik-macky","title":{"rendered":"Pod\u010dajovn\u00edk ma\u010dky"},"content":{"rendered":"<p>Podlo\u017eka pod \u010dajov\u00fd s\u00e1\u010dok alebo sitko so sypan\u00fdm \u010dajom s rozpr\u00e1vkov\u00fdm mot\u00edvom za\u013e\u00faben\u00fdch ma\u010di\u010diek.<\/p>\n<p>&nbsp;<\/p>\n","protected":false},"excerpt":{"rendered":"<p>Podlo\u017eka pod \u010dajov\u00fd s\u00e1\u010dok alebo sitko so sypan\u00fdm \u010dajom s rozpr\u00e1vkov\u00fdm mot\u00edvom za\u013e\u00faben\u00fdch ma\u010di\u010diek. &nbsp;<\/p>\n","protected":false},"featured_media":1446,"comment_status":"closed","ping_status":"closed","template":"","meta":[],"_links":{"self":[{"href":"http:\/\/cajovnajasminka.sk\/index.php?rest_route=\/wp\/v2\/product\/1443"}],"collection":[{"href":"http:\/\/cajovnajasminka.sk\/index.php?rest_route=\/wp\/v2\/product"}],"about":[{"href":"http:\/\/cajovnajasminka.sk\/index.php?rest_route=\/wp\/v2\/types\/product"}],"replies":[{"embeddable":true,"href":"http:\/\/cajovnajasminka.sk\/index.php?rest_route=%2Fwp%2Fv2%2Fcomments&post=1443"}],"wp:featuredmedia":[{"embeddable":true,"href":"http:\/\/cajovnajasminka.sk\/index.php?rest_route=\/wp\/v2\/media\/1446"}],"wp:attachment":[{"href":"http:\/\/cajovnajasminka.sk\/index.php?rest_route=%2Fwp%2Fv2%2Fmedia&parent=1443"}],"curies":[{"name":"wp","href":"https:\/\/api.w.org\/{rel}","templated":true}]}}