{"id":144,"date":"2017-04-30T11:24:06","date_gmt":"2017-04-30T09:24:06","guid":{"rendered":"http:\/\/cajovnajasminka.sk\/?product=bystra-mysel-bylinny-caj-sypany"},"modified":"2023-02-15T11:15:01","modified_gmt":"2023-02-15T10:15:01","slug":"bystra-mysel-bylinny-caj-sypany","status":"publish","type":"product","link":"http:\/\/cajovnajasminka.sk\/?product=bystra-mysel-bylinny-caj-sypany","title":{"rendered":"Bystr\u00e1 myse\u013e-Bylinn\u00fd \u010daj sypan\u00fd"},"content":{"rendered":"<p>\u010cesk\u00fd kvalitn\u00fd sypan\u00fd bylinn\u00fd \u010daj zostavovan\u00fd pod\u013ea origin\u00e1lnej recept\u00fary, chr\u00e1nen\u00fd ochrannou zn\u00e1mkou, ur\u010den\u00fd na konkr\u00e9tny probl\u00e9m.<\/p>\n<p><strong>Zlo\u017eenie :\u00a0<\/strong><\/p>\n<p><strong>Zelen\u00fd \u010daj<\/strong> \u2013 podporuje <strong>koncentr\u00e1ciu, u\u010denie, funkciu u\u0161\u00ed<\/strong><br \/>\n<strong>\u010cirna r\u00edbez\u013ea list<\/strong> &#8211; celkovo podporuje organizmus<br \/>\n<strong>Rozmar\u00edn list<\/strong> \u2013 podporuje <strong>prekrvenie mozgu, pam\u00e4\u0165, srdce, hladinu cholesterolu<\/strong><br \/>\n<strong>M\u00e4ta v\u0148a\u0165<\/strong> \u2013 podporuje relax\u00e1ciu<br \/>\n<strong>Poh\u00e1nka v\u0148a\u0165<\/strong> \u2013 podporuje <strong>cievny syst\u00e9m<br \/>\n<\/strong><strong>Prasli\u010dka v\u0148a\u0165<\/strong> \u2013 podporuje elasticitu ciev<\/p>\n<p><strong>Gram\u00e1\u017e : 50 g\u00a0<\/strong><\/p>\n","protected":false},"excerpt":{"rendered":"<p>\u010cesk\u00fd kvalitn\u00fd sypan\u00fd bylinn\u00fd \u010daj zostavovan\u00fd pod\u013ea origin\u00e1lnej recept\u00fary, chr\u00e1nen\u00fd ochrannou zn\u00e1mkou, ur\u010den\u00fd na konkr\u00e9tny probl\u00e9m. Zlo\u017eenie :\u00a0 Zelen\u00fd \u010daj \u2013 podporuje koncentr\u00e1ciu, u\u010denie, funkciu u\u0161\u00ed \u010cirna r\u00edbez\u013ea list &#8211; celkovo podporuje organizmus Rozmar\u00edn list \u2013 podporuje prekrvenie mozgu, pam\u00e4\u0165, srdce, hladinu cholesterolu M\u00e4ta v\u0148a\u0165 \u2013 podporuje relax\u00e1ciu Poh\u00e1nka v\u0148a\u0165 \u2013 podporuje cievny syst\u00e9m Prasli\u010dka<\/p>\n","protected":false},"featured_media":1887,"comment_status":"open","ping_status":"closed","template":"","meta":[],"_links":{"self":[{"href":"http:\/\/cajovnajasminka.sk\/index.php?rest_route=\/wp\/v2\/product\/144"}],"collection":[{"href":"http:\/\/cajovnajasminka.sk\/index.php?rest_route=\/wp\/v2\/product"}],"about":[{"href":"http:\/\/cajovnajasminka.sk\/index.php?rest_route=\/wp\/v2\/types\/product"}],"replies":[{"embeddable":true,"href":"http:\/\/cajovnajasminka.sk\/index.php?rest_route=%2Fwp%2Fv2%2Fcomments&post=144"}],"wp:featuredmedia":[{"embeddable":true,"href":"http:\/\/cajovnajasminka.sk\/index.php?rest_route=\/wp\/v2\/media\/1887"}],"wp:attachment":[{"href":"http:\/\/cajovnajasminka.sk\/index.php?rest_route=%2Fwp%2Fv2%2Fmedia&parent=144"}],"curies":[{"name":"wp","href":"https:\/\/api.w.org\/{rel}","templated":true}]}}