{"id":1425,"date":"2018-02-09T12:49:05","date_gmt":"2018-02-09T11:49:05","guid":{"rendered":"http:\/\/cajovnajasminka.sk\/?post_type=product&#038;p=1425"},"modified":"2018-02-09T12:58:50","modified_gmt":"2018-02-09T11:58:50","slug":"skleneny-svietnik-mliecny","status":"publish","type":"product","link":"http:\/\/cajovnajasminka.sk\/?product=skleneny-svietnik-mliecny","title":{"rendered":"Sklenen\u00fd svietnik mlie\u010dny"},"content":{"rendered":"<p>Sklenen\u00e1 \u0161tvorcov\u00e1 podlo\u017eka pod svie\u010dku vhodn\u00e1 na dekora\u010dn\u00e9 \u00fa\u010dely m\u00e1 aj praktick\u00e9 vyu\u017eitie a chr\u00e1ni materi\u00e1ly pred kvapkaj\u00facim voskom. Vhodn\u00e1 na svie\u010dku do priemeru 4,5 cm a s kruhov\u00fdm aj \u0161tvorcov\u00fdm p\u00f4dorysom.<\/p>\n<p><strong>Rozmery :<\/strong> 11&#215;11 cm<br \/>\n<strong>Farba :<\/strong> mlie\u010dna<br \/>\n<strong>Materi\u00e1l :<\/strong>\u00a0mlie\u010dne sklo<\/p>\n","protected":false},"excerpt":{"rendered":"<p><strong>Podlo\u017eka pod svie\u010dku z mlie\u010dneho skla<\/strong><\/p>\n","protected":false},"featured_media":1427,"comment_status":"closed","ping_status":"closed","template":"","meta":[],"_links":{"self":[{"href":"http:\/\/cajovnajasminka.sk\/index.php?rest_route=\/wp\/v2\/product\/1425"}],"collection":[{"href":"http:\/\/cajovnajasminka.sk\/index.php?rest_route=\/wp\/v2\/product"}],"about":[{"href":"http:\/\/cajovnajasminka.sk\/index.php?rest_route=\/wp\/v2\/types\/product"}],"replies":[{"embeddable":true,"href":"http:\/\/cajovnajasminka.sk\/index.php?rest_route=%2Fwp%2Fv2%2Fcomments&post=1425"}],"wp:featuredmedia":[{"embeddable":true,"href":"http:\/\/cajovnajasminka.sk\/index.php?rest_route=\/wp\/v2\/media\/1427"}],"wp:attachment":[{"href":"http:\/\/cajovnajasminka.sk\/index.php?rest_route=%2Fwp%2Fv2%2Fmedia&parent=1425"}],"curies":[{"name":"wp","href":"https:\/\/api.w.org\/{rel}","templated":true}]}}