{"id":1420,"date":"2018-02-09T12:38:20","date_gmt":"2018-02-09T11:38:20","guid":{"rendered":"http:\/\/cajovnajasminka.sk\/?post_type=product&#038;p=1420"},"modified":"2018-02-09T12:45:36","modified_gmt":"2018-02-09T11:45:36","slug":"skleneny-svietnik-sedy","status":"publish","type":"product","link":"http:\/\/cajovnajasminka.sk\/?product=skleneny-svietnik-sedy","title":{"rendered":"Sklenen\u00fd svietnik \u0161ed\u00fd"},"content":{"rendered":"<p>Sklenen\u00e1 \u0161tvorcov\u00e1 podlo\u017eka pod svie\u010dku vhodn\u00e1 na dekora\u010dn\u00e9 \u00fa\u010dely m\u00e1 aj praktick\u00e9 vyu\u017eitie a chr\u00e1ni materi\u00e1ly pred kvapkaj\u00facim voskom. Vhodn\u00e1 na svie\u010dku do priemeru 6 cm a s kruhov\u00fdm aj \u0161tvorcov\u00fdm p\u00f4dorysom.<\/p>\n<p><strong>Rozmery :<\/strong> 11&#215;11 cm<br \/>\n<strong>Farba :<\/strong> \u0161ed\u00e1, bez dekor\u00e1cie<br \/>\n<strong>Materi\u00e1l :<\/strong> Sklo<\/p>\n","protected":false},"excerpt":{"rendered":"<p><strong>Sklenen\u00e1 \u0161ed\u00e1 podlo\u017eka pod svie\u010dku<\/strong><\/p>\n","protected":false},"featured_media":1423,"comment_status":"closed","ping_status":"closed","template":"","meta":[],"_links":{"self":[{"href":"http:\/\/cajovnajasminka.sk\/index.php?rest_route=\/wp\/v2\/product\/1420"}],"collection":[{"href":"http:\/\/cajovnajasminka.sk\/index.php?rest_route=\/wp\/v2\/product"}],"about":[{"href":"http:\/\/cajovnajasminka.sk\/index.php?rest_route=\/wp\/v2\/types\/product"}],"replies":[{"embeddable":true,"href":"http:\/\/cajovnajasminka.sk\/index.php?rest_route=%2Fwp%2Fv2%2Fcomments&post=1420"}],"wp:featuredmedia":[{"embeddable":true,"href":"http:\/\/cajovnajasminka.sk\/index.php?rest_route=\/wp\/v2\/media\/1423"}],"wp:attachment":[{"href":"http:\/\/cajovnajasminka.sk\/index.php?rest_route=%2Fwp%2Fv2%2Fmedia&parent=1420"}],"curies":[{"name":"wp","href":"https:\/\/api.w.org\/{rel}","templated":true}]}}