{"id":1414,"date":"2018-02-08T21:58:30","date_gmt":"2018-02-08T20:58:30","guid":{"rendered":"http:\/\/cajovnajasminka.sk\/?post_type=product&#038;p=1414"},"modified":"2018-02-08T22:08:34","modified_gmt":"2018-02-08T21:08:34","slug":"skleneny-cajnik","status":"publish","type":"product","link":"http:\/\/cajovnajasminka.sk\/?product=skleneny-cajnik","title":{"rendered":"Sklenen\u00fd \u010dajn\u00edk"},"content":{"rendered":"<p>Sklenen\u00fd \u010dajn\u00edk vynik\u00e1 profesion\u00e1lnym spracovan\u00edm, \u010distotou a vysokou odolnos\u0165ou vo\u010di teplote. Je vhodn\u00fd na viacn\u00e1levov\u00fa pr\u00edpravu \u010dajov, na zalievanie \u010dajov s kr\u00e1snym listom a viazan\u00fdch umeleck\u00fdch \u010dajov, ktor\u00e9 sa po\u010das l\u00fahovania rozv\u00edjaj\u00fa do kr\u00e1snych tvarov.<\/p>\n<p><strong>Materi\u00e1l :<\/strong> Sklo<br \/>\n<strong>Objem :<\/strong> 0,6 L<\/p>\n","protected":false},"excerpt":{"rendered":"<p><strong>Objem : 0,6 L\u00a0<\/strong><\/p>\n","protected":false},"featured_media":1416,"comment_status":"closed","ping_status":"closed","template":"","meta":[],"_links":{"self":[{"href":"http:\/\/cajovnajasminka.sk\/index.php?rest_route=\/wp\/v2\/product\/1414"}],"collection":[{"href":"http:\/\/cajovnajasminka.sk\/index.php?rest_route=\/wp\/v2\/product"}],"about":[{"href":"http:\/\/cajovnajasminka.sk\/index.php?rest_route=\/wp\/v2\/types\/product"}],"replies":[{"embeddable":true,"href":"http:\/\/cajovnajasminka.sk\/index.php?rest_route=%2Fwp%2Fv2%2Fcomments&post=1414"}],"wp:featuredmedia":[{"embeddable":true,"href":"http:\/\/cajovnajasminka.sk\/index.php?rest_route=\/wp\/v2\/media\/1416"}],"wp:attachment":[{"href":"http:\/\/cajovnajasminka.sk\/index.php?rest_route=%2Fwp%2Fv2%2Fmedia&parent=1414"}],"curies":[{"name":"wp","href":"https:\/\/api.w.org\/{rel}","templated":true}]}}