{"id":1410,"date":"2018-02-08T21:40:16","date_gmt":"2018-02-08T20:40:16","guid":{"rendered":"http:\/\/cajovnajasminka.sk\/?post_type=product&#038;p=1410"},"modified":"2018-02-08T22:11:03","modified_gmt":"2018-02-08T21:11:03","slug":"bambusova-podsalka","status":"publish","type":"product","link":"http:\/\/cajovnajasminka.sk\/?product=bambusova-podsalka","title":{"rendered":"Bambusov\u00e1 pod\u0161\u00e1lka"},"content":{"rendered":"<p>Kr\u00e1sna ale hlavne praktick\u00e1 bambusov\u00e1 podlo\u017eka sa hod\u00ed do ka\u017edej dom\u00e1cnosti. Polo\u017ei\u0165 si na \u0148u m\u00f4\u017eete \u0161\u00e1lku alebo \u010dajn\u00edk, o\u010dar\u00ed svojim prirodzen\u00fdm pr\u00edrodn\u00fdm vzh\u013eadom.<\/p>\n<p><strong>Rozmery :<\/strong> 10&#215;10 cm<\/p>\n","protected":false},"excerpt":{"rendered":"<p>Pr\u00edrodn\u00fd materi\u00e1l<\/p>\n","protected":false},"featured_media":1413,"comment_status":"closed","ping_status":"closed","template":"","meta":[],"_links":{"self":[{"href":"http:\/\/cajovnajasminka.sk\/index.php?rest_route=\/wp\/v2\/product\/1410"}],"collection":[{"href":"http:\/\/cajovnajasminka.sk\/index.php?rest_route=\/wp\/v2\/product"}],"about":[{"href":"http:\/\/cajovnajasminka.sk\/index.php?rest_route=\/wp\/v2\/types\/product"}],"replies":[{"embeddable":true,"href":"http:\/\/cajovnajasminka.sk\/index.php?rest_route=%2Fwp%2Fv2%2Fcomments&post=1410"}],"wp:featuredmedia":[{"embeddable":true,"href":"http:\/\/cajovnajasminka.sk\/index.php?rest_route=\/wp\/v2\/media\/1413"}],"wp:attachment":[{"href":"http:\/\/cajovnajasminka.sk\/index.php?rest_route=%2Fwp%2Fv2%2Fmedia&parent=1410"}],"curies":[{"name":"wp","href":"https:\/\/api.w.org\/{rel}","templated":true}]}}