{"id":1397,"date":"2018-02-08T11:20:30","date_gmt":"2018-02-08T10:20:30","guid":{"rendered":"http:\/\/cajovnajasminka.sk\/?post_type=product&#038;p=1397"},"modified":"2018-02-08T20:56:42","modified_gmt":"2018-02-08T19:56:42","slug":"hrncek-s-hnedymi-kvietkami-madeira","status":"publish","type":"product","link":"http:\/\/cajovnajasminka.sk\/?product=hrncek-s-hnedymi-kvietkami-madeira","title":{"rendered":"Hrn\u010dek hned\u00fd Madeira"},"content":{"rendered":"<p>Hrn\u010dek na dobr\u00fd \u010daj\u00edk alebo aj ako dekor\u00e1cia v tradi\u010dnom zagu\u013eatenom tvare dekorovan\u00fd hned\u00fdmi kvetinkami.<\/p>\n<p><strong>Objem :<\/strong> 450 ml<br \/>\n<strong>Materi\u00e1l :\u00a0<\/strong>keramika<\/p>\n","protected":false},"excerpt":{"rendered":"<p>Objem : 450 ml<\/p>\n","protected":false},"featured_media":1399,"comment_status":"closed","ping_status":"closed","template":"","meta":[],"_links":{"self":[{"href":"http:\/\/cajovnajasminka.sk\/index.php?rest_route=\/wp\/v2\/product\/1397"}],"collection":[{"href":"http:\/\/cajovnajasminka.sk\/index.php?rest_route=\/wp\/v2\/product"}],"about":[{"href":"http:\/\/cajovnajasminka.sk\/index.php?rest_route=\/wp\/v2\/types\/product"}],"replies":[{"embeddable":true,"href":"http:\/\/cajovnajasminka.sk\/index.php?rest_route=%2Fwp%2Fv2%2Fcomments&post=1397"}],"wp:featuredmedia":[{"embeddable":true,"href":"http:\/\/cajovnajasminka.sk\/index.php?rest_route=\/wp\/v2\/media\/1399"}],"wp:attachment":[{"href":"http:\/\/cajovnajasminka.sk\/index.php?rest_route=%2Fwp%2Fv2%2Fmedia&parent=1397"}],"curies":[{"name":"wp","href":"https:\/\/api.w.org\/{rel}","templated":true}]}}