{"id":139,"date":"2017-04-29T21:54:38","date_gmt":"2017-04-29T19:54:38","guid":{"rendered":"http:\/\/cajovnajasminka.sk\/?product=anti-mls-bylinny-caj-sypany"},"modified":"2023-02-15T11:15:23","modified_gmt":"2023-02-15T10:15:23","slug":"anti-mls-bylinny-caj-sypany","status":"publish","type":"product","link":"http:\/\/cajovnajasminka.sk\/?product=anti-mls-bylinny-caj-sypany","title":{"rendered":"Antimls-Bylinn\u00fd \u010daj sypan\u00fd"},"content":{"rendered":"<p>\u010cesk\u00fd kvalitn\u00fd sypan\u00fd bylinn\u00fd \u010daj zostavovan\u00fd pod\u013ea origin\u00e1lnej recept\u00fary, chr\u00e1nen\u00fd ochrannou zn\u00e1mkou, ur\u010den\u00fd na konkr\u00e9tny probl\u00e9m.<\/p>\n<p><strong>Zlo\u017eenie :\u00a0<\/strong><\/p>\n<p><strong>\u010cierna r\u00edbez\u013ea list<\/strong> \u2013 podporuje \u00fabytok na v\u00e1he, normalizuje chu\u0165 k\u00a0jedlu<br \/>\n<strong>\u013dan semeno<\/strong> \u2013 zni\u017euje chu\u0165 k jedlu<br \/>\n<strong>Lipkavec\u00a0v\u0148a\u0165<\/strong> \u2013 podporuje lymfatick\u00fd syst\u00e9m<br \/>\n<strong>Kukurica blizny<\/strong> \u2013podporuje obli\u010dky<\/p>\n<p><strong>Gram\u00e1\u017e : 50 g\u00a0<\/strong><\/p>\n","protected":false},"excerpt":{"rendered":"<p>\u010cesk\u00fd kvalitn\u00fd sypan\u00fd bylinn\u00fd \u010daj zostavovan\u00fd pod\u013ea origin\u00e1lnej recept\u00fary, chr\u00e1nen\u00fd ochrannou zn\u00e1mkou, ur\u010den\u00fd na konkr\u00e9tny probl\u00e9m. Zlo\u017eenie :\u00a0 \u010cierna r\u00edbez\u013ea list \u2013 podporuje \u00fabytok na v\u00e1he, normalizuje chu\u0165 k\u00a0jedlu \u013dan semeno \u2013 zni\u017euje chu\u0165 k jedlu Lipkavec\u00a0v\u0148a\u0165 \u2013 podporuje lymfatick\u00fd syst\u00e9m Kukurica blizny \u2013podporuje obli\u010dky Gram\u00e1\u017e : 50 g\u00a0<\/p>\n","protected":false},"featured_media":1886,"comment_status":"open","ping_status":"closed","template":"","meta":[],"_links":{"self":[{"href":"http:\/\/cajovnajasminka.sk\/index.php?rest_route=\/wp\/v2\/product\/139"}],"collection":[{"href":"http:\/\/cajovnajasminka.sk\/index.php?rest_route=\/wp\/v2\/product"}],"about":[{"href":"http:\/\/cajovnajasminka.sk\/index.php?rest_route=\/wp\/v2\/types\/product"}],"replies":[{"embeddable":true,"href":"http:\/\/cajovnajasminka.sk\/index.php?rest_route=%2Fwp%2Fv2%2Fcomments&post=139"}],"wp:featuredmedia":[{"embeddable":true,"href":"http:\/\/cajovnajasminka.sk\/index.php?rest_route=\/wp\/v2\/media\/1886"}],"wp:attachment":[{"href":"http:\/\/cajovnajasminka.sk\/index.php?rest_route=%2Fwp%2Fv2%2Fmedia&parent=139"}],"curies":[{"name":"wp","href":"https:\/\/api.w.org\/{rel}","templated":true}]}}