{"id":1377,"date":"2018-02-07T14:55:06","date_gmt":"2018-02-07T13:55:06","guid":{"rendered":"http:\/\/cajovnajasminka.sk\/?post_type=product&#038;p=1377"},"modified":"2018-02-08T20:57:11","modified_gmt":"2018-02-08T19:57:11","slug":"hrncek-s-modrymi-kvietkami-madeira","status":"publish","type":"product","link":"http:\/\/cajovnajasminka.sk\/?product=hrncek-s-modrymi-kvietkami-madeira","title":{"rendered":"Hrn\u010dek modr\u00fd Madeira"},"content":{"rendered":"<p>Hrn\u010dek na dobr\u00fd \u010daj\u00edk alebo aj ako dekor\u00e1cia v tradi\u010dnom zagu\u013eatenom tvare dekorovan\u00fd modr\u00fdmi kvetinkami.<\/p>\n<p><strong>Objem :<\/strong> 450 ml<br \/>\n<strong>Materi\u00e1l :\u00a0<\/strong>keramika<\/p>\n","protected":false},"excerpt":{"rendered":"<p>Objem : 450 ml<\/p>\n","protected":false},"featured_media":1396,"comment_status":"closed","ping_status":"closed","template":"","meta":[],"_links":{"self":[{"href":"http:\/\/cajovnajasminka.sk\/index.php?rest_route=\/wp\/v2\/product\/1377"}],"collection":[{"href":"http:\/\/cajovnajasminka.sk\/index.php?rest_route=\/wp\/v2\/product"}],"about":[{"href":"http:\/\/cajovnajasminka.sk\/index.php?rest_route=\/wp\/v2\/types\/product"}],"replies":[{"embeddable":true,"href":"http:\/\/cajovnajasminka.sk\/index.php?rest_route=%2Fwp%2Fv2%2Fcomments&post=1377"}],"wp:featuredmedia":[{"embeddable":true,"href":"http:\/\/cajovnajasminka.sk\/index.php?rest_route=\/wp\/v2\/media\/1396"}],"wp:attachment":[{"href":"http:\/\/cajovnajasminka.sk\/index.php?rest_route=%2Fwp%2Fv2%2Fmedia&parent=1377"}],"curies":[{"name":"wp","href":"https:\/\/api.w.org\/{rel}","templated":true}]}}