{"id":1376,"date":"2018-02-07T14:55:03","date_gmt":"2018-02-07T13:55:03","guid":{"rendered":"http:\/\/cajovnajasminka.sk\/?post_type=product&#038;p=1376"},"modified":"2018-02-08T21:09:42","modified_gmt":"2018-02-08T20:09:42","slug":"salka-cajovy-listok","status":"publish","type":"product","link":"http:\/\/cajovnajasminka.sk\/?product=salka-cajovy-listok","title":{"rendered":"\u0160\u00e1lka \u010dajov\u00fd l\u00edstok"},"content":{"rendered":"<p>Objavte k\u00fazlo \u00fa\u017easn\u00e9ho zelen\u00e9ho hrn\u010deka so vzorom zlat\u00e9ho \u010dajov\u00e9ho l\u00edstku, z ktor\u00e9ho sa pitia \u010daju stane ob\u013e\u00faben\u00fdm ritu\u00e1lom.<\/p>\n<p><strong>Objem :<\/strong> 300 ml<br \/>\n<strong>Materi\u00e1l :\u00a0<\/strong>Porcel\u00e1n<\/p>\n","protected":false},"excerpt":{"rendered":"<p><strong>Objem : 300 ml<\/strong><\/p>\n","protected":false},"featured_media":1392,"comment_status":"closed","ping_status":"closed","template":"","meta":[],"_links":{"self":[{"href":"http:\/\/cajovnajasminka.sk\/index.php?rest_route=\/wp\/v2\/product\/1376"}],"collection":[{"href":"http:\/\/cajovnajasminka.sk\/index.php?rest_route=\/wp\/v2\/product"}],"about":[{"href":"http:\/\/cajovnajasminka.sk\/index.php?rest_route=\/wp\/v2\/types\/product"}],"replies":[{"embeddable":true,"href":"http:\/\/cajovnajasminka.sk\/index.php?rest_route=%2Fwp%2Fv2%2Fcomments&post=1376"}],"wp:featuredmedia":[{"embeddable":true,"href":"http:\/\/cajovnajasminka.sk\/index.php?rest_route=\/wp\/v2\/media\/1392"}],"wp:attachment":[{"href":"http:\/\/cajovnajasminka.sk\/index.php?rest_route=%2Fwp%2Fv2%2Fmedia&parent=1376"}],"curies":[{"name":"wp","href":"https:\/\/api.w.org\/{rel}","templated":true}]}}