{"id":135,"date":"2017-04-29T21:37:36","date_gmt":"2017-04-29T19:37:36","guid":{"rendered":"http:\/\/cajovnajasminka.sk\/?product=anemik-bylinny-caj-sypany"},"modified":"2023-02-15T11:16:01","modified_gmt":"2023-02-15T10:16:01","slug":"anemik-bylinny-caj-sypany","status":"publish","type":"product","link":"http:\/\/cajovnajasminka.sk\/?product=anemik-bylinny-caj-sypany","title":{"rendered":"Anemik plus-Bylinn\u00fd \u010daj sypan\u00fd"},"content":{"rendered":"<p>\u010cesk\u00fd kvalitn\u00fd sypan\u00fd bylinn\u00fd \u010daj zostavovan\u00fd pod\u013ea origin\u00e1lnej recept\u00fary, chr\u00e1nen\u00fd ochrannou zn\u00e1mkou, ur\u010den\u00fd na konkr\u00e9tny probl\u00e9m.<\/p>\n<p><strong>Zlo\u017eenie :\u00a0<\/strong><\/p>\n<p><strong>\u017dih\u013eava v\u0148a\u0165<\/strong> \u2013 obsahuje <strong>miner\u00e1ly, najm\u00e4 pr\u00edrodn\u00e9 \u017eelezo<\/strong>, podporuje norm\u00e1lny stav ciev, kardiovaskul\u00e1rny syst\u00e9m, prirodzen\u00fa men\u0161tru\u00e1ciu, <strong>celkov\u00fa vitalitu<\/strong><br \/>\n<strong>Repa \u010derven\u00e1 kore\u0148<\/strong>\u00a0\u2013 obsahuje <strong>pr\u00edrodn\u00e9 \u017eelezo a vitam\u00edn C<br \/>\n<\/strong><strong>Konopnica<br \/>\n<\/strong><strong>Stavikrv\u00a0had\u00ed kore\u0148<\/strong><\/p>\n<p><strong>Gram\u00e1\u017e : 50 g\u00a0<\/strong><\/p>\n","protected":false},"excerpt":{"rendered":"<p>\u010cesk\u00fd kvalitn\u00fd sypan\u00fd bylinn\u00fd \u010daj zostavovan\u00fd pod\u013ea origin\u00e1lnej recept\u00fary, chr\u00e1nen\u00fd ochrannou zn\u00e1mkou, ur\u010den\u00fd na konkr\u00e9tny probl\u00e9m. Zlo\u017eenie :\u00a0 \u017dih\u013eava v\u0148a\u0165 \u2013 obsahuje miner\u00e1ly, najm\u00e4 pr\u00edrodn\u00e9 \u017eelezo, podporuje norm\u00e1lny stav ciev, kardiovaskul\u00e1rny syst\u00e9m, prirodzen\u00fa men\u0161tru\u00e1ciu, celkov\u00fa vitalitu Repa \u010derven\u00e1 kore\u0148\u00a0\u2013 obsahuje pr\u00edrodn\u00e9 \u017eelezo a vitam\u00edn C Konopnica Stavikrv\u00a0had\u00ed kore\u0148 Gram\u00e1\u017e : 50 g\u00a0<\/p>\n","protected":false},"featured_media":1881,"comment_status":"open","ping_status":"closed","template":"","meta":[],"_links":{"self":[{"href":"http:\/\/cajovnajasminka.sk\/index.php?rest_route=\/wp\/v2\/product\/135"}],"collection":[{"href":"http:\/\/cajovnajasminka.sk\/index.php?rest_route=\/wp\/v2\/product"}],"about":[{"href":"http:\/\/cajovnajasminka.sk\/index.php?rest_route=\/wp\/v2\/types\/product"}],"replies":[{"embeddable":true,"href":"http:\/\/cajovnajasminka.sk\/index.php?rest_route=%2Fwp%2Fv2%2Fcomments&post=135"}],"wp:featuredmedia":[{"embeddable":true,"href":"http:\/\/cajovnajasminka.sk\/index.php?rest_route=\/wp\/v2\/media\/1881"}],"wp:attachment":[{"href":"http:\/\/cajovnajasminka.sk\/index.php?rest_route=%2Fwp%2Fv2%2Fmedia&parent=135"}],"curies":[{"name":"wp","href":"https:\/\/api.w.org\/{rel}","templated":true}]}}