{"id":1344,"date":"2018-02-05T11:41:11","date_gmt":"2018-02-05T10:41:11","guid":{"rendered":"http:\/\/cajovnajasminka.sk\/?post_type=product&#038;p=1344"},"modified":"2018-02-05T12:05:49","modified_gmt":"2018-02-05T11:05:49","slug":"lubkina-kucharska-kniha-lubka-balazova","status":"publish","type":"product","link":"http:\/\/cajovnajasminka.sk\/?product=lubkina-kucharska-kniha-lubka-balazova","title":{"rendered":"\u013dubkina kuch\u00e1rska kniha &#8211; \u013dubka Bal\u00e1\u017eov\u00e1"},"content":{"rendered":"<p><strong>Pre rados\u0165 z jedla, pre rados\u0165 zo \u017eivota<\/strong><\/p>\n<p><strong>\u013dubka Bal\u00e1\u017eov\u00e1\u00a0<\/strong>( 1971 \u00a0) Je odborn\u00ed\u010dka na v\u00fd\u017eivu, majite\u013eka bio obchodu \u013dubka &#8211; potraviny pre zdravie. Predn\u00e1\u0161ka v oblasti v\u00fd\u017eivy, realizuje kurzy varenia a je zakladate\u013ekou ob\u010dianskeho zdru\u017eenia S chu\u0165ou do \u017eivota, ktor\u00e9 dennodene dokazuje nov\u00fdm \u013eu\u010fom, \u017ee zdravie vie by\u0165 chutn\u00e9. Po zdravotn\u00fdch probl\u00e9moch, s ktor\u00fdmi si be\u017en\u00e1 medic\u00edna nevedela da\u0165 rady zobrala zdravie do vlastn\u00fdch r\u00fak. Pre\u0161la delenou stravou, bola vegetar\u00ed\u00e1n, veg\u00e1n, stravovala sa pod\u013ea krvn\u00fdch skup\u00edn, makrobioticky, spozn\u00e1vala ayurv\u00e9du, pok\u00fa\u0161ala sa o surov\u00fa stravu a r\u00f4zne &#8222;hybridy&#8220; t\u00fdchto smerov. V\u0161etko to boli cenn\u00e9 sk\u00fasenosti, ktor\u00e9 teraz pos\u00fava \u010falej t\u00fdm, ktor\u00ed maj\u00fa z\u00e1ujem. var\u00ed intuit\u00edvne a realizuje kurzy, kde \u013eud\u00ed u\u010d\u00ed vari\u0165 chutne a s chu\u0165ou. Rob\u00ed v\u00fd\u017eivov\u00e9 poradenstvo, konzult\u00e1cie a predn\u00e1\u0161ky o zdravej strave pre v\u0161etky vekov\u00e9 kateg\u00f3rie. Rados\u0165 z dobr\u00e9ho jedla je jej \u017eivot.<\/p>\n","protected":false},"excerpt":{"rendered":"<p><strong>Pre rados\u0165 z jedla, pre rados\u0165 zo \u017eivota<\/strong><\/p>\n","protected":false},"featured_media":1345,"comment_status":"closed","ping_status":"closed","template":"","meta":[],"_links":{"self":[{"href":"http:\/\/cajovnajasminka.sk\/index.php?rest_route=\/wp\/v2\/product\/1344"}],"collection":[{"href":"http:\/\/cajovnajasminka.sk\/index.php?rest_route=\/wp\/v2\/product"}],"about":[{"href":"http:\/\/cajovnajasminka.sk\/index.php?rest_route=\/wp\/v2\/types\/product"}],"replies":[{"embeddable":true,"href":"http:\/\/cajovnajasminka.sk\/index.php?rest_route=%2Fwp%2Fv2%2Fcomments&post=1344"}],"wp:featuredmedia":[{"embeddable":true,"href":"http:\/\/cajovnajasminka.sk\/index.php?rest_route=\/wp\/v2\/media\/1345"}],"wp:attachment":[{"href":"http:\/\/cajovnajasminka.sk\/index.php?rest_route=%2Fwp%2Fv2%2Fmedia&parent=1344"}],"curies":[{"name":"wp","href":"https:\/\/api.w.org\/{rel}","templated":true}]}}