{"id":1338,"date":"2018-02-05T11:03:04","date_gmt":"2018-02-05T10:03:04","guid":{"rendered":"http:\/\/cajovnajasminka.sk\/?post_type=product&#038;p=1338"},"modified":"2018-02-05T11:40:05","modified_gmt":"2018-02-05T10:40:05","slug":"cesta-za-stastim-adam-sentpetery","status":"publish","type":"product","link":"http:\/\/cajovnajasminka.sk\/?product=cesta-za-stastim-adam-sentpetery","title":{"rendered":"Cesta za \u0161\u0165ast\u00edm &#8211; Adam Sentp\u00e9tery"},"content":{"rendered":"<p><b>Tam, kde pr\u00edbeh tejto knihy kon\u010d\u00ed, sa pr\u00e1ve za\u010d\u00edna ten v\u00e1\u0161<\/b><\/p>\n<p>Kniha, ktor\u00fa dr\u017e\u00edte v ruk\u00e1ch je skuto\u010dn\u00fdm pr\u00edbehom, ktor\u00fd formou cestopisu rozv\u00edja pr\u00edbeh o ceste za h\u013eadan\u00edm \u0161\u0165astia. Splnen\u00edm mlad\u00edckeho sna popisuje cestu za osobn\u00fdm \u0161\u0165ast\u00edm, zatia\u013e \u010do na pozad\u00ed sa v paralele odv\u00edja cesta k duchovn\u00e9mu poznaniu. Precitnut\u00edm je, \u017ee honbou za na\u0161imi snami, predstavami a prianiami ve\u013eakr\u00e1t prejdeme tis\u00edce kilometrov, aby sme nakoniec zistili, \u017ee osobn\u00e9 a duchovn\u00e9 \u0161\u0165astie s\u00fa vlastne jedno a to ist\u00e9. Ak si uvedom\u00edme t\u00fato skuto\u010dnos\u0165 pochop\u00edme aj to, \u017ee u\u017e nebude viac potrebn\u00e9 \u00eds\u0165 za pravdou tis\u00edce kilometrov. Jedin\u00e9 \u010do sta\u010d\u00ed je nazrie\u0165 p\u00e1r centimetrov do n\u00e1\u0161ho vn\u00fatra. Preto nech je t\u00e1to kniha aj pre v\u00e1s motiv\u00e1ciou, aby ste sa zastavili a na\u0161li si \u010das pre seba. Aby ste prestali h\u013eada\u0165 ne\u0161\u0165astie a na\u0161li si \u010das na h\u013eadanie vlastn\u00e9ho \u0161\u0165astia.<\/p>\n<p>&nbsp;<\/p>\n","protected":false},"excerpt":{"rendered":"<p><b>Tam, kde pr\u00edbeh tejto knihy kon\u010d\u00ed, sa pr\u00e1ve za\u010d\u00edna ten v\u00e1\u0161<\/b><\/p>\n","protected":false},"featured_media":1343,"comment_status":"closed","ping_status":"closed","template":"","meta":[],"_links":{"self":[{"href":"http:\/\/cajovnajasminka.sk\/index.php?rest_route=\/wp\/v2\/product\/1338"}],"collection":[{"href":"http:\/\/cajovnajasminka.sk\/index.php?rest_route=\/wp\/v2\/product"}],"about":[{"href":"http:\/\/cajovnajasminka.sk\/index.php?rest_route=\/wp\/v2\/types\/product"}],"replies":[{"embeddable":true,"href":"http:\/\/cajovnajasminka.sk\/index.php?rest_route=%2Fwp%2Fv2%2Fcomments&post=1338"}],"wp:featuredmedia":[{"embeddable":true,"href":"http:\/\/cajovnajasminka.sk\/index.php?rest_route=\/wp\/v2\/media\/1343"}],"wp:attachment":[{"href":"http:\/\/cajovnajasminka.sk\/index.php?rest_route=%2Fwp%2Fv2%2Fmedia&parent=1338"}],"curies":[{"name":"wp","href":"https:\/\/api.w.org\/{rel}","templated":true}]}}