{"id":1336,"date":"2018-02-05T11:03:01","date_gmt":"2018-02-05T10:03:01","guid":{"rendered":"http:\/\/cajovnajasminka.sk\/?post_type=product&#038;p=1336"},"modified":"2024-02-16T08:25:53","modified_gmt":"2024-02-16T07:25:53","slug":"samoliecebny-pud-stefan-zakutansky","status":"publish","type":"product","link":"http:\/\/cajovnajasminka.sk\/?product=samoliecebny-pud-stefan-zakutansky","title":{"rendered":"Samolie\u010debn\u00fd pud &#8211; \u0160tefan Zaku\u0165ansk\u00fd"},"content":{"rendered":"<p><strong>Samolie\u010dba z\u00e1palov\u00fdch ochoren\u00ed &#8211; d\u00fdchac\u00edch, intern\u00fdch, pohybov\u00fdch, alergick\u00fdch.\u00a0Najnov\u0161ia kniha autora \u00a0\u0160tefana Zaku\u0165ansk\u00e9ho, ktor\u00fd u\u017e vy\u0161e 20 rokov propaguje a u\u010d\u00ed tradi\u010dn\u00fa slovensk\u00fa smolie\u010diacu met\u00f3du. D\u00e1va ju op\u00e4\u0165 do povedomia \u013eud\u00ed. \u00da\u010d\u00ed ich n\u00e1vratu a vlastnej lie\u010dbe.. V\u00fdsledkom s\u00fa tis\u00edce vylie\u010den\u00fdch pr\u00edpadov, t\u00fdch ktor\u00ed sa lie\u010dili pod\u013ea jeho knihy sami.\u00a0<\/strong><\/p>\n<p><b>\u0160tefan Zaku\u0165ansk\u00fd (1958)<\/b> objavite\u013e samolie\u010debn\u00e9ho pudu, autor samolie\u010debnej met\u00f3dy, objavite\u013e zabudnutej slovenskej tradi\u010dnej medic\u00edny, objavite\u013e z\u00e1palov\u00fdch lo\u017e\u00edsk, objavite\u013e pr\u00edrodnej z\u00e1konitosti hojenia z\u00e1palu, dr\u017eite\u013e patentu na mas\u00e1\u017enu pom\u00f4cku pre h\u013abkov\u00fa mas\u00e1\u017e, lektor, lie\u010dite\u013e.<br \/>\nPoch\u00e1dza z obci Cige\u013eka okres Bardejov, odkia\u013e je zn\u00e1ma lie\u010div\u00e1 cige\u013esk\u00e1 voda. Bol nevylie\u010dite\u013en\u00fd pr\u00edpad. Mal chronick\u00e9 bolesti. H\u013eadal cestu ako sa vylie\u010di\u0165. \u0160tudoval medic\u00ednu ako samouk. Sk\u00famal a vylep\u0161oval doteraj\u0161ie medic\u00ednske a alternat\u00edvne sp\u00f4soby lie\u010dby, aby sa mohol vylie\u010di\u0165. Vedomosti, prax v tejto oblasti a kroky, ak\u00e9 v \u017eivote volil, ho doviedli k spr\u00e1vnym dver\u00e1m, za ktor\u00fdmi bol pre svet nezn\u00e1my pud.<\/p>\n<p>Od mali\u010dka ho viedla zvedavos\u0165, kreativita, talent a v neposlednom rade dlhoro\u010dn\u00e1 lie\u010debn\u00e1 prax s tis\u00edckami pacientov, od ktor\u00fdch m\u00e1l sp\u00e4tn\u00fa v\u00e4zbu. Predn\u00e1\u0161kov\u00fdm turn\u00e9 pre\u0161iel cel\u00e9 Slovensko (mest\u00e1 a dediny), od v\u00fdchodu po z\u00e1pad. Samolie\u010debn\u00fa met\u00f3du prezentoval aj v Austr\u00e1lii, Amerike a po z\u00e1padnej Eur\u00f3pe. Za tie roky mu pre\u0161lo rukami tis\u00edce pacientov, ktor\u00fdm pom\u00e1hal rie\u0161i\u0165 ich choroby a neduhy. P\u00e1n Zaku\u0165ansk\u00fd ako ved\u00faca osobnos\u0165 samolie\u010debnej met\u00f3dy, u\u017e vy\u0161e 20 rokov propaguje a u\u010d\u00ed slovensk\u00fa tradi\u010dn\u00fa met\u00f3du v celej jej \u0161\u00edrke &#8211; d\u00e1va ju op\u00e4\u0165 do povedomia \u013eud\u00ed. V\u00fdsledkom jeho vlo\u017eenej energie do u\u010denia \u013eud\u00ed, s\u00fa tis\u00edce vylie\u010den\u00fdch pr\u00edpadov, ktor\u00ed sa potom lie\u010dili pod\u013ea jeho knihy sami.<\/p>\n<p>Autor publik\u00e1ci\u00ed: \u201eAko si vylie\u010di\u0165 choroby d\u00fdchacieho \u00fastrojenstva\u201c (1992), \u201eJak si vyl\u00e9\u010dit nemoce d\u00fdchac\u00edho \u00fastroji\u201c (1992), \u201eSamovy\u0161etrenie, samolie\u010dba z\u00e1palov\u00fdch ochoren\u00ed\u201c (1993), roz\u0161\u00edren\u00e9 vydania \u201eSamolie\u010dba z\u00e1palov\u00fdch ochoren\u00ed\u201c (1995, 2000, 2011), \u201eSamolie\u010debn\u00fd pud \u2013 samolie\u010dba z\u00e1palov\u00fdch ochoren\u00ed\u201c (2014).<\/p>\n<p>&nbsp;<\/p>\n","protected":false},"excerpt":{"rendered":"<p><strong>samolie\u010debn\u00fd pud &#8211; samolie\u010dba z\u00e1palov\u00fdch ochoren\u00ed\u00a0<\/strong><\/p>\n","protected":false},"featured_media":1340,"comment_status":"closed","ping_status":"closed","template":"","meta":[],"_links":{"self":[{"href":"http:\/\/cajovnajasminka.sk\/index.php?rest_route=\/wp\/v2\/product\/1336"}],"collection":[{"href":"http:\/\/cajovnajasminka.sk\/index.php?rest_route=\/wp\/v2\/product"}],"about":[{"href":"http:\/\/cajovnajasminka.sk\/index.php?rest_route=\/wp\/v2\/types\/product"}],"replies":[{"embeddable":true,"href":"http:\/\/cajovnajasminka.sk\/index.php?rest_route=%2Fwp%2Fv2%2Fcomments&post=1336"}],"wp:featuredmedia":[{"embeddable":true,"href":"http:\/\/cajovnajasminka.sk\/index.php?rest_route=\/wp\/v2\/media\/1340"}],"wp:attachment":[{"href":"http:\/\/cajovnajasminka.sk\/index.php?rest_route=%2Fwp%2Fv2%2Fmedia&parent=1336"}],"curies":[{"name":"wp","href":"https:\/\/api.w.org\/{rel}","templated":true}]}}